{"id":159,"date":"2020-03-10T15:33:36","date_gmt":"2020-03-10T14:33:36","guid":{"rendered":"https:\/\/www.etoilesportivemontoise.fr\/batidadobrasil\/?page_id=159"},"modified":"2020-03-10T15:37:03","modified_gmt":"2020-03-10T14:37:03","slug":"tarifs","status":"publish","type":"page","link":"https:\/\/www.etoilesportivemontoise.fr\/batidadobrasil\/cours-de-danses-bresiliennes\/tarifs\/","title":{"rendered":"Tarifs"},"content":{"rendered":"<section class=\"wpb-content-wrapper\">[vc_row row_type=\u00a0\u00bbrow\u00a0\u00bb text_align=\u00a0\u00bbleft\u00a0\u00bb css_animation=\u00a0\u00bb\u00a0\u00bb][vc_column][vc_column_text]<strong>TARIFS<\/strong><\/p>\n<p>Adh\u00e9sion annuelle ESM : 20\u20ac<\/p>\n<p>Cours \u00e0 l&rsquo;ann\u00e9e 1 cours \/ semaine : 130\u20ac<\/p>\n<p>Cours au trimestre 1 cours \/ semaine : 50\u20ac<\/p>\n<p>Cours particulier sur demande.[\/vc_column_text][\/vc_column][\/vc_row][vc_row row_type=\u00a0\u00bbrow\u00a0\u00bb text_align=\u00a0\u00bbleft\u00a0\u00bb css_animation=\u00a0\u00bb\u00a0\u00bb][vc_column][vc_empty_space height=\u00a0\u00bb25px\u00a0\u00bb][\/vc_column][\/vc_row][vc_row row_type=\u00a0\u00bbrow\u00a0\u00bb text_align=\u00a0\u00bbleft\u00a0\u00bb css_animation=\u00a0\u00bb\u00a0\u00bb][vc_column][vc_column_text]Vous souhaitez vous glisser dans la peau d&rsquo;une danseuse br\u00e9silienne afin de surprendre votre futur mari et vos invit\u00e9s le jour J? Batida do Brasil vous propose de travailler une chor\u00e9graphie et de vous fournir un costume de danseuse pour la soir\u00e9e! Bien \u00e9videmment vous serez accompagn\u00e9e par les danseuses de Batida do Brasil! N&rsquo;h\u00e9sitez pas \u00e0 nous contacter pour plus d&rsquo;informations![\/vc_column_text][\/vc_column][\/vc_row]\n<\/section>","protected":false},"excerpt":{"rendered":"<p>[vc_row row_type=\u00a0\u00bbrow\u00a0\u00bb text_align=\u00a0\u00bbleft\u00a0\u00bb css_animation=\u00a0\u00bb\u00a0\u00bb][vc_column][vc_column_text]TARIFS Adh\u00e9sion annuelle ESM : 20\u20ac Cours \u00e0 l&rsquo;ann\u00e9e 1 cours \/ semaine : 130\u20ac Cours au trimestre 1 cours \/ semaine : 50\u20ac Cours particulier sur demande.[\/vc_column_text][\/vc_column][\/vc_row][vc_row row_type=\u00a0\u00bbrow\u00a0\u00bb text_align=\u00a0\u00bbleft\u00a0\u00bb css_animation=\u00a0\u00bb\u00a0\u00bb][vc_column][vc_empty_space height=\u00a0\u00bb25px\u00a0\u00bb][\/vc_column][\/vc_row][vc_row row_type=\u00a0\u00bbrow\u00a0\u00bb text_align=\u00a0\u00bbleft\u00a0\u00bb css_animation=\u00a0\u00bb\u00a0\u00bb][vc_column][vc_column_text]Vous souhaitez vous glisser dans la peau d&rsquo;une&#8230;<\/p>\n","protected":false},"author":37,"featured_media":0,"parent":48,"menu_order":2,"comment_status":"closed","ping_status":"closed","template":"","meta":{"footnotes":""},"class_list":["post-159","page","type-page","status-publish","hentry"],"yoast_head":"<!-- This site is optimized with the Yoast SEO plugin v27.3 - https:\/\/yoast.com\/product\/yoast-seo-wordpress\/ -->\n<title>Tarifs - ESM Batida do Brasil<\/title>\n<meta name=\"description\" content=\"ESM Batida do Brasil Tarifs cours de samba no p\u00e9 \u00e0 Mont de Marsan\" \/>\n<meta name=\"robots\" content=\"index, follow, max-snippet:-1, max-image-preview:large, max-video-preview:-1\" \/>\n<link rel=\"canonical\" href=\"https:\/\/www.etoilesportivemontoise.fr\/batidadobrasil\/cours-de-danses-bresiliennes\/tarifs\/\" \/>\n<meta property=\"og:locale\" content=\"fr_FR\" \/>\n<meta property=\"og:type\" content=\"article\" \/>\n<meta property=\"og:title\" content=\"Tarifs - ESM Batida do Brasil\" \/>\n<meta property=\"og:description\" content=\"ESM Batida do Brasil Tarifs cours de samba no p\u00e9 \u00e0 Mont de Marsan\" \/>\n<meta property=\"og:url\" content=\"https:\/\/www.etoilesportivemontoise.fr\/batidadobrasil\/cours-de-danses-bresiliennes\/tarifs\/\" \/>\n<meta property=\"og:site_name\" content=\"ESM Batida do Brasil\" \/>\n<meta property=\"article:modified_time\" content=\"2020-03-10T14:37:03+00:00\" \/>\n<meta name=\"twitter:card\" content=\"summary_large_image\" \/>\n<meta name=\"twitter:label1\" content=\"Dur\u00e9e de lecture estim\u00e9e\" \/>\n\t<meta name=\"twitter:data1\" content=\"1 minute\" \/>\n<script type=\"application\/ld+json\" class=\"yoast-schema-graph\">{\"@context\":\"https:\\\/\\\/schema.org\",\"@graph\":[{\"@type\":\"WebPage\",\"@id\":\"https:\\\/\\\/www.etoilesportivemontoise.fr\\\/batidadobrasil\\\/cours-de-danses-bresiliennes\\\/tarifs\\\/\",\"url\":\"https:\\\/\\\/www.etoilesportivemontoise.fr\\\/batidadobrasil\\\/cours-de-danses-bresiliennes\\\/tarifs\\\/\",\"name\":\"Tarifs - ESM Batida do Brasil\",\"isPartOf\":{\"@id\":\"https:\\\/\\\/www.etoilesportivemontoise.fr\\\/batidadobrasil\\\/#website\"},\"datePublished\":\"2020-03-10T14:33:36+00:00\",\"dateModified\":\"2020-03-10T14:37:03+00:00\",\"description\":\"ESM Batida do Brasil Tarifs cours de samba no p\u00e9 \u00e0 Mont de Marsan\",\"breadcrumb\":{\"@id\":\"https:\\\/\\\/www.etoilesportivemontoise.fr\\\/batidadobrasil\\\/cours-de-danses-bresiliennes\\\/tarifs\\\/#breadcrumb\"},\"inLanguage\":\"fr-FR\",\"potentialAction\":[{\"@type\":\"ReadAction\",\"target\":[\"https:\\\/\\\/www.etoilesportivemontoise.fr\\\/batidadobrasil\\\/cours-de-danses-bresiliennes\\\/tarifs\\\/\"]}]},{\"@type\":\"BreadcrumbList\",\"@id\":\"https:\\\/\\\/www.etoilesportivemontoise.fr\\\/batidadobrasil\\\/cours-de-danses-bresiliennes\\\/tarifs\\\/#breadcrumb\",\"itemListElement\":[{\"@type\":\"ListItem\",\"position\":1,\"name\":\"Accueil\",\"item\":\"https:\\\/\\\/www.etoilesportivemontoise.fr\\\/batidadobrasil\\\/\"},{\"@type\":\"ListItem\",\"position\":2,\"name\":\"Le club\",\"item\":\"https:\\\/\\\/www.etoilesportivemontoise.fr\\\/batidadobrasil\\\/cours-de-danses-bresiliennes\\\/\"},{\"@type\":\"ListItem\",\"position\":3,\"name\":\"Tarifs\"}]},{\"@type\":\"WebSite\",\"@id\":\"https:\\\/\\\/www.etoilesportivemontoise.fr\\\/batidadobrasil\\\/#website\",\"url\":\"https:\\\/\\\/www.etoilesportivemontoise.fr\\\/batidadobrasil\\\/\",\"name\":\"ESM Batida do Brasil\",\"description\":\"\",\"potentialAction\":[{\"@type\":\"SearchAction\",\"target\":{\"@type\":\"EntryPoint\",\"urlTemplate\":\"https:\\\/\\\/www.etoilesportivemontoise.fr\\\/batidadobrasil\\\/?s={search_term_string}\"},\"query-input\":{\"@type\":\"PropertyValueSpecification\",\"valueRequired\":true,\"valueName\":\"search_term_string\"}}],\"inLanguage\":\"fr-FR\"}]}<\/script>\n<!-- \/ Yoast SEO plugin. -->","yoast_head_json":{"title":"Tarifs - ESM Batida do Brasil","description":"ESM Batida do Brasil Tarifs cours de samba no p\u00e9 \u00e0 Mont de Marsan","robots":{"index":"index","follow":"follow","max-snippet":"max-snippet:-1","max-image-preview":"max-image-preview:large","max-video-preview":"max-video-preview:-1"},"canonical":"https:\/\/www.etoilesportivemontoise.fr\/batidadobrasil\/cours-de-danses-bresiliennes\/tarifs\/","og_locale":"fr_FR","og_type":"article","og_title":"Tarifs - ESM Batida do Brasil","og_description":"ESM Batida do Brasil Tarifs cours de samba no p\u00e9 \u00e0 Mont de Marsan","og_url":"https:\/\/www.etoilesportivemontoise.fr\/batidadobrasil\/cours-de-danses-bresiliennes\/tarifs\/","og_site_name":"ESM Batida do Brasil","article_modified_time":"2020-03-10T14:37:03+00:00","twitter_card":"summary_large_image","twitter_misc":{"Dur\u00e9e de lecture estim\u00e9e":"1 minute"},"schema":{"@context":"https:\/\/schema.org","@graph":[{"@type":"WebPage","@id":"https:\/\/www.etoilesportivemontoise.fr\/batidadobrasil\/cours-de-danses-bresiliennes\/tarifs\/","url":"https:\/\/www.etoilesportivemontoise.fr\/batidadobrasil\/cours-de-danses-bresiliennes\/tarifs\/","name":"Tarifs - ESM Batida do Brasil","isPartOf":{"@id":"https:\/\/www.etoilesportivemontoise.fr\/batidadobrasil\/#website"},"datePublished":"2020-03-10T14:33:36+00:00","dateModified":"2020-03-10T14:37:03+00:00","description":"ESM Batida do Brasil Tarifs cours de samba no p\u00e9 \u00e0 Mont de Marsan","breadcrumb":{"@id":"https:\/\/www.etoilesportivemontoise.fr\/batidadobrasil\/cours-de-danses-bresiliennes\/tarifs\/#breadcrumb"},"inLanguage":"fr-FR","potentialAction":[{"@type":"ReadAction","target":["https:\/\/www.etoilesportivemontoise.fr\/batidadobrasil\/cours-de-danses-bresiliennes\/tarifs\/"]}]},{"@type":"BreadcrumbList","@id":"https:\/\/www.etoilesportivemontoise.fr\/batidadobrasil\/cours-de-danses-bresiliennes\/tarifs\/#breadcrumb","itemListElement":[{"@type":"ListItem","position":1,"name":"Accueil","item":"https:\/\/www.etoilesportivemontoise.fr\/batidadobrasil\/"},{"@type":"ListItem","position":2,"name":"Le club","item":"https:\/\/www.etoilesportivemontoise.fr\/batidadobrasil\/cours-de-danses-bresiliennes\/"},{"@type":"ListItem","position":3,"name":"Tarifs"}]},{"@type":"WebSite","@id":"https:\/\/www.etoilesportivemontoise.fr\/batidadobrasil\/#website","url":"https:\/\/www.etoilesportivemontoise.fr\/batidadobrasil\/","name":"ESM Batida do Brasil","description":"","potentialAction":[{"@type":"SearchAction","target":{"@type":"EntryPoint","urlTemplate":"https:\/\/www.etoilesportivemontoise.fr\/batidadobrasil\/?s={search_term_string}"},"query-input":{"@type":"PropertyValueSpecification","valueRequired":true,"valueName":"search_term_string"}}],"inLanguage":"fr-FR"}]}},"_links":{"self":[{"href":"https:\/\/www.etoilesportivemontoise.fr\/batidadobrasil\/wp-json\/wp\/v2\/pages\/159","targetHints":{"allow":["GET"]}}],"collection":[{"href":"https:\/\/www.etoilesportivemontoise.fr\/batidadobrasil\/wp-json\/wp\/v2\/pages"}],"about":[{"href":"https:\/\/www.etoilesportivemontoise.fr\/batidadobrasil\/wp-json\/wp\/v2\/types\/page"}],"author":[{"embeddable":true,"href":"https:\/\/www.etoilesportivemontoise.fr\/batidadobrasil\/wp-json\/wp\/v2\/users\/37"}],"replies":[{"embeddable":true,"href":"https:\/\/www.etoilesportivemontoise.fr\/batidadobrasil\/wp-json\/wp\/v2\/comments?post=159"}],"version-history":[{"count":3,"href":"https:\/\/www.etoilesportivemontoise.fr\/batidadobrasil\/wp-json\/wp\/v2\/pages\/159\/revisions"}],"predecessor-version":[{"id":163,"href":"https:\/\/www.etoilesportivemontoise.fr\/batidadobrasil\/wp-json\/wp\/v2\/pages\/159\/revisions\/163"}],"up":[{"embeddable":true,"href":"https:\/\/www.etoilesportivemontoise.fr\/batidadobrasil\/wp-json\/wp\/v2\/pages\/48"}],"wp:attachment":[{"href":"https:\/\/www.etoilesportivemontoise.fr\/batidadobrasil\/wp-json\/wp\/v2\/media?parent=159"}],"curies":[{"name":"wp","href":"https:\/\/api.w.org\/{rel}","templated":true}]}}