{"id":3101,"date":"2015-01-05T17:27:26","date_gmt":"2015-01-05T16:27:26","guid":{"rendered":"http:\/\/www.etoilesportivemontoise.fr\/football\/?page_id=3101"},"modified":"2024-03-24T17:19:46","modified_gmt":"2024-03-24T17:19:46","slug":"documents-officiels","status":"publish","type":"page","link":"https:\/\/www.etoilesportivemontoise.fr\/escrime\/documents-officiels\/","title":{"rendered":"Documents officiels"},"content":{"rendered":"<section class=\"wpb-content-wrapper\">[vc_row row_type=\u00a0\u00bbrow\u00a0\u00bb type=\u00a0\u00bbgrid\u00a0\u00bb text_align=\u00a0\u00bbleft\u00a0\u00bb][vc_column width=\u00a0\u00bb1\/1&Prime;][vc_row_inner][vc_column_inner width=\u00a0\u00bb1\/2&Prime;]<a href=\"http:\/\/www.etoilesportivemontoise.fr\/content\/uploads\/sites\/4\/2015\/01\/R\u00e8glement-int\u00e9rieur-de-la-section-Escrime.pdf\" target=\"_blank\" class=\"qbutton medium normal\" style=\"\">R\u00e8glement int\u00e9rieur du club<\/a>[\/vc_column_inner][vc_column_inner width=\u00a0\u00bb1\/2&Prime;]<a href=\"http:\/\/www.etoilesportivemontoise.fr\/content\/uploads\/sites\/4\/2015\/01\/R\u00e8gles-g\u00e9n\u00e9rales-de-fonctionnement.pdf\" target=\"_blank\" class=\"qbutton medium normal\" style=\"\">R\u00e8glement g\u00e9n\u00e9ral de fonctionnement<\/a>[\/vc_column_inner][\/vc_row_inner][\/vc_column][\/vc_row]\n<\/section>","protected":false},"excerpt":{"rendered":"<p>[vc_row row_type=\u00a0\u00bbrow\u00a0\u00bb type=\u00a0\u00bbgrid\u00a0\u00bb text_align=\u00a0\u00bbleft\u00a0\u00bb][vc_column width=\u00a0\u00bb1\/1&Prime;][vc_row_inner][vc_column_inner width=\u00a0\u00bb1\/2&Prime;][\/vc_column_inner][vc_column_inner width=\u00a0\u00bb1\/2&Prime;][\/vc_column_inner][\/vc_row_inner][\/vc_column][\/vc_row]<\/p>\n","protected":false},"author":1,"featured_media":0,"parent":0,"menu_order":0,"comment_status":"closed","ping_status":"open","template":"","meta":{"footnotes":""},"class_list":["post-3101","page","type-page","status-publish","hentry"],"yoast_head":"<!-- This site is optimized with the Yoast SEO plugin v27.3 - https:\/\/yoast.com\/product\/yoast-seo-wordpress\/ -->\n<title>Documents officiels - ESM Escrime<\/title>\n<meta name=\"robots\" content=\"index, follow, max-snippet:-1, max-image-preview:large, max-video-preview:-1\" \/>\n<link rel=\"canonical\" href=\"https:\/\/www.etoilesportivemontoise.fr\/escrime\/documents-officiels\/\" \/>\n<meta property=\"og:locale\" content=\"fr_FR\" \/>\n<meta property=\"og:type\" content=\"article\" \/>\n<meta property=\"og:title\" content=\"Documents officiels - ESM Escrime\" \/>\n<meta property=\"og:description\" content=\"[vc_row row_type=\u00a0\u00bbrow\u00a0\u00bb type=\u00a0\u00bbgrid\u00a0\u00bb text_align=\u00a0\u00bbleft\u00a0\u00bb][vc_column width=\u00a0\u00bb1\/1&Prime;][vc_row_inner][vc_column_inner width=\u00a0\u00bb1\/2&Prime;][\/vc_column_inner][vc_column_inner width=\u00a0\u00bb1\/2&Prime;][\/vc_column_inner][\/vc_row_inner][\/vc_column][\/vc_row]\" \/>\n<meta property=\"og:url\" content=\"https:\/\/www.etoilesportivemontoise.fr\/escrime\/documents-officiels\/\" \/>\n<meta property=\"og:site_name\" content=\"ESM Escrime\" \/>\n<meta property=\"article:modified_time\" content=\"2024-03-24T17:19:46+00:00\" \/>\n<script type=\"application\/ld+json\" class=\"yoast-schema-graph\">{\"@context\":\"https:\\\/\\\/schema.org\",\"@graph\":[{\"@type\":\"WebPage\",\"@id\":\"https:\\\/\\\/www.etoilesportivemontoise.fr\\\/escrime\\\/documents-officiels\\\/\",\"url\":\"https:\\\/\\\/www.etoilesportivemontoise.fr\\\/escrime\\\/documents-officiels\\\/\",\"name\":\"Documents officiels - ESM Escrime\",\"isPartOf\":{\"@id\":\"https:\\\/\\\/www.etoilesportivemontoise.fr\\\/escrime\\\/#website\"},\"datePublished\":\"2015-01-05T16:27:26+00:00\",\"dateModified\":\"2024-03-24T17:19:46+00:00\",\"breadcrumb\":{\"@id\":\"https:\\\/\\\/www.etoilesportivemontoise.fr\\\/escrime\\\/documents-officiels\\\/#breadcrumb\"},\"inLanguage\":\"fr-FR\",\"potentialAction\":[{\"@type\":\"ReadAction\",\"target\":[\"https:\\\/\\\/www.etoilesportivemontoise.fr\\\/escrime\\\/documents-officiels\\\/\"]}]},{\"@type\":\"BreadcrumbList\",\"@id\":\"https:\\\/\\\/www.etoilesportivemontoise.fr\\\/escrime\\\/documents-officiels\\\/#breadcrumb\",\"itemListElement\":[{\"@type\":\"ListItem\",\"position\":1,\"name\":\"Accueil\",\"item\":\"https:\\\/\\\/www.etoilesportivemontoise.fr\\\/escrime\\\/\"},{\"@type\":\"ListItem\",\"position\":2,\"name\":\"Documents officiels\"}]},{\"@type\":\"WebSite\",\"@id\":\"https:\\\/\\\/www.etoilesportivemontoise.fr\\\/escrime\\\/#website\",\"url\":\"https:\\\/\\\/www.etoilesportivemontoise.fr\\\/escrime\\\/\",\"name\":\"ESM Escrime\",\"description\":\"Club Escrime Mont de Marsan\",\"potentialAction\":[{\"@type\":\"SearchAction\",\"target\":{\"@type\":\"EntryPoint\",\"urlTemplate\":\"https:\\\/\\\/www.etoilesportivemontoise.fr\\\/escrime\\\/?s={search_term_string}\"},\"query-input\":{\"@type\":\"PropertyValueSpecification\",\"valueRequired\":true,\"valueName\":\"search_term_string\"}}],\"inLanguage\":\"fr-FR\"}]}<\/script>\n<!-- \/ Yoast SEO plugin. -->","yoast_head_json":{"title":"Documents officiels - ESM Escrime","robots":{"index":"index","follow":"follow","max-snippet":"max-snippet:-1","max-image-preview":"max-image-preview:large","max-video-preview":"max-video-preview:-1"},"canonical":"https:\/\/www.etoilesportivemontoise.fr\/escrime\/documents-officiels\/","og_locale":"fr_FR","og_type":"article","og_title":"Documents officiels - ESM Escrime","og_description":"[vc_row row_type=\u00a0\u00bbrow\u00a0\u00bb type=\u00a0\u00bbgrid\u00a0\u00bb text_align=\u00a0\u00bbleft\u00a0\u00bb][vc_column width=\u00a0\u00bb1\/1&Prime;][vc_row_inner][vc_column_inner width=\u00a0\u00bb1\/2&Prime;][\/vc_column_inner][vc_column_inner width=\u00a0\u00bb1\/2&Prime;][\/vc_column_inner][\/vc_row_inner][\/vc_column][\/vc_row]","og_url":"https:\/\/www.etoilesportivemontoise.fr\/escrime\/documents-officiels\/","og_site_name":"ESM Escrime","article_modified_time":"2024-03-24T17:19:46+00:00","schema":{"@context":"https:\/\/schema.org","@graph":[{"@type":"WebPage","@id":"https:\/\/www.etoilesportivemontoise.fr\/escrime\/documents-officiels\/","url":"https:\/\/www.etoilesportivemontoise.fr\/escrime\/documents-officiels\/","name":"Documents officiels - ESM Escrime","isPartOf":{"@id":"https:\/\/www.etoilesportivemontoise.fr\/escrime\/#website"},"datePublished":"2015-01-05T16:27:26+00:00","dateModified":"2024-03-24T17:19:46+00:00","breadcrumb":{"@id":"https:\/\/www.etoilesportivemontoise.fr\/escrime\/documents-officiels\/#breadcrumb"},"inLanguage":"fr-FR","potentialAction":[{"@type":"ReadAction","target":["https:\/\/www.etoilesportivemontoise.fr\/escrime\/documents-officiels\/"]}]},{"@type":"BreadcrumbList","@id":"https:\/\/www.etoilesportivemontoise.fr\/escrime\/documents-officiels\/#breadcrumb","itemListElement":[{"@type":"ListItem","position":1,"name":"Accueil","item":"https:\/\/www.etoilesportivemontoise.fr\/escrime\/"},{"@type":"ListItem","position":2,"name":"Documents officiels"}]},{"@type":"WebSite","@id":"https:\/\/www.etoilesportivemontoise.fr\/escrime\/#website","url":"https:\/\/www.etoilesportivemontoise.fr\/escrime\/","name":"ESM Escrime","description":"Club Escrime Mont de Marsan","potentialAction":[{"@type":"SearchAction","target":{"@type":"EntryPoint","urlTemplate":"https:\/\/www.etoilesportivemontoise.fr\/escrime\/?s={search_term_string}"},"query-input":{"@type":"PropertyValueSpecification","valueRequired":true,"valueName":"search_term_string"}}],"inLanguage":"fr-FR"}]}},"_links":{"self":[{"href":"https:\/\/www.etoilesportivemontoise.fr\/escrime\/wp-json\/wp\/v2\/pages\/3101","targetHints":{"allow":["GET"]}}],"collection":[{"href":"https:\/\/www.etoilesportivemontoise.fr\/escrime\/wp-json\/wp\/v2\/pages"}],"about":[{"href":"https:\/\/www.etoilesportivemontoise.fr\/escrime\/wp-json\/wp\/v2\/types\/page"}],"author":[{"embeddable":true,"href":"https:\/\/www.etoilesportivemontoise.fr\/escrime\/wp-json\/wp\/v2\/users\/1"}],"replies":[{"embeddable":true,"href":"https:\/\/www.etoilesportivemontoise.fr\/escrime\/wp-json\/wp\/v2\/comments?post=3101"}],"version-history":[{"count":2,"href":"https:\/\/www.etoilesportivemontoise.fr\/escrime\/wp-json\/wp\/v2\/pages\/3101\/revisions"}],"predecessor-version":[{"id":3543,"href":"https:\/\/www.etoilesportivemontoise.fr\/escrime\/wp-json\/wp\/v2\/pages\/3101\/revisions\/3543"}],"wp:attachment":[{"href":"https:\/\/www.etoilesportivemontoise.fr\/escrime\/wp-json\/wp\/v2\/media?parent=3101"}],"curies":[{"name":"wp","href":"https:\/\/api.w.org\/{rel}","templated":true}]}}