{"id":1514,"date":"2013-10-16T12:55:44","date_gmt":"2013-10-16T11:55:44","guid":{"rendered":"http:\/\/demo.qodeinteractive.com\/subway\/?page_id=1514"},"modified":"2024-03-24T18:20:29","modified_gmt":"2024-03-24T17:20:29","slug":"contact","status":"publish","type":"page","link":"https:\/\/www.etoilesportivemontoise.fr\/football\/contact\/","title":{"rendered":"Nous contacter"},"content":{"rendered":"<section class=\"wpb-content-wrapper\">[vc_row row_type=\u00a0\u00bbrow\u00a0\u00bb text_align=\u00a0\u00bbleft\u00a0\u00bb css_animation=\u00a0\u00bb\u00a0\u00bb][vc_column][vc_raw_html]JTNDaWZyYW1lJTIwd2lkdGglM0QlMjIxMDI0cHglMjIlMjBoZWlnaHQlM0QlMjIzMDBweCUyMiUyMGZyYW1lQm9yZGVyJTNEJTIyMCUyMiUyMGFsbG93ZnVsbHNjcmVlbiUyMHNyYyUzRCUyMmh0dHAlM0ElMkYlMkZ1bWFwLm9wZW5zdHJlZXRtYXAuZnIlMkZmciUyRm1hcCUyRmV0b2lsZS1zcG9ydGl2ZS1tb250b2lzZS1mb290YmFsbF8yODMzNjQlM0ZzY2FsZUNvbnRyb2wlM0RmYWxzZSUyNm1pbmlNYXAlM0RmYWxzZSUyNnNjcm9sbFdoZWVsWm9vbSUzRGZhbHNlJTI2em9vbUNvbnRyb2wlM0R0cnVlJTI2YWxsb3dFZGl0JTNEZmFsc2UlMjZtb3JlQ29udHJvbCUzRHRydWUlMjZzZWFyY2hDb250cm9sJTNEbnVsbCUyNnRpbGVsYXllcnNDb250cm9sJTNEbnVsbCUyNmVtYmVkQ29udHJvbCUzRG51bGwlMjZkYXRhbGF5ZXJzQ29udHJvbCUzRHRydWUlMjZvbkxvYWRQYW5lbCUzRHVuZGVmaW5lZCUyNmNhcHRpb25CYXIlM0RmYWxzZSUyMiUzRSUzQyUyRmlmcmFtZSUzRSUzQ3AlM0UlM0NhJTIwaHJlZiUzRCUyMmh0dHAlM0ElMkYlMkZ1bWFwLm9wZW5zdHJlZXRtYXAuZnIlMkZmciUyRm1hcCUyRmV0b2lsZS1zcG9ydGl2ZS1tb250b2lzZS1mb290YmFsbF8yODMzNjQlMjIlM0VWb2lyJTIwZW4lMjBwbGVpbiUyMCVDMyVBOWNyYW4lM0MlMkZhJTNFJTNDJTJGcCUzRQ==[\/vc_raw_html][\/vc_column][\/vc_row][vc_row row_type=\u00a0\u00bbrow\u00a0\u00bb text_align=\u00a0\u00bbleft\u00a0\u00bb css_animation=\u00a0\u00bb\u00a0\u00bb][vc_column width=\u00a0\u00bb1\/2&Prime;]\n<div class=\"wpcf7 no-js\" id=\"wpcf7-f4040-o1\" lang=\"fr-FR\" dir=\"ltr\" data-wpcf7-id=\"4040\">\n<div class=\"screen-reader-response\"><p role=\"status\" aria-live=\"polite\" aria-atomic=\"true\"><\/p> <ul><\/ul><\/div>\n<form action=\"\/football\/wp-json\/wp\/v2\/pages\/1514#wpcf7-f4040-o1\" method=\"post\" class=\"wpcf7-form init\" aria-label=\"Formulaire de contact\" novalidate=\"novalidate\" data-status=\"init\">\n<fieldset class=\"hidden-fields-container\"><input type=\"hidden\" name=\"_wpcf7\" value=\"4040\" \/><input type=\"hidden\" name=\"_wpcf7_version\" value=\"6.1.5\" \/><input type=\"hidden\" name=\"_wpcf7_locale\" value=\"fr_FR\" \/><input type=\"hidden\" name=\"_wpcf7_unit_tag\" value=\"wpcf7-f4040-o1\" \/><input type=\"hidden\" name=\"_wpcf7_container_post\" value=\"0\" \/><input type=\"hidden\" name=\"_wpcf7_posted_data_hash\" value=\"\" \/>\n<\/fieldset>\n<p><label> Nom*<br \/>\n<span class=\"wpcf7-form-control-wrap\" data-name=\"nom\"><input size=\"40\" maxlength=\"400\" class=\"wpcf7-form-control wpcf7-text wpcf7-validates-as-required\" aria-required=\"true\" aria-invalid=\"false\" value=\"\" type=\"text\" name=\"nom\" \/><\/span> <\/label>\n<\/p>\n<p><label> Pr\u00e9nom*<br \/>\n<span class=\"wpcf7-form-control-wrap\" data-name=\"prenom\"><input size=\"40\" maxlength=\"400\" class=\"wpcf7-form-control wpcf7-text wpcf7-validates-as-required\" aria-required=\"true\" aria-invalid=\"false\" value=\"\" type=\"text\" name=\"prenom\" \/><\/span> <\/label>\n<\/p>\n<p><label> Email*<br \/>\n<span class=\"wpcf7-form-control-wrap\" data-name=\"email\"><input size=\"40\" maxlength=\"400\" class=\"wpcf7-form-control wpcf7-email wpcf7-validates-as-required wpcf7-text wpcf7-validates-as-email\" aria-required=\"true\" aria-invalid=\"false\" value=\"\" type=\"email\" name=\"email\" \/><\/span> <\/label>\n<\/p>\n<p><label> Objet<br \/>\n<span class=\"wpcf7-form-control-wrap\" data-name=\"objet\"><input size=\"40\" maxlength=\"400\" class=\"wpcf7-form-control wpcf7-text\" aria-invalid=\"false\" value=\"\" type=\"text\" name=\"objet\" \/><\/span> <\/label>\n<\/p>\n<p><label> Message<br \/>\n<span class=\"wpcf7-form-control-wrap\" data-name=\"your-message\"><textarea cols=\"40\" rows=\"10\" maxlength=\"2000\" class=\"wpcf7-form-control wpcf7-textarea\" aria-invalid=\"false\" name=\"your-message\"><\/textarea><\/span> <\/label>\n<\/p>\n<p><span class=\"wpcf7-form-control-wrap\" data-name=\"acceptance-491\"><span class=\"wpcf7-form-control wpcf7-acceptance\"><span class=\"wpcf7-list-item\"><label><input type=\"checkbox\" name=\"acceptance-491\" value=\"1\" aria-invalid=\"false\" \/><span class=\"wpcf7-list-item-label\">Je comprends que les informations communiqu\u00e9es ci-dessus sont \u00e0 l'usage unique de l'Etoile Sportive Montoise afin d'apporter une r\u00e9ponse \u00e0 ma demande de contact et ne sont stock\u00e9es dans aucune base de donn\u00e9es.<\/span><\/label><\/span><\/span><\/span>\n<\/p>\n<p><input class=\"wpcf7-form-control wpcf7-submit has-spinner\" type=\"submit\" value=\"Envoyer\" \/>\n<\/p><div class=\"wpcf7-response-output\" aria-hidden=\"true\"><\/div>\n<\/form>\n<\/div>\n\r\n\t\t\t\t<script>\r\n\t\t\t\tif ( typeof huOptions !== 'undefined' ) {\r\n\t\t\t\t\tvar huFormData = {\"source\":\"contactform7\",\"id\":4040,\"title\":\"contact\",\"fields\":{\"subject\":{\"first_name\":\"your-name\",\"email\":\"your-email\"},\"preferences\":{\"terms\":\"your-consent\"}}};\r\n\t\t\t\t\tvar huFormNode = document.querySelector( '[id^=\"wpcf7-f4040-\"] form' );\r\n\r\n\t\t\t\t\thuFormData['node'] = huFormNode;\r\n\t\t\t\t\thuOptions['forms'].push( huFormData );\r\n\t\t\t\t}\r\n\t\t\t\t<\/script>[\/vc_column][vc_column width=\u00a0\u00bb1\/2&Prime;][vc_column_text]\n<h3>Nos terrains de foot<\/h3>\n[\/vc_column_text][vc_separator type=\u00a0\u00bbtransparent\u00a0\u00bb down=\u00a0\u00bb15&Prime; up=\u00a0\u00bb0&Prime;][vc_column_text]235, rue de Biscarrosse<br \/>\n40000 Mont de Marsan<\/p>\n<p>&nbsp;<\/p>\n<p><b>T\u00e9l\u00e9phone du club :\u00a0<\/b><a href=\"tel:09%2075 51 86 85\">09 75 51 86 85<\/a><\/p>\n<p><strong>Mail :\u00a0<\/strong><a href=\"mailto:515831@lfaquitaine.fr\" target=\"_blank\" rel=\"noopener noreferrer\">cliquez ici<\/a><\/p>\n<p>&nbsp;<\/p>\n<p><strong>Une permanence est assur\u00e9e par l&rsquo;\u00e9ducateur sportif les jours suivants :<\/strong><br \/>\n<span style=\"text-decoration: underline\">Lundi:<\/span> 10h 12h-14h 18h<br \/>\n<span style=\"text-decoration: underline\">Mardi:<\/span> 10h 12h-15h 19h<br \/>\n<span style=\"text-decoration: underline\">Mercredi:<\/span> 13h 19h<br \/>\n<span style=\"text-decoration: underline\">Vendredi:<\/span> 9h 12h-14h 19h<\/p>\n<p>&nbsp;<\/p>\n<p><b>Coordonn\u00e9es GPS:<\/b><br \/>\n<span style=\"text-decoration: underline\">Latitude :<\/span>\u00a0 43\u00b053&rsquo;50.50&Prime;N<br \/>\n<span style=\"text-decoration: underline\">Longitude :<\/span> \u00a0 0\u00b028&rsquo;03.30&Prime;O[\/vc_column_text][vc_separator type=\u00a0\u00bbtransparent\u00a0\u00bb down=\u00a0\u00bb25&Prime; up=\u00a0\u00bb0&Prime;][vc_column_text]\n<h3>Retrouvez-nous sur les r\u00e9seaux sociaux<\/h3>\n[\/vc_column_text][vc_separator type=\u00a0\u00bbtransparent\u00a0\u00bb down=\u00a0\u00bb25&Prime; up=\u00a0\u00bb0&Prime;]<span class='social_icon_holder'><a href='https:\/\/www.facebook.com\/esmfoot' target='_blank'><span class='icon-stack icon-2x'><i class='icon-circle icon-stack-base'><\/i><i class='icon-facebook'><\/i><\/span><\/a><\/span>[\/vc_column][\/vc_row]\n<\/section>","protected":false},"excerpt":{"rendered":"<p>[vc_row row_type=\u00a0\u00bbrow\u00a0\u00bb text_align=\u00a0\u00bbleft\u00a0\u00bb css_animation=\u00a0\u00bb\u00a0\u00bb][vc_column][vc_raw_html]JTNDaWZyYW1lJTIwd2lkdGglM0QlMjIxMDI0cHglMjIlMjBoZWlnaHQlM0QlMjIzMDBweCUyMiUyMGZyYW1lQm9yZGVyJTNEJTIyMCUyMiUyMGFsbG93ZnVsbHNjcmVlbiUyMHNyYyUzRCUyMmh0dHAlM0ElMkYlMkZ1bWFwLm9wZW5zdHJlZXRtYXAuZnIlMkZmciUyRm1hcCUyRmV0b2lsZS1zcG9ydGl2ZS1tb250b2lzZS1mb290YmFsbF8yODMzNjQlM0ZzY2FsZUNvbnRyb2wlM0RmYWxzZSUyNm1pbmlNYXAlM0RmYWxzZSUyNnNjcm9sbFdoZWVsWm9vbSUzRGZhbHNlJTI2em9vbUNvbnRyb2wlM0R0cnVlJTI2YWxsb3dFZGl0JTNEZmFsc2UlMjZtb3JlQ29udHJvbCUzRHRydWUlMjZzZWFyY2hDb250cm9sJTNEbnVsbCUyNnRpbGVsYXllcnNDb250cm9sJTNEbnVsbCUyNmVtYmVkQ29udHJvbCUzRG51bGwlMjZkYXRhbGF5ZXJzQ29udHJvbCUzRHRydWUlMjZvbkxvYWRQYW5lbCUzRHVuZGVmaW5lZCUyNmNhcHRpb25CYXIlM0RmYWxzZSUyMiUzRSUzQyUyRmlmcmFtZSUzRSUzQ3AlM0UlM0NhJTIwaHJlZiUzRCUyMmh0dHAlM0ElMkYlMkZ1bWFwLm9wZW5zdHJlZXRtYXAuZnIlMkZmciUyRm1hcCUyRmV0b2lsZS1zcG9ydGl2ZS1tb250b2lzZS1mb290YmFsbF8yODMzNjQlMjIlM0VWb2lyJTIwZW4lMjBwbGVpbiUyMCVDMyVBOWNyYW4lM0MlMkZhJTNFJTNDJTJGcCUzRQ==[\/vc_raw_html][\/vc_column][\/vc_row][vc_row row_type=\u00a0\u00bbrow\u00a0\u00bb text_align=\u00a0\u00bbleft\u00a0\u00bb css_animation=\u00a0\u00bb\u00a0\u00bb][vc_column width=\u00a0\u00bb1\/2&Prime;][\/vc_column][vc_column width=\u00a0\u00bb1\/2&Prime;][vc_column_text] Nos terrains de foot [\/vc_column_text][vc_separator type=\u00a0\u00bbtransparent\u00a0\u00bb down=\u00a0\u00bb15&Prime; up=\u00a0\u00bb0&Prime;][vc_column_text]235, rue de Biscarrosse 40000 Mont de Marsan &nbsp; T\u00e9l\u00e9phone du club :\u00a009 75 51 86 85 Mail :\u00a0cliquez ici &nbsp; Une permanence est assur\u00e9e par l&rsquo;\u00e9ducateur sportif les&#8230;<\/p>\n","protected":false},"author":1,"featured_media":0,"parent":0,"menu_order":0,"comment_status":"closed","ping_status":"closed","template":"contact-page.php","meta":{"footnotes":""},"class_list":["post-1514","page","type-page","status-publish","hentry"],"yoast_head":"<!-- This site is optimized with the Yoast SEO plugin v27.1.1 - https:\/\/yoast.com\/product\/yoast-seo-wordpress\/ -->\n<title>Nous contacter - ESM Foot<\/title>\n<meta name=\"robots\" content=\"index, follow, max-snippet:-1, max-image-preview:large, max-video-preview:-1\" \/>\n<link rel=\"canonical\" href=\"https:\/\/www.etoilesportivemontoise.fr\/football\/contact\/\" \/>\n<meta property=\"og:locale\" content=\"fr_FR\" \/>\n<meta property=\"og:type\" content=\"article\" \/>\n<meta property=\"og:title\" content=\"Nous contacter - ESM Foot\" \/>\n<meta property=\"og:description\" content=\"[vc_row row_type=\u00a0\u00bbrow\u00a0\u00bb text_align=\u00a0\u00bbleft\u00a0\u00bb css_animation=\u00a0\u00bb\u00a0\u00bb][vc_column][vc_raw_html]JTNDaWZyYW1lJTIwd2lkdGglM0QlMjIxMDI0cHglMjIlMjBoZWlnaHQlM0QlMjIzMDBweCUyMiUyMGZyYW1lQm9yZGVyJTNEJTIyMCUyMiUyMGFsbG93ZnVsbHNjcmVlbiUyMHNyYyUzRCUyMmh0dHAlM0ElMkYlMkZ1bWFwLm9wZW5zdHJlZXRtYXAuZnIlMkZmciUyRm1hcCUyRmV0b2lsZS1zcG9ydGl2ZS1tb250b2lzZS1mb290YmFsbF8yODMzNjQlM0ZzY2FsZUNvbnRyb2wlM0RmYWxzZSUyNm1pbmlNYXAlM0RmYWxzZSUyNnNjcm9sbFdoZWVsWm9vbSUzRGZhbHNlJTI2em9vbUNvbnRyb2wlM0R0cnVlJTI2YWxsb3dFZGl0JTNEZmFsc2UlMjZtb3JlQ29udHJvbCUzRHRydWUlMjZzZWFyY2hDb250cm9sJTNEbnVsbCUyNnRpbGVsYXllcnNDb250cm9sJTNEbnVsbCUyNmVtYmVkQ29udHJvbCUzRG51bGwlMjZkYXRhbGF5ZXJzQ29udHJvbCUzRHRydWUlMjZvbkxvYWRQYW5lbCUzRHVuZGVmaW5lZCUyNmNhcHRpb25CYXIlM0RmYWxzZSUyMiUzRSUzQyUyRmlmcmFtZSUzRSUzQ3AlM0UlM0NhJTIwaHJlZiUzRCUyMmh0dHAlM0ElMkYlMkZ1bWFwLm9wZW5zdHJlZXRtYXAuZnIlMkZmciUyRm1hcCUyRmV0b2lsZS1zcG9ydGl2ZS1tb250b2lzZS1mb290YmFsbF8yODMzNjQlMjIlM0VWb2lyJTIwZW4lMjBwbGVpbiUyMCVDMyVBOWNyYW4lM0MlMkZhJTNFJTNDJTJGcCUzRQ==[\/vc_raw_html][\/vc_column][\/vc_row][vc_row row_type=\u00a0\u00bbrow\u00a0\u00bb text_align=\u00a0\u00bbleft\u00a0\u00bb css_animation=\u00a0\u00bb\u00a0\u00bb][vc_column width=\u00a0\u00bb1\/2&Prime;][\/vc_column][vc_column width=\u00a0\u00bb1\/2&Prime;][vc_column_text] Nos terrains de foot [\/vc_column_text][vc_separator type=\u00a0\u00bbtransparent\u00a0\u00bb down=\u00a0\u00bb15&Prime; up=\u00a0\u00bb0&Prime;][vc_column_text]235, rue de Biscarrosse 40000 Mont de Marsan &nbsp; T\u00e9l\u00e9phone du club :\u00a009 75 51 86 85 Mail :\u00a0cliquez ici &nbsp; Une permanence est assur\u00e9e par l&rsquo;\u00e9ducateur sportif les...\" \/>\n<meta property=\"og:url\" content=\"https:\/\/www.etoilesportivemontoise.fr\/football\/contact\/\" \/>\n<meta property=\"og:site_name\" content=\"ESM Foot\" \/>\n<meta property=\"article:modified_time\" content=\"2024-03-24T17:20:29+00:00\" \/>\n<meta name=\"twitter:label1\" content=\"Dur\u00e9e de lecture estim\u00e9e\" \/>\n\t<meta name=\"twitter:data1\" content=\"1 minute\" \/>\n<script type=\"application\/ld+json\" class=\"yoast-schema-graph\">{\"@context\":\"https:\/\/schema.org\",\"@graph\":[{\"@type\":\"WebPage\",\"@id\":\"https:\/\/www.etoilesportivemontoise.fr\/football\/contact\/\",\"url\":\"https:\/\/www.etoilesportivemontoise.fr\/football\/contact\/\",\"name\":\"Nous contacter - ESM Foot\",\"isPartOf\":{\"@id\":\"https:\/\/www.etoilesportivemontoise.fr\/football\/#website\"},\"datePublished\":\"2013-10-16T11:55:44+00:00\",\"dateModified\":\"2024-03-24T17:20:29+00:00\",\"breadcrumb\":{\"@id\":\"https:\/\/www.etoilesportivemontoise.fr\/football\/contact\/#breadcrumb\"},\"inLanguage\":\"fr-FR\",\"potentialAction\":[{\"@type\":\"ReadAction\",\"target\":[\"https:\/\/www.etoilesportivemontoise.fr\/football\/contact\/\"]}]},{\"@type\":\"BreadcrumbList\",\"@id\":\"https:\/\/www.etoilesportivemontoise.fr\/football\/contact\/#breadcrumb\",\"itemListElement\":[{\"@type\":\"ListItem\",\"position\":1,\"name\":\"Accueil\",\"item\":\"https:\/\/www.etoilesportivemontoise.fr\/football\/\"},{\"@type\":\"ListItem\",\"position\":2,\"name\":\"Nous contacter\"}]},{\"@type\":\"WebSite\",\"@id\":\"https:\/\/www.etoilesportivemontoise.fr\/football\/#website\",\"url\":\"https:\/\/www.etoilesportivemontoise.fr\/football\/\",\"name\":\"ESM Foot\",\"description\":\"Club Football Mont de Marsan\",\"potentialAction\":[{\"@type\":\"SearchAction\",\"target\":{\"@type\":\"EntryPoint\",\"urlTemplate\":\"https:\/\/www.etoilesportivemontoise.fr\/football\/?s={search_term_string}\"},\"query-input\":{\"@type\":\"PropertyValueSpecification\",\"valueRequired\":true,\"valueName\":\"search_term_string\"}}],\"inLanguage\":\"fr-FR\"}]}<\/script>\n<!-- \/ Yoast SEO plugin. -->","yoast_head_json":{"title":"Nous contacter - ESM Foot","robots":{"index":"index","follow":"follow","max-snippet":"max-snippet:-1","max-image-preview":"max-image-preview:large","max-video-preview":"max-video-preview:-1"},"canonical":"https:\/\/www.etoilesportivemontoise.fr\/football\/contact\/","og_locale":"fr_FR","og_type":"article","og_title":"Nous contacter - ESM Foot","og_description":"[vc_row row_type=\u00a0\u00bbrow\u00a0\u00bb text_align=\u00a0\u00bbleft\u00a0\u00bb css_animation=\u00a0\u00bb\u00a0\u00bb][vc_column][vc_raw_html]JTNDaWZyYW1lJTIwd2lkdGglM0QlMjIxMDI0cHglMjIlMjBoZWlnaHQlM0QlMjIzMDBweCUyMiUyMGZyYW1lQm9yZGVyJTNEJTIyMCUyMiUyMGFsbG93ZnVsbHNjcmVlbiUyMHNyYyUzRCUyMmh0dHAlM0ElMkYlMkZ1bWFwLm9wZW5zdHJlZXRtYXAuZnIlMkZmciUyRm1hcCUyRmV0b2lsZS1zcG9ydGl2ZS1tb250b2lzZS1mb290YmFsbF8yODMzNjQlM0ZzY2FsZUNvbnRyb2wlM0RmYWxzZSUyNm1pbmlNYXAlM0RmYWxzZSUyNnNjcm9sbFdoZWVsWm9vbSUzRGZhbHNlJTI2em9vbUNvbnRyb2wlM0R0cnVlJTI2YWxsb3dFZGl0JTNEZmFsc2UlMjZtb3JlQ29udHJvbCUzRHRydWUlMjZzZWFyY2hDb250cm9sJTNEbnVsbCUyNnRpbGVsYXllcnNDb250cm9sJTNEbnVsbCUyNmVtYmVkQ29udHJvbCUzRG51bGwlMjZkYXRhbGF5ZXJzQ29udHJvbCUzRHRydWUlMjZvbkxvYWRQYW5lbCUzRHVuZGVmaW5lZCUyNmNhcHRpb25CYXIlM0RmYWxzZSUyMiUzRSUzQyUyRmlmcmFtZSUzRSUzQ3AlM0UlM0NhJTIwaHJlZiUzRCUyMmh0dHAlM0ElMkYlMkZ1bWFwLm9wZW5zdHJlZXRtYXAuZnIlMkZmciUyRm1hcCUyRmV0b2lsZS1zcG9ydGl2ZS1tb250b2lzZS1mb290YmFsbF8yODMzNjQlMjIlM0VWb2lyJTIwZW4lMjBwbGVpbiUyMCVDMyVBOWNyYW4lM0MlMkZhJTNFJTNDJTJGcCUzRQ==[\/vc_raw_html][\/vc_column][\/vc_row][vc_row row_type=\u00a0\u00bbrow\u00a0\u00bb text_align=\u00a0\u00bbleft\u00a0\u00bb css_animation=\u00a0\u00bb\u00a0\u00bb][vc_column width=\u00a0\u00bb1\/2&Prime;][\/vc_column][vc_column width=\u00a0\u00bb1\/2&Prime;][vc_column_text] Nos terrains de foot [\/vc_column_text][vc_separator type=\u00a0\u00bbtransparent\u00a0\u00bb down=\u00a0\u00bb15&Prime; up=\u00a0\u00bb0&Prime;][vc_column_text]235, rue de Biscarrosse 40000 Mont de Marsan &nbsp; T\u00e9l\u00e9phone du club :\u00a009 75 51 86 85 Mail :\u00a0cliquez ici &nbsp; Une permanence est assur\u00e9e par l&rsquo;\u00e9ducateur sportif les...","og_url":"https:\/\/www.etoilesportivemontoise.fr\/football\/contact\/","og_site_name":"ESM Foot","article_modified_time":"2024-03-24T17:20:29+00:00","twitter_misc":{"Dur\u00e9e de lecture estim\u00e9e":"1 minute"},"schema":{"@context":"https:\/\/schema.org","@graph":[{"@type":"WebPage","@id":"https:\/\/www.etoilesportivemontoise.fr\/football\/contact\/","url":"https:\/\/www.etoilesportivemontoise.fr\/football\/contact\/","name":"Nous contacter - ESM Foot","isPartOf":{"@id":"https:\/\/www.etoilesportivemontoise.fr\/football\/#website"},"datePublished":"2013-10-16T11:55:44+00:00","dateModified":"2024-03-24T17:20:29+00:00","breadcrumb":{"@id":"https:\/\/www.etoilesportivemontoise.fr\/football\/contact\/#breadcrumb"},"inLanguage":"fr-FR","potentialAction":[{"@type":"ReadAction","target":["https:\/\/www.etoilesportivemontoise.fr\/football\/contact\/"]}]},{"@type":"BreadcrumbList","@id":"https:\/\/www.etoilesportivemontoise.fr\/football\/contact\/#breadcrumb","itemListElement":[{"@type":"ListItem","position":1,"name":"Accueil","item":"https:\/\/www.etoilesportivemontoise.fr\/football\/"},{"@type":"ListItem","position":2,"name":"Nous contacter"}]},{"@type":"WebSite","@id":"https:\/\/www.etoilesportivemontoise.fr\/football\/#website","url":"https:\/\/www.etoilesportivemontoise.fr\/football\/","name":"ESM Foot","description":"Club Football Mont de Marsan","potentialAction":[{"@type":"SearchAction","target":{"@type":"EntryPoint","urlTemplate":"https:\/\/www.etoilesportivemontoise.fr\/football\/?s={search_term_string}"},"query-input":{"@type":"PropertyValueSpecification","valueRequired":true,"valueName":"search_term_string"}}],"inLanguage":"fr-FR"}]}},"_links":{"self":[{"href":"https:\/\/www.etoilesportivemontoise.fr\/football\/wp-json\/wp\/v2\/pages\/1514","targetHints":{"allow":["GET"]}}],"collection":[{"href":"https:\/\/www.etoilesportivemontoise.fr\/football\/wp-json\/wp\/v2\/pages"}],"about":[{"href":"https:\/\/www.etoilesportivemontoise.fr\/football\/wp-json\/wp\/v2\/types\/page"}],"author":[{"embeddable":true,"href":"https:\/\/www.etoilesportivemontoise.fr\/football\/wp-json\/wp\/v2\/users\/1"}],"replies":[{"embeddable":true,"href":"https:\/\/www.etoilesportivemontoise.fr\/football\/wp-json\/wp\/v2\/comments?post=1514"}],"version-history":[{"count":16,"href":"https:\/\/www.etoilesportivemontoise.fr\/football\/wp-json\/wp\/v2\/pages\/1514\/revisions"}],"predecessor-version":[{"id":4555,"href":"https:\/\/www.etoilesportivemontoise.fr\/football\/wp-json\/wp\/v2\/pages\/1514\/revisions\/4555"}],"wp:attachment":[{"href":"https:\/\/www.etoilesportivemontoise.fr\/football\/wp-json\/wp\/v2\/media?parent=1514"}],"curies":[{"name":"wp","href":"https:\/\/api.w.org\/{rel}","templated":true}]}}