{"id":1811,"date":"2013-10-17T12:34:47","date_gmt":"2013-10-17T12:34:47","guid":{"rendered":"http:\/\/demo.qodeinteractive.com\/subway\/?page_id=1811"},"modified":"2025-03-06T21:54:12","modified_gmt":"2025-03-06T20:54:12","slug":"home-2","status":"publish","type":"page","link":"https:\/\/www.etoilesportivemontoise.fr\/football\/","title":{"rendered":"Accueil"},"content":{"rendered":"<section class=\"wpb-content-wrapper\">[vc_row row_type=\u00a0\u00bbsection\u00a0\u00bb type=\u00a0\u00bbgrid\u00a0\u00bb text_align=\u00a0\u00bbcenter\u00a0\u00bb video=\u00a0\u00bb\u00a0\u00bb border_color=\u00a0\u00bbtransparent\u00a0\u00bb padding_top=\u00a0\u00bb35&Prime; padding_bottom=\u00a0\u00bb0&Prime;][vc_column][vc_empty_space][vc_row_inner row_type=\u00a0\u00bbrow\u00a0\u00bb text_align=\u00a0\u00bbleft\u00a0\u00bb][vc_column_inner width=\u00a0\u00bb1\/4&Prime;]<div class=\"box_image_with_border\"><div class=\"box_image_holder\"><a href=\"http:\/\/www.etoilesportivemontoise.fr\/football\/presentation\/\" target=\"_self\"><span class=\"box_image_shadow\"><\/span><span class=\"image_holder_inner\"><img decoding=\"async\" src=\"https:\/\/www.etoilesportivemontoise.fr\/content\/uploads\/sites\/2\/2013\/10\/resultats.jpg\" alt=\"LE CLUB\" \/><\/span><span class=\"box_icon\"><span class=\"icon-stack\"><i class=\"icon-circle icon-stack-base\" style=\"color: #24821c;\"><\/i><i class=\"icon-home icon-light\"><\/i><\/span><\/span><\/a><\/div><h3 >LE CLUB<\/h3>D\u00e9couvrez l&rsquo;histoire de l&rsquo;ESM foot et de ses encadrants.<span class=\"separator transparent\" style=\"margin: 12px 0;\"><\/span><\/div>[\/vc_column_inner][vc_column_inner width=\u00a0\u00bb1\/4&Prime;]<div class=\"box_image_with_border\"><div class=\"box_image_holder\"><a href=\"http:\/\/www.etoilesportivemontoise.fr\/football\/boutique\/\" target=\"_self\"><span class=\"box_image_shadow\"><\/span><span class=\"image_holder_inner\"><img decoding=\"async\" src=\"https:\/\/www.etoilesportivemontoise.fr\/content\/uploads\/sites\/2\/2020\/09\/IMG_somm_boutik_small.jpg\" alt=\"BOUTIQUE\" \/><\/span><span class=\"box_icon\"><span class=\"icon-stack\"><i class=\"icon-circle icon-stack-base\" style=\"color: #24821c;\"><\/i><i class=\"icon-shopping-cart icon-light\"><\/i><\/span><\/span><\/a><\/div><h3 >BOUTIQUE<\/h3>Commandez les tenues et accessoires s\u00e9lectionn\u00e9s par le club.<span class=\"separator transparent\" style=\"margin: 12px 0;\"><\/span><\/div>[\/vc_column_inner][vc_column_inner width=\u00a0\u00bb1\/4&Prime;]<div class=\"box_image_with_border\"><div class=\"box_image_holder\"><a href=\"http:\/\/landes.fff.fr\/competitions\/php\/club\/club_resultat.php?cl_no=4910\" target=\"_self\"><span class=\"box_image_shadow\"><\/span><span class=\"image_holder_inner\"><img decoding=\"async\" src=\"https:\/\/www.etoilesportivemontoise.fr\/content\/uploads\/sites\/2\/2013\/10\/agenda.jpg\" alt=\"R\u00c9SULTATS\" \/><\/span><span class=\"box_icon\"><span class=\"icon-stack\"><i class=\"icon-circle icon-stack-base\" style=\"color: #24821c;\"><\/i><i class=\"icon-list-ol icon-light\"><\/i><\/span><\/span><\/a><\/div><h3 >R\u00c9SULTATS<\/h3>Obtenez les r\u00e9sultats des derni\u00e8res rencontres.<span class=\"separator transparent\" style=\"margin: 12px 0;\"><\/span><\/div>[\/vc_column_inner][vc_column_inner width=\u00a0\u00bb1\/4&Prime;]<div class=\"box_image_with_border\"><div class=\"box_image_holder\"><a href=\"http:\/\/www.etoilesportivemontoise.fr\/football\/blog\/\" target=\"_self\"><span class=\"box_image_shadow\"><\/span><span class=\"image_holder_inner\"><img decoding=\"async\" src=\"https:\/\/www.etoilesportivemontoise.fr\/content\/uploads\/sites\/2\/2013\/10\/blog.jpg\" alt=\"NOTRE BLOG\" \/><\/span><span class=\"box_icon\"><span class=\"icon-stack\"><i class=\"icon-circle icon-stack-base\" style=\"color: #24821c;\"><\/i><i class=\"icon-keyboard icon-light\"><\/i><\/span><\/span><\/a><\/div><h3 >NOTRE BLOG<\/h3>Suivez toutes les actualit\u00e9s de la section foot !<span class=\"separator transparent\" style=\"margin: 12px 0;\"><\/span><\/div>[\/vc_column_inner][\/vc_row_inner][\/vc_column][\/vc_row][vc_row row_type=\u00a0\u00bbsection\u00a0\u00bb type=\u00a0\u00bbgrid\u00a0\u00bb text_align=\u00a0\u00bbleft\u00a0\u00bb video=\u00a0\u00bb\u00a0\u00bb border_color=\u00a0\u00bbtransparent\u00a0\u00bb padding_top=\u00a0\u00bb35&Prime; padding_bottom=\u00a0\u00bb0&Prime;][vc_column width=\u00a0\u00bb2\/3&Prime;][vc_separator type=\u00a0\u00bbtransparent\u00a0\u00bb down=\u00a0\u00bb0&Prime; up=\u00a0\u00bb26&Prime;][vc_column_text]\n<h3>Nos derni\u00e8res publications<\/h3>\n[\/vc_column_text][vc_separator type=\u00a0\u00bbnormal\u00a0\u00bb down=\u00a0\u00bb20&Prime; up=\u00a0\u00bb5&Prime;]<div class='latest_post_holder'><ul><li class=\"two\"><div class=\"latest_post\"><a href=\"https:\/\/www.etoilesportivemontoise.fr\/football\/2026\/01\/%f0%9d%99%91%f0%9d%99%8a%f0%9d%99%90%f0%9d%99%8e-%f0%9d%99%87%f0%9d%98%bc%f0%9d%99%8f%f0%9d%99%8f%f0%9d%99%80%f0%9d%99%89%f0%9d%98%bf%f0%9d%99%84%f0%9d%99%80%f0%9d%99%95-%f0%9d%99%89\/\"><img loading=\"lazy\" decoding=\"async\" width=\"1997\" height=\"2560\" src=\"https:\/\/www.etoilesportivemontoise.fr\/content\/uploads\/sites\/2\/2026\/01\/Vide_grenier_2026-scaled.jpg\" class=\"attachment-full size-full wp-post-image\" alt=\"\" srcset=\"https:\/\/www.etoilesportivemontoise.fr\/content\/uploads\/sites\/2\/2026\/01\/Vide_grenier_2026-scaled.jpg 1997w, https:\/\/www.etoilesportivemontoise.fr\/content\/uploads\/sites\/2\/2026\/01\/Vide_grenier_2026-234x300.jpg 234w, https:\/\/www.etoilesportivemontoise.fr\/content\/uploads\/sites\/2\/2026\/01\/Vide_grenier_2026-799x1024.jpg 799w, https:\/\/www.etoilesportivemontoise.fr\/content\/uploads\/sites\/2\/2026\/01\/Vide_grenier_2026-768x985.jpg 768w, https:\/\/www.etoilesportivemontoise.fr\/content\/uploads\/sites\/2\/2026\/01\/Vide_grenier_2026-1198x1536.jpg 1198w, https:\/\/www.etoilesportivemontoise.fr\/content\/uploads\/sites\/2\/2026\/01\/Vide_grenier_2026-1597x2048.jpg 1597w\" sizes=\"auto, (max-width: 1997px) 100vw, 1997px\" \/><\/a><div class=\"latest_post_text\"><div class=\"latest_post_inner\"><span class=\"latest_date\"><span class=\"date\">16<\/span><span class=\"month\">Jan<\/span><\/span><h4><a href=\"https:\/\/www.etoilesportivemontoise.fr\/football\/2026\/01\/%f0%9d%99%91%f0%9d%99%8a%f0%9d%99%90%f0%9d%99%8e-%f0%9d%99%87%f0%9d%98%bc%f0%9d%99%8f%f0%9d%99%8f%f0%9d%99%80%f0%9d%99%89%f0%9d%98%bf%f0%9d%99%84%f0%9d%99%80%f0%9d%99%95-%f0%9d%99%89\/\">\ud835\ude51\ud835\ude4a\ud835\ude50\ud835\ude4e \ud835\ude47\u2019\ud835\ude3c\ud835\ude4f\ud835\ude4f\ud835\ude40\ud835\ude49\ud835\ude3f\ud835\ude44\ud835\ude40\ud835\ude55, \ud835\ude49\ud835\ude4a\ud835\ude4f\ud835\ude4d\ud835\ude40 \ud835\ude51\ud835\ude44\ud835\ude3f\ud835\ude40 \ud835\ude42\ud835\ude4d\ud835\ude40\ud835\ude49\ud835\ude44\ud835\ude40\ud835\ude4d \ud835\ude40\ud835\ude4e\ud835\ude4f \ud835\ude3f\ud835\ude40 \ud835\ude4d\ud835\ude40\ud835\ude4f\ud835\ude4a\ud835\ude50\ud835\ude4d !<\/a><\/h4><span class=\"latest_category\">In <a href=\"https:\/\/www.etoilesportivemontoise.fr\/football\/category\/actualites\/\">Actualit\u00e9s<\/a> <\/span><\/div><\/div><\/div><\/li><li class=\"two\"><div class=\"latest_post\"><a href=\"https:\/\/www.etoilesportivemontoise.fr\/football\/2025\/09\/assemblee-generale-esm-foot-2\/\"><img loading=\"lazy\" decoding=\"async\" width=\"1854\" height=\"2560\" src=\"https:\/\/www.etoilesportivemontoise.fr\/content\/uploads\/sites\/2\/2025\/09\/AG2025-scaled.jpg\" class=\"attachment-full size-full wp-post-image\" alt=\"\" srcset=\"https:\/\/www.etoilesportivemontoise.fr\/content\/uploads\/sites\/2\/2025\/09\/AG2025-scaled.jpg 1854w, https:\/\/www.etoilesportivemontoise.fr\/content\/uploads\/sites\/2\/2025\/09\/AG2025-217x300.jpg 217w, https:\/\/www.etoilesportivemontoise.fr\/content\/uploads\/sites\/2\/2025\/09\/AG2025-742x1024.jpg 742w, https:\/\/www.etoilesportivemontoise.fr\/content\/uploads\/sites\/2\/2025\/09\/AG2025-768x1061.jpg 768w, https:\/\/www.etoilesportivemontoise.fr\/content\/uploads\/sites\/2\/2025\/09\/AG2025-1112x1536.jpg 1112w, https:\/\/www.etoilesportivemontoise.fr\/content\/uploads\/sites\/2\/2025\/09\/AG2025-1483x2048.jpg 1483w\" sizes=\"auto, (max-width: 1854px) 100vw, 1854px\" \/><\/a><div class=\"latest_post_text\"><div class=\"latest_post_inner\"><span class=\"latest_date\"><span class=\"date\">09<\/span><span class=\"month\">Sep<\/span><\/span><h4><a href=\"https:\/\/www.etoilesportivemontoise.fr\/football\/2025\/09\/assemblee-generale-esm-foot-2\/\">Assembl\u00e9e g\u00e9n\u00e9rale ESM foot<\/a><\/h4><span class=\"latest_category\">In <a href=\"https:\/\/www.etoilesportivemontoise.fr\/football\/category\/actualites\/\">Actualit\u00e9s<\/a> <\/span><\/div><\/div><\/div><\/li><\/ul><\/div>[\/vc_column][vc_column width=\u00a0\u00bb1\/3&Prime;][vc_separator type=\u00a0\u00bbtransparent\u00a0\u00bb down=\u00a0\u00bb0&Prime; up=\u00a0\u00bb26&Prime;][vc_column_text]\n<h3>Photos officielles des \u00e9quipes<\/h3>\n[\/vc_column_text][vc_separator type=\u00a0\u00bbnormal\u00a0\u00bb down=\u00a0\u00bb20&Prime; up=\u00a0\u00bb5&Prime;][vc_gallery type=\u00a0\u00bbnivo\u00a0\u00bb interval=\u00a0\u00bb3&Prime; images=\u00a0\u00bb5317,5318,5319,5320,5321,5322,5323,5324,5325,5326&Prime; img_size=\u00a0\u00bbmedium\u00a0\u00bb]<a href=\"https:\/\/www.etoilesportivemontoise.fr\/football\/photos-officielles\/\" target=\"_self\" class=\"qbutton medium normal\" style=\"\">Cliquez pour voir toutes les photos<\/a>[vc_separator type=\u00a0\u00bbtransparent\u00a0\u00bb down=\u00a0\u00bb15&Prime; up=\u00a0\u00bb15&Prime;][\/vc_column][\/vc_row][vc_row row_type=\u00a0\u00bbsection\u00a0\u00bb type=\u00a0\u00bbgrid\u00a0\u00bb text_align=\u00a0\u00bbleft\u00a0\u00bb video=\u00a0\u00bb\u00a0\u00bb background_color=\u00a0\u00bb#24821c\u00a0\u00bb border_color=\u00a0\u00bb#24821c\u00a0\u00bb padding_top=\u00a0\u00bb20&Prime; padding_bottom=\u00a0\u00bb20&Prime;][vc_column width=\u00a0\u00bb5\/6&Prime;][vc_column_text]\n<p style=\"text-align: center\"><span class=\"custom_font_holder\" style=\"font-family: Oswald; font-size: 20px; line-height: 37px; font-style: none; font-weight: 300; padding: 0px; margin: 0px; text-align: left;\"><span style=\"color: #ffffff\">Vous voulez rejoindre un club de foot \u00e0 Mont de Marsan ?<\/span><\/span>\n[\/vc_column_text][\/vc_column][vc_column width=\u00a0\u00bb1\/6&Prime;][vc_row_inner row_type=\u00a0\u00bbrow\u00a0\u00bb text_align=\u00a0\u00bbright\u00a0\u00bb][vc_column_inner]<a href=\"http:\/\/www.etoilesportivemontoise.fr\/football\/?page_id=1514\" target=\"_self\" class=\"qbutton small no_fill\" style=\"color: #ffffff; border-color: #ffffff; \">Contactez-nous !<\/a>[\/vc_column_inner][\/vc_row_inner][\/vc_column][\/vc_row]\n<\/section>","protected":false},"excerpt":{"rendered":"<p>[vc_row row_type=\u00a0\u00bbsection\u00a0\u00bb type=\u00a0\u00bbgrid\u00a0\u00bb text_align=\u00a0\u00bbcenter\u00a0\u00bb video=\u00a0\u00bb\u00a0\u00bb border_color=\u00a0\u00bbtransparent\u00a0\u00bb padding_top=\u00a0\u00bb35&Prime; padding_bottom=\u00a0\u00bb0&Prime;][vc_column][vc_empty_space][vc_row_inner row_type=\u00a0\u00bbrow\u00a0\u00bb text_align=\u00a0\u00bbleft\u00a0\u00bb][vc_column_inner width=\u00a0\u00bb1\/4&Prime;][\/vc_column_inner][vc_column_inner width=\u00a0\u00bb1\/4&Prime;][\/vc_column_inner][vc_column_inner width=\u00a0\u00bb1\/4&Prime;][\/vc_column_inner][vc_column_inner width=\u00a0\u00bb1\/4&Prime;][\/vc_column_inner][\/vc_row_inner][\/vc_column][\/vc_row][vc_row row_type=\u00a0\u00bbsection\u00a0\u00bb type=\u00a0\u00bbgrid\u00a0\u00bb text_align=\u00a0\u00bbleft\u00a0\u00bb video=\u00a0\u00bb\u00a0\u00bb border_color=\u00a0\u00bbtransparent\u00a0\u00bb padding_top=\u00a0\u00bb35&Prime; padding_bottom=\u00a0\u00bb0&Prime;][vc_column width=\u00a0\u00bb2\/3&Prime;][vc_separator type=\u00a0\u00bbtransparent\u00a0\u00bb down=\u00a0\u00bb0&Prime; up=\u00a0\u00bb26&Prime;][vc_column_text] Nos derni\u00e8res publications [\/vc_column_text][vc_separator type=\u00a0\u00bbnormal\u00a0\u00bb down=\u00a0\u00bb20&Prime; up=\u00a0\u00bb5&Prime;][\/vc_column][vc_column width=\u00a0\u00bb1\/3&Prime;][vc_separator type=\u00a0\u00bbtransparent\u00a0\u00bb down=\u00a0\u00bb0&Prime; up=\u00a0\u00bb26&Prime;][vc_column_text] Photos officielles des \u00e9quipes [\/vc_column_text][vc_separator type=\u00a0\u00bbnormal\u00a0\u00bb down=\u00a0\u00bb20&Prime; up=\u00a0\u00bb5&Prime;][vc_gallery type=\u00a0\u00bbnivo\u00a0\u00bb&#8230;<\/p>\n","protected":false},"author":1,"featured_media":0,"parent":0,"menu_order":0,"comment_status":"closed","ping_status":"open","template":"full_width.php","meta":{"footnotes":""},"class_list":["post-1811","page","type-page","status-publish","hentry"],"yoast_head":"<!-- This site is optimized with the Yoast SEO plugin v27.1.1 - https:\/\/yoast.com\/product\/yoast-seo-wordpress\/ -->\n<title>ESM foot | Football \u00e0 Mont-de-Marsan<\/title>\n<meta name=\"description\" content=\"Faites du football \u00e0 Mont-de-Marsan \u00e0 l&#039;Etoile Sportive Montoise: baby foot, loisir, comp\u00e9tition, toutes cat\u00e9gories d&#039;\u00e2ge, rejoignez les passionn\u00e9s de l&#039;ESM\" \/>\n<meta name=\"robots\" content=\"index, follow, max-snippet:-1, max-image-preview:large, max-video-preview:-1\" \/>\n<link rel=\"canonical\" href=\"https:\/\/www.etoilesportivemontoise.fr\/football\/\" \/>\n<meta property=\"og:locale\" content=\"fr_FR\" \/>\n<meta property=\"og:type\" content=\"article\" \/>\n<meta property=\"og:title\" content=\"ESM foot | Football \u00e0 Mont-de-Marsan\" \/>\n<meta property=\"og:description\" content=\"Faites du football \u00e0 Mont-de-Marsan \u00e0 l&#039;Etoile Sportive Montoise: baby foot, loisir, comp\u00e9tition, toutes cat\u00e9gories d&#039;\u00e2ge, rejoignez les passionn\u00e9s de l&#039;ESM\" \/>\n<meta property=\"og:url\" content=\"https:\/\/www.etoilesportivemontoise.fr\/football\/\" \/>\n<meta property=\"og:site_name\" content=\"ESM Foot\" \/>\n<meta property=\"article:modified_time\" content=\"2025-03-06T20:54:12+00:00\" \/>\n<meta name=\"twitter:label1\" content=\"Dur\u00e9e de lecture estim\u00e9e\" \/>\n\t<meta name=\"twitter:data1\" content=\"1 minute\" \/>\n<script type=\"application\/ld+json\" class=\"yoast-schema-graph\">{\"@context\":\"https:\/\/schema.org\",\"@graph\":[{\"@type\":\"WebPage\",\"@id\":\"https:\/\/www.etoilesportivemontoise.fr\/football\/\",\"url\":\"https:\/\/www.etoilesportivemontoise.fr\/football\/\",\"name\":\"ESM foot | Football \u00e0 Mont-de-Marsan\",\"isPartOf\":{\"@id\":\"https:\/\/www.etoilesportivemontoise.fr\/football\/#website\"},\"datePublished\":\"2013-10-17T12:34:47+00:00\",\"dateModified\":\"2025-03-06T20:54:12+00:00\",\"description\":\"Faites du football \u00e0 Mont-de-Marsan \u00e0 l'Etoile Sportive Montoise: baby foot, loisir, comp\u00e9tition, toutes cat\u00e9gories d'\u00e2ge, rejoignez les passionn\u00e9s de l'ESM\",\"breadcrumb\":{\"@id\":\"https:\/\/www.etoilesportivemontoise.fr\/football\/#breadcrumb\"},\"inLanguage\":\"fr-FR\",\"potentialAction\":[{\"@type\":\"ReadAction\",\"target\":[\"https:\/\/www.etoilesportivemontoise.fr\/football\/\"]}]},{\"@type\":\"BreadcrumbList\",\"@id\":\"https:\/\/www.etoilesportivemontoise.fr\/football\/#breadcrumb\",\"itemListElement\":[{\"@type\":\"ListItem\",\"position\":1,\"name\":\"Accueil\",\"item\":\"https:\/\/www.etoilesportivemontoise.fr\/football\/\"},{\"@type\":\"ListItem\",\"position\":2,\"name\":\"Accueil\"}]},{\"@type\":\"WebSite\",\"@id\":\"https:\/\/www.etoilesportivemontoise.fr\/football\/#website\",\"url\":\"https:\/\/www.etoilesportivemontoise.fr\/football\/\",\"name\":\"ESM Foot\",\"description\":\"Club Football Mont de Marsan\",\"potentialAction\":[{\"@type\":\"SearchAction\",\"target\":{\"@type\":\"EntryPoint\",\"urlTemplate\":\"https:\/\/www.etoilesportivemontoise.fr\/football\/?s={search_term_string}\"},\"query-input\":{\"@type\":\"PropertyValueSpecification\",\"valueRequired\":true,\"valueName\":\"search_term_string\"}}],\"inLanguage\":\"fr-FR\"}]}<\/script>\n<!-- \/ Yoast SEO plugin. -->","yoast_head_json":{"title":"ESM foot | Football \u00e0 Mont-de-Marsan","description":"Faites du football \u00e0 Mont-de-Marsan \u00e0 l'Etoile Sportive Montoise: baby foot, loisir, comp\u00e9tition, toutes cat\u00e9gories d'\u00e2ge, rejoignez les passionn\u00e9s de l'ESM","robots":{"index":"index","follow":"follow","max-snippet":"max-snippet:-1","max-image-preview":"max-image-preview:large","max-video-preview":"max-video-preview:-1"},"canonical":"https:\/\/www.etoilesportivemontoise.fr\/football\/","og_locale":"fr_FR","og_type":"article","og_title":"ESM foot | Football \u00e0 Mont-de-Marsan","og_description":"Faites du football \u00e0 Mont-de-Marsan \u00e0 l'Etoile Sportive Montoise: baby foot, loisir, comp\u00e9tition, toutes cat\u00e9gories d'\u00e2ge, rejoignez les passionn\u00e9s de l'ESM","og_url":"https:\/\/www.etoilesportivemontoise.fr\/football\/","og_site_name":"ESM Foot","article_modified_time":"2025-03-06T20:54:12+00:00","twitter_misc":{"Dur\u00e9e de lecture estim\u00e9e":"1 minute"},"schema":{"@context":"https:\/\/schema.org","@graph":[{"@type":"WebPage","@id":"https:\/\/www.etoilesportivemontoise.fr\/football\/","url":"https:\/\/www.etoilesportivemontoise.fr\/football\/","name":"ESM foot | Football \u00e0 Mont-de-Marsan","isPartOf":{"@id":"https:\/\/www.etoilesportivemontoise.fr\/football\/#website"},"datePublished":"2013-10-17T12:34:47+00:00","dateModified":"2025-03-06T20:54:12+00:00","description":"Faites du football \u00e0 Mont-de-Marsan \u00e0 l'Etoile Sportive Montoise: baby foot, loisir, comp\u00e9tition, toutes cat\u00e9gories d'\u00e2ge, rejoignez les passionn\u00e9s de l'ESM","breadcrumb":{"@id":"https:\/\/www.etoilesportivemontoise.fr\/football\/#breadcrumb"},"inLanguage":"fr-FR","potentialAction":[{"@type":"ReadAction","target":["https:\/\/www.etoilesportivemontoise.fr\/football\/"]}]},{"@type":"BreadcrumbList","@id":"https:\/\/www.etoilesportivemontoise.fr\/football\/#breadcrumb","itemListElement":[{"@type":"ListItem","position":1,"name":"Accueil","item":"https:\/\/www.etoilesportivemontoise.fr\/football\/"},{"@type":"ListItem","position":2,"name":"Accueil"}]},{"@type":"WebSite","@id":"https:\/\/www.etoilesportivemontoise.fr\/football\/#website","url":"https:\/\/www.etoilesportivemontoise.fr\/football\/","name":"ESM Foot","description":"Club Football Mont de Marsan","potentialAction":[{"@type":"SearchAction","target":{"@type":"EntryPoint","urlTemplate":"https:\/\/www.etoilesportivemontoise.fr\/football\/?s={search_term_string}"},"query-input":{"@type":"PropertyValueSpecification","valueRequired":true,"valueName":"search_term_string"}}],"inLanguage":"fr-FR"}]}},"_links":{"self":[{"href":"https:\/\/www.etoilesportivemontoise.fr\/football\/wp-json\/wp\/v2\/pages\/1811","targetHints":{"allow":["GET"]}}],"collection":[{"href":"https:\/\/www.etoilesportivemontoise.fr\/football\/wp-json\/wp\/v2\/pages"}],"about":[{"href":"https:\/\/www.etoilesportivemontoise.fr\/football\/wp-json\/wp\/v2\/types\/page"}],"author":[{"embeddable":true,"href":"https:\/\/www.etoilesportivemontoise.fr\/football\/wp-json\/wp\/v2\/users\/1"}],"replies":[{"embeddable":true,"href":"https:\/\/www.etoilesportivemontoise.fr\/football\/wp-json\/wp\/v2\/comments?post=1811"}],"version-history":[{"count":54,"href":"https:\/\/www.etoilesportivemontoise.fr\/football\/wp-json\/wp\/v2\/pages\/1811\/revisions"}],"predecessor-version":[{"id":5330,"href":"https:\/\/www.etoilesportivemontoise.fr\/football\/wp-json\/wp\/v2\/pages\/1811\/revisions\/5330"}],"wp:attachment":[{"href":"https:\/\/www.etoilesportivemontoise.fr\/football\/wp-json\/wp\/v2\/media?parent=1811"}],"curies":[{"name":"wp","href":"https:\/\/api.w.org\/{rel}","templated":true}]}}