{"id":3117,"date":"2015-01-05T17:55:49","date_gmt":"2015-01-05T16:55:49","guid":{"rendered":"http:\/\/www.etoilesportivemontoise.fr\/football\/?page_id=3117"},"modified":"2025-09-24T17:25:35","modified_gmt":"2025-09-24T16:25:35","slug":"horaires-des-entrainements","status":"publish","type":"page","link":"https:\/\/www.etoilesportivemontoise.fr\/football\/horaires-des-entrainements\/","title":{"rendered":"Horaires des entra\u00eenements"},"content":{"rendered":"<section class=\"wpb-content-wrapper\">[vc_row row_type=\u00a0\u00bbrow\u00a0\u00bb text_align=\u00a0\u00bbleft\u00a0\u00bb css_animation=\u00a0\u00bb\u00a0\u00bb css=\u00a0\u00bb.vc_custom_1420477162668{padding-bottom: 20px !important;}\u00a0\u00bb][vc_column width=\u00a0\u00bb1\/2&Prime;][vc_column_text]\n<h4><strong>S\u00e9niors masculins ESM<\/strong> :<\/h4>\n<p>&#8211; LUNDI (sp\u00e9cifiques) \/ mardi \/ vendredi 19h30 &#8211; 20h45<\/p>\n<h4><strong>Sp\u00e9cifique gardiens s\u00e9niors ESM<\/strong> :<\/h4>\n<p>&#8211; MARDI : 19h15 &#8211; 20h15<\/p>\n<hr \/>\n<h4><strong>P\u00f4le F\u00e9minin Montois S\u00e9niors F et U16 &#8211; U18 F<\/strong> :<\/h4>\n<p>&#8211; MERCREDI : 19h &#8211; 20h30<br \/>\nAlternance des sites (Stade Ren\u00e9 Batby \u2013 Mont de Marsan \/ Stade de la M\u00e9nasse \u2013 Saint Pierre du Mont)<br \/>\n&#8211; VENDREDI : 19h &#8211; 20h30<br \/>\nStade Jacques Foix \u2013 Mont de Marsan<\/p>\n<h4><strong>P\u00f4le F\u00e9minin Montois U15 F<\/strong> :<\/h4>\n<p>&#8211; MARDI \/ JEUDI : 18h15 &#8211; 19h45<br \/>\nStade Ren\u00e9 Batby \u2013 Mont de Marsan<\/p>\n<h4><strong>P\u00f4le F\u00e9minin Montois U11 &#8211; U13 F<\/strong> :<\/h4>\n<p>&#8211; MARDI \/ VENDREDI : 18h &#8211; 19h30<br \/>\nStade Ren\u00e9 Batby \u2013 Mont de Marsan<\/p>\n<hr \/>\n<h4><strong>V\u00e9t\u00e9rans ESM<\/strong> :<\/h4>\n<p>&#8211;\u00a0 JEUDIS : 19h30 &#8211; 20h30<\/p>\n<hr \/>\n<h4>ECOLE DE FOOT :<\/h4>\n<h4><strong>U7 ESM<\/strong> :<\/h4>\n<p>&#8211;\u00a0 MERCREDI : 17h &#8211; 18h45<br \/>\nStade Jacques Foix \u2013 Mont de Marsan<\/p>\n<h4><strong>U9 ESM<\/strong> :<\/h4>\n<p>&#8211;\u00a0 MERCREDI : 17h &#8211; 18h45<br \/>\nStade Jacques Foix \u2013 Mont de Marsan<\/p>\n<h4><\/h4>\n[\/vc_column_text][\/vc_column][vc_column width=\u00a0\u00bb1\/2&Prime;][vc_column_text]\n<h4><strong>Agglo Marsan Foot U10-U11 \/\u00a0<\/strong><strong>U12-U13 <\/strong>:<\/h4>\n<p>&#8211; LUNDI : 18h \u2013 19h30<br \/>\nAlternance des sites (St Martin d\u2019Oney \/ St Perdon \/ ESM &#8211; stade Jacques FOIX) sur 3 p\u00e9riodes de 10 semaines<\/p>\n<p>&#8211; MERCREDI : 18h \u2013 19h30<br \/>\n(\u00e0 l\u2019ESM &#8211; stade Jacques FOIX)<\/p>\n<h4><strong>Agglo Marsan Foot U14-U15<\/strong> :<\/h4>\n<p>&#8211; MARDI : 18h30 &#8211; 20h<br \/>\n(\u00e0 St Perdon)<\/p>\n<p>&#8211; JEUDI : 18h30 &#8211; 20h<br \/>\n(\u00e0 l\u2019ESM &#8211; stade Jacques FOIX)<\/p>\n<p>&#8211; VENDREDI : 18h &#8211; 20h<br \/>\nPerfectionnement sur demande<br \/>\n(\u00e0 l\u2019ESM &#8211; stade Jacques FOIX)<\/p>\n<h4><strong>Agglo Marsan Foot U16-U17-U18<\/strong> :<\/h4>\n<p>&#8211; MARDI : 18h30 &#8211; 20h<br \/>\n(\u00e0 St Perdon)<\/p>\n<p>&#8211; JEUDI : 18h30 &#8211; 20h<br \/>\n(\u00e0 l\u2019ESM &#8211; stade Jacques FOIX)<\/p>\n<p>&#8211; VENDREDI : 18h &#8211; 20h<br \/>\nPerfectionnement sur demande<br \/>\n(\u00e0 l\u2019ESM &#8211; stade Jacques FOIX)<\/p>\n<h4><strong>Gardiens\u00a0<\/strong><strong>Agglo Marsan Foot &#8211; U15 \/ U17 \/ U18<\/strong>\u00a0:<\/h4>\n<p>&#8211; MARDI : 18h15 \u2013 19h15<br \/>\n(\u00e0 l\u2019ESM &#8211; stade Jacques FOIX)<\/p>\n<h4><strong>Gardiens <\/strong><strong>Agglo Marsan Foot &#8211; U11 \/ U13<\/strong>\u00a0:<\/h4>\n<p>&#8211; MERCREDI : 18h \u2013 19h<br \/>\n(\u00e0 l\u2019ESM &#8211; stade Jacques FOIX)[\/vc_column_text][\/vc_column][\/vc_row][vc_row row_type=\u00a0\u00bbrow\u00a0\u00bb text_align=\u00a0\u00bbleft\u00a0\u00bb css_animation=\u00a0\u00bb\u00a0\u00bb][vc_column][vc_separator type=\u00a0\u00bbtransparent\u00a0\u00bb down=\u00a0\u00bb15&Prime; up=\u00a0\u00bb15&Prime;][\/vc_column][\/vc_row]\n<\/section>","protected":false},"excerpt":{"rendered":"<p>[vc_row row_type=\u00a0\u00bbrow\u00a0\u00bb text_align=\u00a0\u00bbleft\u00a0\u00bb css_animation=\u00a0\u00bb\u00a0\u00bb css=\u00a0\u00bb.vc_custom_1420477162668{padding-bottom: 20px !important;}\u00a0\u00bb][vc_column width=\u00a0\u00bb1\/2&Prime;][vc_column_text] S\u00e9niors masculins ESM : &#8211; LUNDI (sp\u00e9cifiques) \/ mardi \/ vendredi 19h30 &#8211; 20h45 Sp\u00e9cifique gardiens s\u00e9niors ESM : &#8211; MARDI : 19h15 &#8211; 20h15 P\u00f4le F\u00e9minin Montois S\u00e9niors F et U16 &#8211; U18 F : &#8211;&#8230;<\/p>\n","protected":false},"author":1,"featured_media":0,"parent":0,"menu_order":0,"comment_status":"closed","ping_status":"closed","template":"","meta":{"footnotes":""},"class_list":["post-3117","page","type-page","status-publish","hentry"],"yoast_head":"<!-- This site is optimized with the Yoast SEO plugin v27.3 - https:\/\/yoast.com\/product\/yoast-seo-wordpress\/ -->\n<title>Horaires des entra\u00eenements - ESM Foot<\/title>\n<meta name=\"robots\" content=\"index, follow, max-snippet:-1, max-image-preview:large, max-video-preview:-1\" \/>\n<link rel=\"canonical\" href=\"https:\/\/www.etoilesportivemontoise.fr\/football\/horaires-des-entrainements\/\" \/>\n<meta property=\"og:locale\" content=\"fr_FR\" \/>\n<meta property=\"og:type\" content=\"article\" \/>\n<meta property=\"og:title\" content=\"Horaires des entra\u00eenements - ESM Foot\" \/>\n<meta property=\"og:description\" content=\"[vc_row row_type=\u00a0\u00bbrow\u00a0\u00bb text_align=\u00a0\u00bbleft\u00a0\u00bb css_animation=\u00a0\u00bb\u00a0\u00bb css=\u00a0\u00bb.vc_custom_1420477162668{padding-bottom: 20px !important;}\u00a0\u00bb][vc_column width=\u00a0\u00bb1\/2&Prime;][vc_column_text] S\u00e9niors masculins ESM : &#8211; LUNDI (sp\u00e9cifiques) \/ mardi \/ vendredi 19h30 &#8211; 20h45 Sp\u00e9cifique gardiens s\u00e9niors ESM : &#8211; MARDI : 19h15 &#8211; 20h15 P\u00f4le F\u00e9minin Montois S\u00e9niors F et U16 &#8211; U18 F : &#8211;...\" \/>\n<meta property=\"og:url\" content=\"https:\/\/www.etoilesportivemontoise.fr\/football\/horaires-des-entrainements\/\" \/>\n<meta property=\"og:site_name\" content=\"ESM Foot\" \/>\n<meta property=\"article:modified_time\" content=\"2025-09-24T16:25:35+00:00\" \/>\n<meta name=\"twitter:label1\" content=\"Dur\u00e9e de lecture estim\u00e9e\" \/>\n\t<meta name=\"twitter:data1\" content=\"2 minutes\" \/>\n<script type=\"application\/ld+json\" class=\"yoast-schema-graph\">{\"@context\":\"https:\\\/\\\/schema.org\",\"@graph\":[{\"@type\":\"WebPage\",\"@id\":\"https:\\\/\\\/www.etoilesportivemontoise.fr\\\/football\\\/horaires-des-entrainements\\\/\",\"url\":\"https:\\\/\\\/www.etoilesportivemontoise.fr\\\/football\\\/horaires-des-entrainements\\\/\",\"name\":\"Horaires des entra\u00eenements - ESM Foot\",\"isPartOf\":{\"@id\":\"https:\\\/\\\/www.etoilesportivemontoise.fr\\\/football\\\/#website\"},\"datePublished\":\"2015-01-05T16:55:49+00:00\",\"dateModified\":\"2025-09-24T16:25:35+00:00\",\"breadcrumb\":{\"@id\":\"https:\\\/\\\/www.etoilesportivemontoise.fr\\\/football\\\/horaires-des-entrainements\\\/#breadcrumb\"},\"inLanguage\":\"fr-FR\",\"potentialAction\":[{\"@type\":\"ReadAction\",\"target\":[\"https:\\\/\\\/www.etoilesportivemontoise.fr\\\/football\\\/horaires-des-entrainements\\\/\"]}]},{\"@type\":\"BreadcrumbList\",\"@id\":\"https:\\\/\\\/www.etoilesportivemontoise.fr\\\/football\\\/horaires-des-entrainements\\\/#breadcrumb\",\"itemListElement\":[{\"@type\":\"ListItem\",\"position\":1,\"name\":\"Accueil\",\"item\":\"https:\\\/\\\/www.etoilesportivemontoise.fr\\\/football\\\/\"},{\"@type\":\"ListItem\",\"position\":2,\"name\":\"Horaires des entra\u00eenements\"}]},{\"@type\":\"WebSite\",\"@id\":\"https:\\\/\\\/www.etoilesportivemontoise.fr\\\/football\\\/#website\",\"url\":\"https:\\\/\\\/www.etoilesportivemontoise.fr\\\/football\\\/\",\"name\":\"ESM Foot\",\"description\":\"Club Football Mont de Marsan\",\"potentialAction\":[{\"@type\":\"SearchAction\",\"target\":{\"@type\":\"EntryPoint\",\"urlTemplate\":\"https:\\\/\\\/www.etoilesportivemontoise.fr\\\/football\\\/?s={search_term_string}\"},\"query-input\":{\"@type\":\"PropertyValueSpecification\",\"valueRequired\":true,\"valueName\":\"search_term_string\"}}],\"inLanguage\":\"fr-FR\"}]}<\/script>\n<!-- \/ Yoast SEO plugin. -->","yoast_head_json":{"title":"Horaires des entra\u00eenements - ESM Foot","robots":{"index":"index","follow":"follow","max-snippet":"max-snippet:-1","max-image-preview":"max-image-preview:large","max-video-preview":"max-video-preview:-1"},"canonical":"https:\/\/www.etoilesportivemontoise.fr\/football\/horaires-des-entrainements\/","og_locale":"fr_FR","og_type":"article","og_title":"Horaires des entra\u00eenements - ESM Foot","og_description":"[vc_row row_type=\u00a0\u00bbrow\u00a0\u00bb text_align=\u00a0\u00bbleft\u00a0\u00bb css_animation=\u00a0\u00bb\u00a0\u00bb css=\u00a0\u00bb.vc_custom_1420477162668{padding-bottom: 20px !important;}\u00a0\u00bb][vc_column width=\u00a0\u00bb1\/2&Prime;][vc_column_text] S\u00e9niors masculins ESM : &#8211; LUNDI (sp\u00e9cifiques) \/ mardi \/ vendredi 19h30 &#8211; 20h45 Sp\u00e9cifique gardiens s\u00e9niors ESM : &#8211; MARDI : 19h15 &#8211; 20h15 P\u00f4le F\u00e9minin Montois S\u00e9niors F et U16 &#8211; U18 F : &#8211;...","og_url":"https:\/\/www.etoilesportivemontoise.fr\/football\/horaires-des-entrainements\/","og_site_name":"ESM Foot","article_modified_time":"2025-09-24T16:25:35+00:00","twitter_misc":{"Dur\u00e9e de lecture estim\u00e9e":"2 minutes"},"schema":{"@context":"https:\/\/schema.org","@graph":[{"@type":"WebPage","@id":"https:\/\/www.etoilesportivemontoise.fr\/football\/horaires-des-entrainements\/","url":"https:\/\/www.etoilesportivemontoise.fr\/football\/horaires-des-entrainements\/","name":"Horaires des entra\u00eenements - ESM Foot","isPartOf":{"@id":"https:\/\/www.etoilesportivemontoise.fr\/football\/#website"},"datePublished":"2015-01-05T16:55:49+00:00","dateModified":"2025-09-24T16:25:35+00:00","breadcrumb":{"@id":"https:\/\/www.etoilesportivemontoise.fr\/football\/horaires-des-entrainements\/#breadcrumb"},"inLanguage":"fr-FR","potentialAction":[{"@type":"ReadAction","target":["https:\/\/www.etoilesportivemontoise.fr\/football\/horaires-des-entrainements\/"]}]},{"@type":"BreadcrumbList","@id":"https:\/\/www.etoilesportivemontoise.fr\/football\/horaires-des-entrainements\/#breadcrumb","itemListElement":[{"@type":"ListItem","position":1,"name":"Accueil","item":"https:\/\/www.etoilesportivemontoise.fr\/football\/"},{"@type":"ListItem","position":2,"name":"Horaires des entra\u00eenements"}]},{"@type":"WebSite","@id":"https:\/\/www.etoilesportivemontoise.fr\/football\/#website","url":"https:\/\/www.etoilesportivemontoise.fr\/football\/","name":"ESM Foot","description":"Club Football Mont de Marsan","potentialAction":[{"@type":"SearchAction","target":{"@type":"EntryPoint","urlTemplate":"https:\/\/www.etoilesportivemontoise.fr\/football\/?s={search_term_string}"},"query-input":{"@type":"PropertyValueSpecification","valueRequired":true,"valueName":"search_term_string"}}],"inLanguage":"fr-FR"}]}},"_links":{"self":[{"href":"https:\/\/www.etoilesportivemontoise.fr\/football\/wp-json\/wp\/v2\/pages\/3117","targetHints":{"allow":["GET"]}}],"collection":[{"href":"https:\/\/www.etoilesportivemontoise.fr\/football\/wp-json\/wp\/v2\/pages"}],"about":[{"href":"https:\/\/www.etoilesportivemontoise.fr\/football\/wp-json\/wp\/v2\/types\/page"}],"author":[{"embeddable":true,"href":"https:\/\/www.etoilesportivemontoise.fr\/football\/wp-json\/wp\/v2\/users\/1"}],"replies":[{"embeddable":true,"href":"https:\/\/www.etoilesportivemontoise.fr\/football\/wp-json\/wp\/v2\/comments?post=3117"}],"version-history":[{"count":47,"href":"https:\/\/www.etoilesportivemontoise.fr\/football\/wp-json\/wp\/v2\/pages\/3117\/revisions"}],"predecessor-version":[{"id":5374,"href":"https:\/\/www.etoilesportivemontoise.fr\/football\/wp-json\/wp\/v2\/pages\/3117\/revisions\/5374"}],"wp:attachment":[{"href":"https:\/\/www.etoilesportivemontoise.fr\/football\/wp-json\/wp\/v2\/media?parent=3117"}],"curies":[{"name":"wp","href":"https:\/\/api.w.org\/{rel}","templated":true}]}}