{"id":1811,"date":"2013-10-17T12:34:47","date_gmt":"2013-10-17T12:34:47","guid":{"rendered":"http:\/\/demo.qodeinteractive.com\/subway\/?page_id=1811"},"modified":"2026-02-25T21:57:07","modified_gmt":"2026-02-25T21:57:07","slug":"accueil","status":"publish","type":"page","link":"https:\/\/www.etoilesportivemontoise.fr\/gymnastique\/","title":{"rendered":"Accueil"},"content":{"rendered":"<section class=\"wpb-content-wrapper\">[vc_row row_type=\u00a0\u00bbsection\u00a0\u00bb type=\u00a0\u00bbgrid\u00a0\u00bb text_align=\u00a0\u00bbcenter\u00a0\u00bb video=\u00a0\u00bb\u00a0\u00bb padding_top=\u00a0\u00bb35&Prime; padding_bottom=\u00a0\u00bb0&Prime;][vc_column][vc_btn title=\u00a0\u00bbInformations Saison 2025\/2026&Prime; color=\u00a0\u00bbpink\u00a0\u00bb size=\u00a0\u00bblg\u00a0\u00bb link=\u00a0\u00bburl:https%3A%2F%2Fwww.etoilesportivemontoise.fr%2Fgymnastique%2Fdocumentation%2F\u00a0\u00bb][vc_empty_space height=\u00a0\u00bb18px\u00a0\u00bb][vc_row_inner row_type=\u00a0\u00bbrow\u00a0\u00bb text_align=\u00a0\u00bbleft\u00a0\u00bb][vc_column_inner width=\u00a0\u00bb1\/4&Prime;]<div class=\"box_image_with_border\"><div class=\"box_image_holder\"><a href=\"http:\/\/www.etoilesportivemontoise.fr\/gymnastique\/presentation\/\" target=\"_self\"><span class=\"box_image_shadow\"><\/span><span class=\"image_holder_inner\"><img decoding=\"async\" src=\"https:\/\/www.etoilesportivemontoise.fr\/content\/uploads\/sites\/5\/2023\/01\/PXL_20220826_105710366.PANO_.jpg\" alt=\"LE CLUB\" \/><\/span><span class=\"box_icon\"><span class=\"icon-stack\"><i class=\"icon-circle icon-stack-base\" style=\"color: #00008b;\"><\/i><i class=\"icon-home icon-light\"><\/i><\/span><\/span><\/a><\/div><h3 >LE CLUB<\/h3>Quelques mots d&rsquo;histoire au sujet de la section gymnastique<span class=\"separator transparent\" style=\"margin: 12px 0;\"><\/span><\/div>[\/vc_column_inner][vc_column_inner width=\u00a0\u00bb1\/4&Prime;]<div class=\"box_image_with_border\"><div class=\"box_image_holder\"><a href=\"https:\/\/www.etoilesportivemontoise.fr\/gymnastique\/2026\/02\/25\/boutique-2025-2026\/\" target=\"_self\"><span class=\"box_image_shadow\"><\/span><span class=\"image_holder_inner\"><img decoding=\"async\" src=\"https:\/\/www.etoilesportivemontoise.fr\/content\/uploads\/sites\/5\/2026\/02\/Sans-titre.png\" alt=\"BOUTIQUE\" \/><\/span><span class=\"box_icon\"><span class=\"icon-stack\"><i class=\"icon-circle icon-stack-base\" style=\"color: #00008b;\"><\/i><i class=\"icon-shopping-cart icon-light\"><\/i><\/span><\/span><\/a><\/div><h3 >BOUTIQUE<\/h3>Ensemble portons<\/p>\n<p>les m\u00eames couleurs.<span class=\"separator transparent\" style=\"margin: 12px 0;\"><\/span><\/div>[\/vc_column_inner][vc_column_inner width=\u00a0\u00bb1\/4&Prime;]<div class=\"box_image_with_border\"><div class=\"box_image_holder\"><a href=\"http:\/\/www.etoilesportivemontoise.fr\/gymnastique\/agenda\/\" target=\"_self\"><span class=\"box_image_shadow\"><\/span><span class=\"image_holder_inner\"><img decoding=\"async\" src=\"https:\/\/www.etoilesportivemontoise.fr\/content\/uploads\/sites\/5\/2023\/01\/agenda.jpg\" alt=\"AGENDA\" \/><\/span><span class=\"box_icon\"><span class=\"icon-stack\"><i class=\"icon-circle icon-stack-base\" style=\"color: #00008b;\"><\/i><i class=\"icon-calendar icon-light\"><\/i><\/span><\/span><\/a><\/div><h3 >AGENDA<\/h3>Toutes les dates des comp\u00e9titions et des \u00e9v\u00e9nements \u00e0 venir !<span class=\"separator transparent\" style=\"margin: 12px 0;\"><\/span><\/div>[\/vc_column_inner][vc_column_inner width=\u00a0\u00bb1\/4&Prime;]<div class=\"box_image_with_border\"><div class=\"box_image_holder\"><a href=\"http:\/\/www.etoilesportivemontoise.fr\/gymnastique\/category\/videos\/\" target=\"_self\"><span class=\"box_image_shadow\"><\/span><span class=\"image_holder_inner\"><img decoding=\"async\" src=\"https:\/\/www.etoilesportivemontoise.fr\/content\/uploads\/sites\/5\/2023\/01\/le-club.jpg\" alt=\"NOS VIDEOS\" \/><\/span><span class=\"box_icon\"><span class=\"icon-stack\"><i class=\"icon-circle icon-stack-base\" style=\"color: #00008b;\"><\/i><i class=\"icon-camera icon-light\"><\/i><\/span><\/span><\/a><\/div><h3 >NOS VIDEOS<\/h3>D\u00e9couvrez nos vid\u00e9os<\/p>\n<p>r\u00e9alis\u00e9es en interne !<span class=\"separator transparent\" style=\"margin: 12px 0;\"><\/span><\/div>[\/vc_column_inner][\/vc_row_inner][vc_empty_space][\/vc_column][\/vc_row][vc_row row_type=\u00a0\u00bbsection\u00a0\u00bb type=\u00a0\u00bbgrid\u00a0\u00bb text_align=\u00a0\u00bbleft\u00a0\u00bb video=\u00a0\u00bb\u00a0\u00bb border_color=\u00a0\u00bbtransparent\u00a0\u00bb padding_top=\u00a0\u00bb35&Prime; padding_bottom=\u00a0\u00bb0&Prime;][vc_column][vc_column_text css=\u00a0\u00bb.vc_custom_1710195930529{margin-top: 10px !important;margin-bottom: 10px !important;}\u00a0\u00bb]\n<h1>Actualit\u00e9s<\/h1>\n[\/vc_column_text]<div class='latest_post_holder'><ul><li class=\"four\"><div class=\"latest_post\"><a href=\"https:\/\/www.etoilesportivemontoise.fr\/gymnastique\/2026\/02\/25\/boutique-2025-2026\/\"><img loading=\"lazy\" decoding=\"async\" width=\"467\" height=\"226\" src=\"https:\/\/www.etoilesportivemontoise.fr\/content\/uploads\/sites\/5\/2024\/05\/imgLogo467x226.png\" class=\"attachment-full size-full wp-post-image\" alt=\"\" srcset=\"https:\/\/www.etoilesportivemontoise.fr\/content\/uploads\/sites\/5\/2024\/05\/imgLogo467x226.png 467w, https:\/\/www.etoilesportivemontoise.fr\/content\/uploads\/sites\/5\/2024\/05\/imgLogo467x226-300x145.png 300w\" sizes=\"auto, (max-width: 467px) 100vw, 467px\" \/><\/a><div class=\"latest_post_text\"><div class=\"latest_post_inner\"><span class=\"latest_date\"><span class=\"date\">25<\/span><span class=\"month\">F\u00e9v<\/span><\/span><h4><a href=\"https:\/\/www.etoilesportivemontoise.fr\/gymnastique\/2026\/02\/25\/boutique-2025-2026\/\">Boutique 2025 &#8211; 2026<\/a><\/h4><span class=\"latest_category\">In <a href=\"https:\/\/www.etoilesportivemontoise.fr\/gymnastique\/category\/actualites\/\">Actualit\u00e9s<\/a> <\/span><\/div><\/div><\/div><\/li><li class=\"four\"><div class=\"latest_post\"><a href=\"https:\/\/www.etoilesportivemontoise.fr\/gymnastique\/2025\/12\/02\/noel-de-la-gym-2025-%f0%9f%8e%84\/\"><img loading=\"lazy\" decoding=\"async\" width=\"467\" height=\"226\" src=\"https:\/\/www.etoilesportivemontoise.fr\/content\/uploads\/sites\/5\/2024\/11\/admin-ajax.jpeg\" class=\"attachment-full size-full wp-post-image\" alt=\"\" srcset=\"https:\/\/www.etoilesportivemontoise.fr\/content\/uploads\/sites\/5\/2024\/11\/admin-ajax.jpeg 467w, https:\/\/www.etoilesportivemontoise.fr\/content\/uploads\/sites\/5\/2024\/11\/admin-ajax-300x145.jpeg 300w\" sizes=\"auto, (max-width: 467px) 100vw, 467px\" \/><\/a><div class=\"latest_post_text\"><div class=\"latest_post_inner\"><span class=\"latest_date\"><span class=\"date\">02<\/span><span class=\"month\">D\u00e9c<\/span><\/span><h4><a href=\"https:\/\/www.etoilesportivemontoise.fr\/gymnastique\/2025\/12\/02\/noel-de-la-gym-2025-%f0%9f%8e%84\/\">No\u00ebl de la gym 2025 \ud83c\udf84<\/a><\/h4><span class=\"latest_category\">In <a href=\"https:\/\/www.etoilesportivemontoise.fr\/gymnastique\/category\/actualites\/\">Actualit\u00e9s<\/a> <\/span><\/div><\/div><\/div><\/li><\/ul><\/div>[\/vc_column][\/vc_row][vc_row row_type=\u00a0\u00bbsection\u00a0\u00bb type=\u00a0\u00bbgrid\u00a0\u00bb text_align=\u00a0\u00bbleft\u00a0\u00bb video=\u00a0\u00bb\u00a0\u00bb border_color=\u00a0\u00bbtransparent\u00a0\u00bb padding_top=\u00a0\u00bb35&Prime; padding_bottom=\u00a0\u00bb0&Prime;][vc_column][vc_column_text]\n<h1>R\u00e9sultats<\/h1>\n[\/vc_column_text]<div class='latest_post_holder'><ul><li class=\"four\"><div class=\"latest_post\"><a href=\"https:\/\/www.etoilesportivemontoise.fr\/gymnastique\/2024\/02\/23\/competition-gaf-du-18-02-2024-a-mont-de-marsan\/\"><\/a><div class=\"latest_post_text\"><div class=\"latest_post_inner\"><span class=\"latest_date\"><span class=\"date\">23<\/span><span class=\"month\">F\u00e9v<\/span><\/span><h4><a href=\"https:\/\/www.etoilesportivemontoise.fr\/gymnastique\/2024\/02\/23\/competition-gaf-du-18-02-2024-a-mont-de-marsan\/\">Comp\u00e9tition GAF du 18.02.2024 \u00e0 Mont-de-marsan<\/a><\/h4><span class=\"latest_category\">In <a href=\"https:\/\/www.etoilesportivemontoise.fr\/gymnastique\/category\/resultats\/\">R\u00e9sultats<\/a>  <a href=\"https:\/\/www.etoilesportivemontoise.fr\/gymnastique\/category\/resultats\/saison-2023-2024\/\">Saison 2023\/2024<\/a> <\/span><\/div><\/div><\/div><\/li><li class=\"four\"><div class=\"latest_post\"><a href=\"https:\/\/www.etoilesportivemontoise.fr\/gymnastique\/2024\/02\/23\/competition-gam-gaf-du-18\/\"><\/a><div class=\"latest_post_text\"><div class=\"latest_post_inner\"><span class=\"latest_date\"><span class=\"date\">23<\/span><span class=\"month\">F\u00e9v<\/span><\/span><h4><a href=\"https:\/\/www.etoilesportivemontoise.fr\/gymnastique\/2024\/02\/23\/competition-gam-gaf-du-18\/\">Comp\u00e9tition GAM du 18.02.2024 \u00e0 Mont-de-marsan<\/a><\/h4><span class=\"latest_category\">In <a href=\"https:\/\/www.etoilesportivemontoise.fr\/gymnastique\/category\/resultats\/\">R\u00e9sultats<\/a>  <a href=\"https:\/\/www.etoilesportivemontoise.fr\/gymnastique\/category\/resultats\/saison-2023-2024\/\">Saison 2023\/2024<\/a> <\/span><\/div><\/div><\/div><\/li><\/ul><\/div>[\/vc_column][\/vc_row]\n<\/section>","protected":false},"excerpt":{"rendered":"<p>[vc_row row_type=\u00a0\u00bbsection\u00a0\u00bb type=\u00a0\u00bbgrid\u00a0\u00bb text_align=\u00a0\u00bbcenter\u00a0\u00bb video=\u00a0\u00bb\u00a0\u00bb padding_top=\u00a0\u00bb35&Prime; padding_bottom=\u00a0\u00bb0&Prime;][vc_column][vc_btn title=\u00a0\u00bbInformations Saison 2025\/2026&Prime; color=\u00a0\u00bbpink\u00a0\u00bb size=\u00a0\u00bblg\u00a0\u00bb link=\u00a0\u00bburl:https%3A%2F%2Fwww.etoilesportivemontoise.fr%2Fgymnastique%2Fdocumentation%2F\u00a0\u00bb][vc_empty_space height=\u00a0\u00bb18px\u00a0\u00bb][vc_row_inner row_type=\u00a0\u00bbrow\u00a0\u00bb text_align=\u00a0\u00bbleft\u00a0\u00bb][vc_column_inner width=\u00a0\u00bb1\/4&Prime;][\/vc_column_inner][vc_column_inner width=\u00a0\u00bb1\/4&Prime;][\/vc_column_inner][vc_column_inner width=\u00a0\u00bb1\/4&Prime;][\/vc_column_inner][vc_column_inner width=\u00a0\u00bb1\/4&Prime;][\/vc_column_inner][\/vc_row_inner][vc_empty_space][\/vc_column][\/vc_row][vc_row row_type=\u00a0\u00bbsection\u00a0\u00bb type=\u00a0\u00bbgrid\u00a0\u00bb text_align=\u00a0\u00bbleft\u00a0\u00bb video=\u00a0\u00bb\u00a0\u00bb border_color=\u00a0\u00bbtransparent\u00a0\u00bb padding_top=\u00a0\u00bb35&Prime; padding_bottom=\u00a0\u00bb0&Prime;][vc_column][vc_column_text css=\u00a0\u00bb.vc_custom_1710195930529{margin-top: 10px !important;margin-bottom: 10px !important;}\u00a0\u00bb] Actualit\u00e9s [\/vc_column_text][\/vc_column][\/vc_row][vc_row row_type=\u00a0\u00bbsection\u00a0\u00bb type=\u00a0\u00bbgrid\u00a0\u00bb text_align=\u00a0\u00bbleft\u00a0\u00bb video=\u00a0\u00bb\u00a0\u00bb border_color=\u00a0\u00bbtransparent\u00a0\u00bb padding_top=\u00a0\u00bb35&Prime; padding_bottom=\u00a0\u00bb0&Prime;][vc_column][vc_column_text] R\u00e9sultats [\/vc_column_text][\/vc_column][\/vc_row]<\/p>\n","protected":false},"author":1,"featured_media":0,"parent":0,"menu_order":0,"comment_status":"closed","ping_status":"closed","template":"full_width.php","meta":{"footnotes":""},"class_list":["post-1811","page","type-page","status-publish","hentry"],"yoast_head":"<!-- This site is optimized with the Yoast SEO plugin v27.3 - https:\/\/yoast.com\/product\/yoast-seo-wordpress\/ -->\n<title>Accueil - ESM Gym<\/title>\n<meta name=\"description\" content=\"[vc_row row_type=&quot;row&quot; text_align=&quot;left&quot; css_animation=&quot;&quot;][vc_column width=&quot;1\/2&quot;] Nom* Pr\u00e9nom* Email* Objet Message [\/vc_column][vc_column width=&quot;1\/2&quot;][vc_c\" \/>\n<meta name=\"robots\" content=\"index, follow, max-snippet:-1, max-image-preview:large, max-video-preview:-1\" \/>\n<link rel=\"canonical\" href=\"https:\/\/www.etoilesportivemontoise.fr\/gymnastique\/\" \/>\n<meta property=\"og:locale\" content=\"fr_FR\" \/>\n<meta property=\"og:type\" content=\"article\" \/>\n<meta property=\"og:title\" content=\"Accueil - ESM Gym\" \/>\n<meta property=\"og:description\" content=\"[vc_row row_type=&quot;row&quot; text_align=&quot;left&quot; css_animation=&quot;&quot;][vc_column width=&quot;1\/2&quot;] Nom* Pr\u00e9nom* Email* Objet Message [\/vc_column][vc_column width=&quot;1\/2&quot;][vc_c\" \/>\n<meta property=\"og:url\" content=\"https:\/\/www.etoilesportivemontoise.fr\/gymnastique\/\" \/>\n<meta property=\"og:site_name\" content=\"ESM Gym\" \/>\n<meta property=\"article:modified_time\" content=\"2026-02-25T21:57:07+00:00\" \/>\n<meta name=\"twitter:label1\" content=\"Dur\u00e9e de lecture estim\u00e9e\" \/>\n\t<meta name=\"twitter:data1\" content=\"2 minutes\" \/>\n<script type=\"application\/ld+json\" class=\"yoast-schema-graph\">{\"@context\":\"https:\\\/\\\/schema.org\",\"@graph\":[{\"@type\":\"WebPage\",\"@id\":\"https:\\\/\\\/www.etoilesportivemontoise.fr\\\/gymnastique\\\/\",\"url\":\"https:\\\/\\\/www.etoilesportivemontoise.fr\\\/gymnastique\\\/\",\"name\":\"Accueil - ESM Gym\",\"isPartOf\":{\"@id\":\"https:\\\/\\\/www.etoilesportivemontoise.fr\\\/gymnastique\\\/#website\"},\"datePublished\":\"2013-10-17T12:34:47+00:00\",\"dateModified\":\"2026-02-25T21:57:07+00:00\",\"description\":\"[vc_row row_type=\\\"row\\\" text_align=\\\"left\\\" css_animation=\\\"\\\"][vc_column width=\\\"1\\\/2\\\"] Nom* Pr\u00e9nom* Email* Objet Message [\\\/vc_column][vc_column width=\\\"1\\\/2\\\"][vc_c\",\"breadcrumb\":{\"@id\":\"https:\\\/\\\/www.etoilesportivemontoise.fr\\\/gymnastique\\\/#breadcrumb\"},\"inLanguage\":\"fr-FR\",\"potentialAction\":[{\"@type\":\"ReadAction\",\"target\":[\"https:\\\/\\\/www.etoilesportivemontoise.fr\\\/gymnastique\\\/\"]}]},{\"@type\":\"BreadcrumbList\",\"@id\":\"https:\\\/\\\/www.etoilesportivemontoise.fr\\\/gymnastique\\\/#breadcrumb\",\"itemListElement\":[{\"@type\":\"ListItem\",\"position\":1,\"name\":\"Accueil\",\"item\":\"https:\\\/\\\/www.etoilesportivemontoise.fr\\\/gymnastique\\\/\"},{\"@type\":\"ListItem\",\"position\":2,\"name\":\"Accueil\"}]},{\"@type\":\"WebSite\",\"@id\":\"https:\\\/\\\/www.etoilesportivemontoise.fr\\\/gymnastique\\\/#website\",\"url\":\"https:\\\/\\\/www.etoilesportivemontoise.fr\\\/gymnastique\\\/\",\"name\":\"ESM Gym\",\"description\":\"Club de Gymnastique sur Mont-de-marsan \",\"potentialAction\":[{\"@type\":\"SearchAction\",\"target\":{\"@type\":\"EntryPoint\",\"urlTemplate\":\"https:\\\/\\\/www.etoilesportivemontoise.fr\\\/gymnastique\\\/?s={search_term_string}\"},\"query-input\":{\"@type\":\"PropertyValueSpecification\",\"valueRequired\":true,\"valueName\":\"search_term_string\"}}],\"inLanguage\":\"fr-FR\"}]}<\/script>\n<!-- \/ Yoast SEO plugin. -->","yoast_head_json":{"title":"Accueil - ESM Gym","description":"[vc_row row_type=\"row\" text_align=\"left\" css_animation=\"\"][vc_column width=\"1\/2\"] Nom* Pr\u00e9nom* Email* Objet Message [\/vc_column][vc_column width=\"1\/2\"][vc_c","robots":{"index":"index","follow":"follow","max-snippet":"max-snippet:-1","max-image-preview":"max-image-preview:large","max-video-preview":"max-video-preview:-1"},"canonical":"https:\/\/www.etoilesportivemontoise.fr\/gymnastique\/","og_locale":"fr_FR","og_type":"article","og_title":"Accueil - ESM Gym","og_description":"[vc_row row_type=\"row\" text_align=\"left\" css_animation=\"\"][vc_column width=\"1\/2\"] Nom* Pr\u00e9nom* Email* Objet Message [\/vc_column][vc_column width=\"1\/2\"][vc_c","og_url":"https:\/\/www.etoilesportivemontoise.fr\/gymnastique\/","og_site_name":"ESM Gym","article_modified_time":"2026-02-25T21:57:07+00:00","twitter_misc":{"Dur\u00e9e de lecture estim\u00e9e":"2 minutes"},"schema":{"@context":"https:\/\/schema.org","@graph":[{"@type":"WebPage","@id":"https:\/\/www.etoilesportivemontoise.fr\/gymnastique\/","url":"https:\/\/www.etoilesportivemontoise.fr\/gymnastique\/","name":"Accueil - ESM Gym","isPartOf":{"@id":"https:\/\/www.etoilesportivemontoise.fr\/gymnastique\/#website"},"datePublished":"2013-10-17T12:34:47+00:00","dateModified":"2026-02-25T21:57:07+00:00","description":"[vc_row row_type=\"row\" text_align=\"left\" css_animation=\"\"][vc_column width=\"1\/2\"] Nom* Pr\u00e9nom* Email* Objet Message [\/vc_column][vc_column width=\"1\/2\"][vc_c","breadcrumb":{"@id":"https:\/\/www.etoilesportivemontoise.fr\/gymnastique\/#breadcrumb"},"inLanguage":"fr-FR","potentialAction":[{"@type":"ReadAction","target":["https:\/\/www.etoilesportivemontoise.fr\/gymnastique\/"]}]},{"@type":"BreadcrumbList","@id":"https:\/\/www.etoilesportivemontoise.fr\/gymnastique\/#breadcrumb","itemListElement":[{"@type":"ListItem","position":1,"name":"Accueil","item":"https:\/\/www.etoilesportivemontoise.fr\/gymnastique\/"},{"@type":"ListItem","position":2,"name":"Accueil"}]},{"@type":"WebSite","@id":"https:\/\/www.etoilesportivemontoise.fr\/gymnastique\/#website","url":"https:\/\/www.etoilesportivemontoise.fr\/gymnastique\/","name":"ESM Gym","description":"Club de Gymnastique sur Mont-de-marsan ","potentialAction":[{"@type":"SearchAction","target":{"@type":"EntryPoint","urlTemplate":"https:\/\/www.etoilesportivemontoise.fr\/gymnastique\/?s={search_term_string}"},"query-input":{"@type":"PropertyValueSpecification","valueRequired":true,"valueName":"search_term_string"}}],"inLanguage":"fr-FR"}]}},"_links":{"self":[{"href":"https:\/\/www.etoilesportivemontoise.fr\/gymnastique\/wp-json\/wp\/v2\/pages\/1811","targetHints":{"allow":["GET"]}}],"collection":[{"href":"https:\/\/www.etoilesportivemontoise.fr\/gymnastique\/wp-json\/wp\/v2\/pages"}],"about":[{"href":"https:\/\/www.etoilesportivemontoise.fr\/gymnastique\/wp-json\/wp\/v2\/types\/page"}],"author":[{"embeddable":true,"href":"https:\/\/www.etoilesportivemontoise.fr\/gymnastique\/wp-json\/wp\/v2\/users\/1"}],"replies":[{"embeddable":true,"href":"https:\/\/www.etoilesportivemontoise.fr\/gymnastique\/wp-json\/wp\/v2\/comments?post=1811"}],"version-history":[{"count":198,"href":"https:\/\/www.etoilesportivemontoise.fr\/gymnastique\/wp-json\/wp\/v2\/pages\/1811\/revisions"}],"predecessor-version":[{"id":4874,"href":"https:\/\/www.etoilesportivemontoise.fr\/gymnastique\/wp-json\/wp\/v2\/pages\/1811\/revisions\/4874"}],"wp:attachment":[{"href":"https:\/\/www.etoilesportivemontoise.fr\/gymnastique\/wp-json\/wp\/v2\/media?parent=1811"}],"curies":[{"name":"wp","href":"https:\/\/api.w.org\/{rel}","templated":true}]}}