{"id":3085,"date":"2015-01-05T16:58:58","date_gmt":"2015-01-05T15:58:58","guid":{"rendered":"http:\/\/www.etoilesportivemontoise.fr\/football\/?page_id=3085"},"modified":"2016-08-31T13:52:53","modified_gmt":"2016-08-31T13:52:53","slug":"historique","status":"publish","type":"page","link":"https:\/\/www.etoilesportivemontoise.fr\/gymnastique\/historique\/","title":{"rendered":"Historique"},"content":{"rendered":"<section class=\"wpb-content-wrapper\">[vc_row row_type=\u00a0\u00bbrow\u00a0\u00bb text_align=\u00a0\u00bbleft\u00a0\u00bb css_animation=\u00a0\u00bb\u00a0\u00bb css=\u00a0\u00bb.vc_custom_1420475133741{margin-bottom: 20px !important;}\u00a0\u00bb][vc_column][vc_column_text]La section gymnastique de l&rsquo;Etoile Sportive Montoise est la plus ancienne association sportive de Mont-de-Marsan.<\/p>\n<p>&nbsp;<\/p>\n<p>S&rsquo;il n&rsquo;est pas n\u00e9cessaire de faire l&rsquo;historique du long et riche pass\u00e9 de notre club, on peut cependant rappeler des dates ou p\u00e9riodes importantes qui ont marqu\u00e9 son \u00e9volution et orient\u00e9 son fonctionnement\u00a0:<\/p>\n<p>&nbsp;<\/p>\n<ul>\n<li><strong>1893<\/strong>\u00a0: Cr\u00e9ation de la section gymnastique sous le nom de Patronage Saint Joseph,<\/li>\n<li><strong>1907<\/strong>\u00a0: Le patronage Saint Joseph prend le nom de \u00ab\u00a0Etoile Sportive Montoise\u00a0\u00bb,<\/li>\n<li><strong>1970<\/strong>\u00a0: Cr\u00e9ation de la section f\u00e9minine,<\/li>\n<li><strong>1977<\/strong>\u00a0: Emm\u00e9nagement salle rue commandant Pardailhan (salle sp\u00e9cialis\u00e9e de 500 m\u00b2)<\/li>\n<li><strong>1983<\/strong>\u00a0: Affiliation \u00e0 la F\u00e9d\u00e9ration Fran\u00e7aise de Gymnastique,<\/li>\n<li><strong>1985<\/strong>\u00a0: Cr\u00e9ation section loisir adultes,<\/li>\n<li><strong>1989<\/strong>\u00a0: Cr\u00e9ation secteur loisir GAM (gym gar\u00e7ons) et GAF (gym filles),<\/li>\n<li><strong>1990<\/strong>\u00a0: Cr\u00e9ation du 1<sup>er<\/sup> emploi \u00e0 temps complet pour un cadre technique f\u00e9minin,<\/li>\n<li><strong>1991<\/strong>\u00a0: Cr\u00e9ation secteur Petite enfance (baby gym et \u00e9veil gym)<\/li>\n<li><strong>1998<\/strong>\u00a0:\n<ul>\n<li class=\"list-indent\">emm\u00e9nagement dans la salle actuelle avenue du Colonel Rozanoff (salle sp\u00e9cialis\u00e9e 1200 m\u00b2)<\/li>\n<li class=\"list-indent\">Cr\u00e9ation d\u2019une section gymnastique rythmique et sportive (durant 2 ans)<\/li>\n<\/ul>\n<\/li>\n<li><strong>2007<\/strong>\u00a0: Cr\u00e9ation section acrosport (durant 3 ans)<\/li>\n<li><strong>2012<\/strong>\u00a0: Cr\u00e9ation et am\u00e9nagement d\u2019une salle annexe d\u2019environ 70m\u00b2 pour le loisir adultes<\/li>\n<li><strong>2013<\/strong> : Cr\u00e9ation d&rsquo;une section gymnastique pour les s\u00e9niors<\/li>\n<\/ul>\n[\/vc_column_text][\/vc_column][\/vc_row][vc_row row_type=\u00a0\u00bbrow\u00a0\u00bb text_align=\u00a0\u00bbleft\u00a0\u00bb css_animation=\u00a0\u00bb\u00a0\u00bb][vc_column][vc_separator type=\u00a0\u00bbtransparent\u00a0\u00bb up=\u00a0\u00bb15&Prime; down=\u00a0\u00bb15&Prime;][\/vc_column][\/vc_row]\n<\/section>","protected":false},"excerpt":{"rendered":"<p>[vc_row row_type=\u00a0\u00bbrow\u00a0\u00bb text_align=\u00a0\u00bbleft\u00a0\u00bb css_animation=\u00a0\u00bb\u00a0\u00bb css=\u00a0\u00bb.vc_custom_1420475133741{margin-bottom: 20px !important;}\u00a0\u00bb][vc_column][vc_column_text]La section gymnastique de l&rsquo;Etoile Sportive Montoise est la plus ancienne association sportive de Mont-de-Marsan. &nbsp; S&rsquo;il n&rsquo;est pas n\u00e9cessaire de faire l&rsquo;historique du long et riche pass\u00e9 de notre club, on peut cependant rappeler des dates ou p\u00e9riodes&#8230;<\/p>\n","protected":false},"author":1,"featured_media":0,"parent":0,"menu_order":0,"comment_status":"open","ping_status":"open","template":"","meta":{"footnotes":""},"class_list":["post-3085","page","type-page","status-publish","hentry"],"yoast_head":"<!-- This site is optimized with the Yoast SEO plugin v27.3 - https:\/\/yoast.com\/product\/yoast-seo-wordpress\/ -->\n<title>Historique - ESM Gym<\/title>\n<meta name=\"robots\" content=\"index, follow, max-snippet:-1, max-image-preview:large, max-video-preview:-1\" \/>\n<link rel=\"canonical\" href=\"https:\/\/www.etoilesportivemontoise.fr\/gymnastique\/historique\/\" \/>\n<meta property=\"og:locale\" content=\"fr_FR\" \/>\n<meta property=\"og:type\" content=\"article\" \/>\n<meta property=\"og:title\" content=\"Historique - ESM Gym\" \/>\n<meta property=\"og:description\" content=\"[vc_row row_type=\u00a0\u00bbrow\u00a0\u00bb text_align=\u00a0\u00bbleft\u00a0\u00bb css_animation=\u00a0\u00bb\u00a0\u00bb css=\u00a0\u00bb.vc_custom_1420475133741{margin-bottom: 20px !important;}\u00a0\u00bb][vc_column][vc_column_text]La section gymnastique de l&rsquo;Etoile Sportive Montoise est la plus ancienne association sportive de Mont-de-Marsan. &nbsp; S&rsquo;il n&rsquo;est pas n\u00e9cessaire de faire l&rsquo;historique du long et riche pass\u00e9 de notre club, on peut cependant rappeler des dates ou p\u00e9riodes...\" \/>\n<meta property=\"og:url\" content=\"https:\/\/www.etoilesportivemontoise.fr\/gymnastique\/historique\/\" \/>\n<meta property=\"og:site_name\" content=\"ESM Gym\" \/>\n<meta property=\"article:modified_time\" content=\"2016-08-31T13:52:53+00:00\" \/>\n<meta name=\"twitter:label1\" content=\"Dur\u00e9e de lecture estim\u00e9e\" \/>\n\t<meta name=\"twitter:data1\" content=\"1 minute\" \/>\n<script type=\"application\/ld+json\" class=\"yoast-schema-graph\">{\"@context\":\"https:\\\/\\\/schema.org\",\"@graph\":[{\"@type\":\"WebPage\",\"@id\":\"https:\\\/\\\/www.etoilesportivemontoise.fr\\\/gymnastique\\\/historique\\\/\",\"url\":\"https:\\\/\\\/www.etoilesportivemontoise.fr\\\/gymnastique\\\/historique\\\/\",\"name\":\"Historique - ESM Gym\",\"isPartOf\":{\"@id\":\"https:\\\/\\\/www.etoilesportivemontoise.fr\\\/gymnastique\\\/#website\"},\"datePublished\":\"2015-01-05T15:58:58+00:00\",\"dateModified\":\"2016-08-31T13:52:53+00:00\",\"breadcrumb\":{\"@id\":\"https:\\\/\\\/www.etoilesportivemontoise.fr\\\/gymnastique\\\/historique\\\/#breadcrumb\"},\"inLanguage\":\"fr-FR\",\"potentialAction\":[{\"@type\":\"ReadAction\",\"target\":[\"https:\\\/\\\/www.etoilesportivemontoise.fr\\\/gymnastique\\\/historique\\\/\"]}]},{\"@type\":\"BreadcrumbList\",\"@id\":\"https:\\\/\\\/www.etoilesportivemontoise.fr\\\/gymnastique\\\/historique\\\/#breadcrumb\",\"itemListElement\":[{\"@type\":\"ListItem\",\"position\":1,\"name\":\"Accueil\",\"item\":\"https:\\\/\\\/www.etoilesportivemontoise.fr\\\/gymnastique\\\/\"},{\"@type\":\"ListItem\",\"position\":2,\"name\":\"Historique\"}]},{\"@type\":\"WebSite\",\"@id\":\"https:\\\/\\\/www.etoilesportivemontoise.fr\\\/gymnastique\\\/#website\",\"url\":\"https:\\\/\\\/www.etoilesportivemontoise.fr\\\/gymnastique\\\/\",\"name\":\"ESM Gym\",\"description\":\"Club de Gymnastique sur Mont-de-marsan \",\"potentialAction\":[{\"@type\":\"SearchAction\",\"target\":{\"@type\":\"EntryPoint\",\"urlTemplate\":\"https:\\\/\\\/www.etoilesportivemontoise.fr\\\/gymnastique\\\/?s={search_term_string}\"},\"query-input\":{\"@type\":\"PropertyValueSpecification\",\"valueRequired\":true,\"valueName\":\"search_term_string\"}}],\"inLanguage\":\"fr-FR\"}]}<\/script>\n<!-- \/ Yoast SEO plugin. -->","yoast_head_json":{"title":"Historique - ESM Gym","robots":{"index":"index","follow":"follow","max-snippet":"max-snippet:-1","max-image-preview":"max-image-preview:large","max-video-preview":"max-video-preview:-1"},"canonical":"https:\/\/www.etoilesportivemontoise.fr\/gymnastique\/historique\/","og_locale":"fr_FR","og_type":"article","og_title":"Historique - ESM Gym","og_description":"[vc_row row_type=\u00a0\u00bbrow\u00a0\u00bb text_align=\u00a0\u00bbleft\u00a0\u00bb css_animation=\u00a0\u00bb\u00a0\u00bb css=\u00a0\u00bb.vc_custom_1420475133741{margin-bottom: 20px !important;}\u00a0\u00bb][vc_column][vc_column_text]La section gymnastique de l&rsquo;Etoile Sportive Montoise est la plus ancienne association sportive de Mont-de-Marsan. &nbsp; S&rsquo;il n&rsquo;est pas n\u00e9cessaire de faire l&rsquo;historique du long et riche pass\u00e9 de notre club, on peut cependant rappeler des dates ou p\u00e9riodes...","og_url":"https:\/\/www.etoilesportivemontoise.fr\/gymnastique\/historique\/","og_site_name":"ESM Gym","article_modified_time":"2016-08-31T13:52:53+00:00","twitter_misc":{"Dur\u00e9e de lecture estim\u00e9e":"1 minute"},"schema":{"@context":"https:\/\/schema.org","@graph":[{"@type":"WebPage","@id":"https:\/\/www.etoilesportivemontoise.fr\/gymnastique\/historique\/","url":"https:\/\/www.etoilesportivemontoise.fr\/gymnastique\/historique\/","name":"Historique - ESM Gym","isPartOf":{"@id":"https:\/\/www.etoilesportivemontoise.fr\/gymnastique\/#website"},"datePublished":"2015-01-05T15:58:58+00:00","dateModified":"2016-08-31T13:52:53+00:00","breadcrumb":{"@id":"https:\/\/www.etoilesportivemontoise.fr\/gymnastique\/historique\/#breadcrumb"},"inLanguage":"fr-FR","potentialAction":[{"@type":"ReadAction","target":["https:\/\/www.etoilesportivemontoise.fr\/gymnastique\/historique\/"]}]},{"@type":"BreadcrumbList","@id":"https:\/\/www.etoilesportivemontoise.fr\/gymnastique\/historique\/#breadcrumb","itemListElement":[{"@type":"ListItem","position":1,"name":"Accueil","item":"https:\/\/www.etoilesportivemontoise.fr\/gymnastique\/"},{"@type":"ListItem","position":2,"name":"Historique"}]},{"@type":"WebSite","@id":"https:\/\/www.etoilesportivemontoise.fr\/gymnastique\/#website","url":"https:\/\/www.etoilesportivemontoise.fr\/gymnastique\/","name":"ESM Gym","description":"Club de Gymnastique sur Mont-de-marsan ","potentialAction":[{"@type":"SearchAction","target":{"@type":"EntryPoint","urlTemplate":"https:\/\/www.etoilesportivemontoise.fr\/gymnastique\/?s={search_term_string}"},"query-input":{"@type":"PropertyValueSpecification","valueRequired":true,"valueName":"search_term_string"}}],"inLanguage":"fr-FR"}]}},"_links":{"self":[{"href":"https:\/\/www.etoilesportivemontoise.fr\/gymnastique\/wp-json\/wp\/v2\/pages\/3085","targetHints":{"allow":["GET"]}}],"collection":[{"href":"https:\/\/www.etoilesportivemontoise.fr\/gymnastique\/wp-json\/wp\/v2\/pages"}],"about":[{"href":"https:\/\/www.etoilesportivemontoise.fr\/gymnastique\/wp-json\/wp\/v2\/types\/page"}],"author":[{"embeddable":true,"href":"https:\/\/www.etoilesportivemontoise.fr\/gymnastique\/wp-json\/wp\/v2\/users\/1"}],"replies":[{"embeddable":true,"href":"https:\/\/www.etoilesportivemontoise.fr\/gymnastique\/wp-json\/wp\/v2\/comments?post=3085"}],"version-history":[{"count":7,"href":"https:\/\/www.etoilesportivemontoise.fr\/gymnastique\/wp-json\/wp\/v2\/pages\/3085\/revisions"}],"predecessor-version":[{"id":3531,"href":"https:\/\/www.etoilesportivemontoise.fr\/gymnastique\/wp-json\/wp\/v2\/pages\/3085\/revisions\/3531"}],"wp:attachment":[{"href":"https:\/\/www.etoilesportivemontoise.fr\/gymnastique\/wp-json\/wp\/v2\/media?parent=3085"}],"curies":[{"name":"wp","href":"https:\/\/api.w.org\/{rel}","templated":true}]}}