{"id":1811,"date":"2013-10-17T12:34:47","date_gmt":"2013-10-17T12:34:47","guid":{"rendered":"http:\/\/demo.qodeinteractive.com\/subway\/?page_id=1811"},"modified":"2025-02-13T13:14:21","modified_gmt":"2025-02-13T13:14:21","slug":"home-2","status":"publish","type":"page","link":"https:\/\/www.etoilesportivemontoise.fr\/pena-estrella\/","title":{"rendered":"Accueil"},"content":{"rendered":"<section class=\"wpb-content-wrapper\"><p><a href=\"https:\/\/www.etoilesportivemontoise.fr\/content\/uploads\/sites\/7\/2018\/03\/DSC04292.jpg\"><img loading=\"lazy\" decoding=\"async\" src=\"https:\/\/www.etoilesportivemontoise.fr\/content\/uploads\/sites\/7\/2018\/03\/DSC04292-300x180.jpg\" alt=\"\" width=\"300\" height=\"180\" class=\"alignnone size-medium wp-image-3502\" srcset=\"https:\/\/www.etoilesportivemontoise.fr\/content\/uploads\/sites\/7\/2018\/03\/DSC04292-300x180.jpg 300w, https:\/\/www.etoilesportivemontoise.fr\/content\/uploads\/sites\/7\/2018\/03\/DSC04292-768x461.jpg 768w, https:\/\/www.etoilesportivemontoise.fr\/content\/uploads\/sites\/7\/2018\/03\/DSC04292-1024x615.jpg 1024w\" sizes=\"auto, (max-width: 300px) 100vw, 300px\" \/><\/a><\/p>\n<p style=\"text-align: center\"><a href=\"http:\/\/www.etoilesportivemontoise.fr\/content\/uploads\/sites\/7\/2018\/03\/SONIA-PENA-e1521464541577.jpg\"><img loading=\"lazy\" decoding=\"async\" class=\"alignnone wp-image-3500\" src=\"http:\/\/www.etoilesportivemontoise.fr\/content\/uploads\/sites\/7\/2018\/03\/SONIA-PENA-143x300.jpg\" alt=\"SONIA PENA\" width=\"194\" height=\"407\" \/><\/a>[vc_row row_type=\u00a0\u00bbsection\u00a0\u00bb type=\u00a0\u00bbgrid\u00a0\u00bb text_align=\u00a0\u00bbcenter\u00a0\u00bb more_button_label=\u00a0\u00bbMORE FACTS\u00a0\u00bb less_button_label=\u00a0\u00bbLESS FACTS\u00a0\u00bb button_position=\u00a0\u00bbleft\u00a0\u00bb border_color=\u00a0\u00bbtransparent\u00a0\u00bb padding_bottom=\u00a0\u00bb0&Prime; padding_top=\u00a0\u00bb35&Prime;][vc_column width=\u00a0\u00bb1\/1&Prime;][vc_column_text]La section culturelle du Club Omnisports de l&rsquo;Etoile Sportive Montoise vous propose des cours de S\u00e9villane.<br \/>\nCr\u00e9\u00e9e en 1998, son but est de promouvoir la danse folklorique Sevillane, par le biais de cours (enseignement), de spectacles (d\u00e9monstration), mais aussi de voyages et d&rsquo;\u00e9changes culturels en relation avec l&rsquo;Andalousie, l&rsquo;Espagne et le monde ib\u00e9rique.<\/p>\n<p>&nbsp;<\/p>\n<p>L&rsquo;activit\u00e9 de la section comprend des cours de S\u00e9villanes s&rsquo;adressant \u00e0 des participants de niveaux et de motivation diff\u00e9rents.<\/p>\n<p>&nbsp;<\/p>\n<p>Chaque semaine, suivant les jours, se retrouvent les d\u00e9butants, ceux qui veulent seulement se perfectionner, mais aussi ceux qui acceptent de participer aux divers spectacles locaux ou r\u00e9gionaux auxquels participe la section, \u00ab\u00a0la pe\u00f1a\u00a0\u00bb.[\/vc_column_text][vc_column_text]En plus de cela, l&rsquo;ensemble des membres de l&rsquo;association, danseurs ou non, sont invit\u00e9s \u00e0 se rencontrer \u00e0 l&rsquo;occasion d&rsquo;une soir\u00e9e mensuelle conviviale. A cette occasion sont f\u00e9t\u00e9s les anniversaires du mois. D&rsquo;autres occasions s&rsquo;offrent dans l&rsquo;ann\u00e9e pour se retrouver : repas, voyage, soir\u00e9e d\u00e9gustation ou d\u00e9couverte &#8230;<\/p>\n<p>&nbsp;<\/p>\n<p>La Pe\u00f1a \u00ab\u00a0La Estrella\u00a0\u00bb se produit aussi en spectacle \u00e0 l&rsquo;occasion de f\u00eates patronales, de kermesses, d&rsquo;animations organis\u00e9es par d&rsquo;autres associations ou comit\u00e9s d&rsquo;entreprises. Pour cela, les danseurs volontaires ont \u00e0 leur disposition les tenues color\u00e9es, typiques des f\u00eates andalouses, tenues acquises en espagne et r\u00e9guli\u00e8rement renouvel\u00e9es par la pe\u00f1a. Des voyages sont organis\u00e9s, soit en Espagne (Fontarabie, Saint S\u00e9bastien, Salamanque, Jerez,\u00a0 &#8230;) soit \u00e0 l&rsquo;occasion de grandes f\u00e9rias comme Arles , N\u00eemes, St Jean de Luz&#8230; suivant l&rsquo;envie&#8230; et les volontaires pour les organiser.[\/vc_column_text][\/vc_column][\/vc_row][vc_row row_type=\u00a0\u00bbsection\u00a0\u00bb type=\u00a0\u00bbgrid\u00a0\u00bb text_align=\u00a0\u00bbleft\u00a0\u00bb border_color=\u00a0\u00bbtransparent\u00a0\u00bb padding_top=\u00a0\u00bb35&Prime; padding_bottom=\u00a0\u00bb0&Prime;][vc_column width=\u00a0\u00bb1\/4&Prime;][\/vc_column][vc_column width=\u00a0\u00bb1\/4&Prime;]<div class=\"box_image_with_border\"><div class=\"box_image_holder\"><a href=\"http:\/\/www.etoilesportivemontoise.fr\/pena-estrella\/historique\/\" target=\"_self\"><span class=\"box_image_shadow\"><\/span><span class=\"image_holder_inner\"><img decoding=\"async\" src=\"https:\/\/www.etoilesportivemontoise.fr\/content\/uploads\/sites\/7\/2013\/10\/flamenco.jpg\" alt=\"LE CLUB\" \/><\/span><span class=\"box_icon\"><span class=\"icon-stack\"><i class=\"icon-circle icon-stack-base\" style=\"color: #ee1600;\"><\/i><i class=\"icon-music icon-light\"><\/i><\/span><\/span><\/a><\/div><h3 >LE CLUB<\/h3>Venez d\u00e9couvrir la danse S\u00e9villane au rythme de l&rsquo;Espagne !<span class=\"separator transparent\" style=\"margin: 12px 0;\"><\/span><\/div>[vc_separator type=\u00a0\u00bbtransparent\u00a0\u00bb up=\u00a0\u00bb15&Prime; down=\u00a0\u00bb15&Prime;][\/vc_column][vc_column width=\u00a0\u00bb1\/4&Prime;]<div class=\"box_image_with_border\"><div class=\"box_image_holder\"><a href=\"http:\/\/www.etoilesportivemontoise.fr\/pena-estrella\/blog\/\" target=\"\"><span class=\"box_image_shadow\"><\/span><span class=\"image_holder_inner\"><img decoding=\"async\" src=\"https:\/\/www.etoilesportivemontoise.fr\/content\/uploads\/sites\/7\/2013\/10\/sevillane.jpg\" alt=\"NOS ACTUALIT\u00c9S \" \/><\/span><span class=\"box_icon\"><span class=\"icon-stack\"><i class=\"icon-circle icon-stack-base\" style=\"color: #ee1600;\"><\/i><i class=\"icon-eye-open icon-light\"><\/i><\/span><\/span><\/a><\/div><h3 >NOS ACTUALIT\u00c9S <\/h3>Suivez toutes les actualit\u00e9s de la Pe\u00f1a La Estrella !<span class=\"separator transparent\" style=\"margin: 12px 0;\"><\/span><\/div>[vc_separator type=\u00a0\u00bbtransparent\u00a0\u00bb up=\u00a0\u00bb15&Prime; down=\u00a0\u00bb15&Prime;][\/vc_column][vc_column width=\u00a0\u00bb1\/4&Prime;][\/vc_column][\/vc_row][vc_row row_type=\u00a0\u00bbsection\u00a0\u00bb type=\u00a0\u00bbgrid\u00a0\u00bb text_align=\u00a0\u00bbleft\u00a0\u00bb background_color=\u00a0\u00bb#ee1600&Prime; padding_top=\u00a0\u00bb20&Prime; padding_bottom=\u00a0\u00bb20&Prime; border_color=\u00a0\u00bb#ee1600&Prime;][vc_column width=\u00a0\u00bb5\/6&Prime;][vc_column_text]\n<p style=\"text-align: center\"><span class=\"custom_font_holder\" style=\"font-family: Oswald; font-size: 20px; line-height: 37px; font-style: none; font-weight: 300; padding: 0px; margin: 0px; text-align: left;\"><span style=\"color: #ffffff\">Vous voulez rejoindre un club de danse S\u00e9villane \u00e0 Mont de Marsan ?<\/span><\/span>\n[\/vc_column_text][\/vc_column][vc_column width=\u00a0\u00bb1\/6&Prime;][vc_row_inner row_type=\u00a0\u00bbrow\u00a0\u00bb type=\u00a0\u00bbgrid\u00a0\u00bb text_align=\u00a0\u00bbright\u00a0\u00bb][vc_column_inner width=\u00a0\u00bb1\/1&Prime;]<a href=\"http:\/\/www.etoilesportivemontoise.fr\/pena-estrella\/contact\/\" target=\"_self\" class=\"qbutton small no_fill\" style=\"color: #ffffff; border-color: #ffffff; \">Contactez-nous !<\/a>[\/vc_column_inner][\/vc_row_inner][\/vc_column][\/vc_row]<a href=\"https:\/\/www.etoilesportivemontoise.fr\/content\/uploads\/sites\/7\/2025\/02\/Groupe-Danseuses-dans-les-Arenes-de-MDM-OCTOBRE-2024.jpg\"><img loading=\"lazy\" decoding=\"async\" src=\"https:\/\/www.etoilesportivemontoise.fr\/content\/uploads\/sites\/7\/2025\/02\/Groupe-Danseuses-dans-les-Arenes-de-MDM-OCTOBRE-2024-300x225.jpg\" alt=\"Nos danseuses dans les Ar\u00e8nes de  MDM  en octobre 2024\" width=\"300\" height=\"225\" class=\"alignnone size-medium wp-image-4022\" srcset=\"https:\/\/www.etoilesportivemontoise.fr\/content\/uploads\/sites\/7\/2025\/02\/Groupe-Danseuses-dans-les-Arenes-de-MDM-OCTOBRE-2024-300x225.jpg 300w, https:\/\/www.etoilesportivemontoise.fr\/content\/uploads\/sites\/7\/2025\/02\/Groupe-Danseuses-dans-les-Arenes-de-MDM-OCTOBRE-2024-1024x768.jpg 1024w, https:\/\/www.etoilesportivemontoise.fr\/content\/uploads\/sites\/7\/2025\/02\/Groupe-Danseuses-dans-les-Arenes-de-MDM-OCTOBRE-2024-768x576.jpg 768w, https:\/\/www.etoilesportivemontoise.fr\/content\/uploads\/sites\/7\/2025\/02\/Groupe-Danseuses-dans-les-Arenes-de-MDM-OCTOBRE-2024-1536x1152.jpg 1536w, https:\/\/www.etoilesportivemontoise.fr\/content\/uploads\/sites\/7\/2025\/02\/Groupe-Danseuses-dans-les-Arenes-de-MDM-OCTOBRE-2024.jpg 2048w\" sizes=\"auto, (max-width: 300px) 100vw, 300px\" \/><\/a><\/p>\n<\/section>","protected":false},"excerpt":{"rendered":"<p>[vc_row row_type=\u00a0\u00bbsection\u00a0\u00bb type=\u00a0\u00bbgrid\u00a0\u00bb text_align=\u00a0\u00bbcenter\u00a0\u00bb more_button_label=\u00a0\u00bbMORE FACTS\u00a0\u00bb less_button_label=\u00a0\u00bbLESS FACTS\u00a0\u00bb button_position=\u00a0\u00bbleft\u00a0\u00bb border_color=\u00a0\u00bbtransparent\u00a0\u00bb padding_bottom=\u00a0\u00bb0&Prime; padding_top=\u00a0\u00bb35&Prime;][vc_column width=\u00a0\u00bb1\/1&Prime;][vc_column_text]La section culturelle du Club Omnisports de l&rsquo;Etoile Sportive Montoise vous propose des cours de S\u00e9villane. Cr\u00e9\u00e9e en 1998, son but est de promouvoir la danse folklorique Sevillane, par le biais de cours&#8230;<\/p>\n","protected":false},"author":1,"featured_media":3495,"parent":0,"menu_order":0,"comment_status":"open","ping_status":"open","template":"full_width.php","meta":{"footnotes":""},"class_list":["post-1811","page","type-page","status-publish","has-post-thumbnail","hentry"],"yoast_head":"<!-- This site is optimized with the Yoast SEO plugin v27.3 - https:\/\/yoast.com\/product\/yoast-seo-wordpress\/ -->\n<title>Accueil - ESM Pe\u00f1a Estrella<\/title>\n<meta name=\"robots\" content=\"index, follow, max-snippet:-1, max-image-preview:large, max-video-preview:-1\" \/>\n<link rel=\"canonical\" href=\"https:\/\/www.etoilesportivemontoise.fr\/pena-estrella\/\" \/>\n<meta property=\"og:locale\" content=\"fr_FR\" \/>\n<meta property=\"og:type\" content=\"article\" \/>\n<meta property=\"og:title\" content=\"Accueil - ESM Pe\u00f1a Estrella\" \/>\n<meta property=\"og:description\" content=\"[vc_row row_type=\u00a0\u00bbsection\u00a0\u00bb type=\u00a0\u00bbgrid\u00a0\u00bb text_align=\u00a0\u00bbcenter\u00a0\u00bb more_button_label=\u00a0\u00bbMORE FACTS\u00a0\u00bb less_button_label=\u00a0\u00bbLESS FACTS\u00a0\u00bb button_position=\u00a0\u00bbleft\u00a0\u00bb border_color=\u00a0\u00bbtransparent\u00a0\u00bb padding_bottom=\u00a0\u00bb0&Prime; padding_top=\u00a0\u00bb35&Prime;][vc_column width=\u00a0\u00bb1\/1&Prime;][vc_column_text]La section culturelle du Club Omnisports de l&rsquo;Etoile Sportive Montoise vous propose des cours de S\u00e9villane. Cr\u00e9\u00e9e en 1998, son but est de promouvoir la danse folklorique Sevillane, par le biais de cours...\" \/>\n<meta property=\"og:url\" content=\"https:\/\/www.etoilesportivemontoise.fr\/pena-estrella\/\" \/>\n<meta property=\"og:site_name\" content=\"ESM Pe\u00f1a Estrella\" \/>\n<meta property=\"article:modified_time\" content=\"2025-02-13T13:14:21+00:00\" \/>\n<meta property=\"og:image\" content=\"https:\/\/www.etoilesportivemontoise.fr\/content\/uploads\/sites\/7\/2016\/12\/DANSEUSES-EN-NOIR-ET-BLANC.png\" \/>\n\t<meta property=\"og:image:width\" content=\"360\" \/>\n\t<meta property=\"og:image:height\" content=\"360\" \/>\n\t<meta property=\"og:image:type\" content=\"image\/png\" \/>\n<meta name=\"twitter:label1\" content=\"Dur\u00e9e de lecture estim\u00e9e\" \/>\n\t<meta name=\"twitter:data1\" content=\"3 minutes\" \/>\n<script type=\"application\/ld+json\" class=\"yoast-schema-graph\">{\"@context\":\"https:\\\/\\\/schema.org\",\"@graph\":[{\"@type\":\"WebPage\",\"@id\":\"https:\\\/\\\/www.etoilesportivemontoise.fr\\\/pena-estrella\\\/\",\"url\":\"https:\\\/\\\/www.etoilesportivemontoise.fr\\\/pena-estrella\\\/\",\"name\":\"Accueil - ESM Pe\u00f1a Estrella\",\"isPartOf\":{\"@id\":\"https:\\\/\\\/www.etoilesportivemontoise.fr\\\/pena-estrella\\\/#website\"},\"primaryImageOfPage\":{\"@id\":\"https:\\\/\\\/www.etoilesportivemontoise.fr\\\/pena-estrella\\\/#primaryimage\"},\"image\":{\"@id\":\"https:\\\/\\\/www.etoilesportivemontoise.fr\\\/pena-estrella\\\/#primaryimage\"},\"thumbnailUrl\":\"https:\\\/\\\/www.etoilesportivemontoise.fr\\\/content\\\/uploads\\\/sites\\\/7\\\/2016\\\/12\\\/DANSEUSES-EN-NOIR-ET-BLANC.png\",\"datePublished\":\"2013-10-17T12:34:47+00:00\",\"dateModified\":\"2025-02-13T13:14:21+00:00\",\"breadcrumb\":{\"@id\":\"https:\\\/\\\/www.etoilesportivemontoise.fr\\\/pena-estrella\\\/#breadcrumb\"},\"inLanguage\":\"fr-FR\",\"potentialAction\":[{\"@type\":\"ReadAction\",\"target\":[\"https:\\\/\\\/www.etoilesportivemontoise.fr\\\/pena-estrella\\\/\"]}]},{\"@type\":\"ImageObject\",\"inLanguage\":\"fr-FR\",\"@id\":\"https:\\\/\\\/www.etoilesportivemontoise.fr\\\/pena-estrella\\\/#primaryimage\",\"url\":\"https:\\\/\\\/www.etoilesportivemontoise.fr\\\/content\\\/uploads\\\/sites\\\/7\\\/2016\\\/12\\\/DANSEUSES-EN-NOIR-ET-BLANC.png\",\"contentUrl\":\"https:\\\/\\\/www.etoilesportivemontoise.fr\\\/content\\\/uploads\\\/sites\\\/7\\\/2016\\\/12\\\/DANSEUSES-EN-NOIR-ET-BLANC.png\",\"width\":360,\"height\":360,\"caption\":\"NOS DANSEUSES LE 20 AVRIL 2016\"},{\"@type\":\"BreadcrumbList\",\"@id\":\"https:\\\/\\\/www.etoilesportivemontoise.fr\\\/pena-estrella\\\/#breadcrumb\",\"itemListElement\":[{\"@type\":\"ListItem\",\"position\":1,\"name\":\"Accueil\",\"item\":\"https:\\\/\\\/www.etoilesportivemontoise.fr\\\/pena-estrella\\\/\"},{\"@type\":\"ListItem\",\"position\":2,\"name\":\"Accueil\"}]},{\"@type\":\"WebSite\",\"@id\":\"https:\\\/\\\/www.etoilesportivemontoise.fr\\\/pena-estrella\\\/#website\",\"url\":\"https:\\\/\\\/www.etoilesportivemontoise.fr\\\/pena-estrella\\\/\",\"name\":\"ESM Pe\u00f1a Estrella\",\"description\":\"Flamenco et Danse S\u00e9villane Mont de Marsan\",\"potentialAction\":[{\"@type\":\"SearchAction\",\"target\":{\"@type\":\"EntryPoint\",\"urlTemplate\":\"https:\\\/\\\/www.etoilesportivemontoise.fr\\\/pena-estrella\\\/?s={search_term_string}\"},\"query-input\":{\"@type\":\"PropertyValueSpecification\",\"valueRequired\":true,\"valueName\":\"search_term_string\"}}],\"inLanguage\":\"fr-FR\"}]}<\/script>\n<!-- \/ Yoast SEO plugin. -->","yoast_head_json":{"title":"Accueil - ESM Pe\u00f1a Estrella","robots":{"index":"index","follow":"follow","max-snippet":"max-snippet:-1","max-image-preview":"max-image-preview:large","max-video-preview":"max-video-preview:-1"},"canonical":"https:\/\/www.etoilesportivemontoise.fr\/pena-estrella\/","og_locale":"fr_FR","og_type":"article","og_title":"Accueil - ESM Pe\u00f1a Estrella","og_description":"[vc_row row_type=\u00a0\u00bbsection\u00a0\u00bb type=\u00a0\u00bbgrid\u00a0\u00bb text_align=\u00a0\u00bbcenter\u00a0\u00bb more_button_label=\u00a0\u00bbMORE FACTS\u00a0\u00bb less_button_label=\u00a0\u00bbLESS FACTS\u00a0\u00bb button_position=\u00a0\u00bbleft\u00a0\u00bb border_color=\u00a0\u00bbtransparent\u00a0\u00bb padding_bottom=\u00a0\u00bb0&Prime; padding_top=\u00a0\u00bb35&Prime;][vc_column width=\u00a0\u00bb1\/1&Prime;][vc_column_text]La section culturelle du Club Omnisports de l&rsquo;Etoile Sportive Montoise vous propose des cours de S\u00e9villane. Cr\u00e9\u00e9e en 1998, son but est de promouvoir la danse folklorique Sevillane, par le biais de cours...","og_url":"https:\/\/www.etoilesportivemontoise.fr\/pena-estrella\/","og_site_name":"ESM Pe\u00f1a Estrella","article_modified_time":"2025-02-13T13:14:21+00:00","og_image":[{"width":360,"height":360,"url":"https:\/\/www.etoilesportivemontoise.fr\/content\/uploads\/sites\/7\/2016\/12\/DANSEUSES-EN-NOIR-ET-BLANC.png","type":"image\/png"}],"twitter_misc":{"Dur\u00e9e de lecture estim\u00e9e":"3 minutes"},"schema":{"@context":"https:\/\/schema.org","@graph":[{"@type":"WebPage","@id":"https:\/\/www.etoilesportivemontoise.fr\/pena-estrella\/","url":"https:\/\/www.etoilesportivemontoise.fr\/pena-estrella\/","name":"Accueil - ESM Pe\u00f1a Estrella","isPartOf":{"@id":"https:\/\/www.etoilesportivemontoise.fr\/pena-estrella\/#website"},"primaryImageOfPage":{"@id":"https:\/\/www.etoilesportivemontoise.fr\/pena-estrella\/#primaryimage"},"image":{"@id":"https:\/\/www.etoilesportivemontoise.fr\/pena-estrella\/#primaryimage"},"thumbnailUrl":"https:\/\/www.etoilesportivemontoise.fr\/content\/uploads\/sites\/7\/2016\/12\/DANSEUSES-EN-NOIR-ET-BLANC.png","datePublished":"2013-10-17T12:34:47+00:00","dateModified":"2025-02-13T13:14:21+00:00","breadcrumb":{"@id":"https:\/\/www.etoilesportivemontoise.fr\/pena-estrella\/#breadcrumb"},"inLanguage":"fr-FR","potentialAction":[{"@type":"ReadAction","target":["https:\/\/www.etoilesportivemontoise.fr\/pena-estrella\/"]}]},{"@type":"ImageObject","inLanguage":"fr-FR","@id":"https:\/\/www.etoilesportivemontoise.fr\/pena-estrella\/#primaryimage","url":"https:\/\/www.etoilesportivemontoise.fr\/content\/uploads\/sites\/7\/2016\/12\/DANSEUSES-EN-NOIR-ET-BLANC.png","contentUrl":"https:\/\/www.etoilesportivemontoise.fr\/content\/uploads\/sites\/7\/2016\/12\/DANSEUSES-EN-NOIR-ET-BLANC.png","width":360,"height":360,"caption":"NOS DANSEUSES LE 20 AVRIL 2016"},{"@type":"BreadcrumbList","@id":"https:\/\/www.etoilesportivemontoise.fr\/pena-estrella\/#breadcrumb","itemListElement":[{"@type":"ListItem","position":1,"name":"Accueil","item":"https:\/\/www.etoilesportivemontoise.fr\/pena-estrella\/"},{"@type":"ListItem","position":2,"name":"Accueil"}]},{"@type":"WebSite","@id":"https:\/\/www.etoilesportivemontoise.fr\/pena-estrella\/#website","url":"https:\/\/www.etoilesportivemontoise.fr\/pena-estrella\/","name":"ESM Pe\u00f1a Estrella","description":"Flamenco et Danse S\u00e9villane Mont de Marsan","potentialAction":[{"@type":"SearchAction","target":{"@type":"EntryPoint","urlTemplate":"https:\/\/www.etoilesportivemontoise.fr\/pena-estrella\/?s={search_term_string}"},"query-input":{"@type":"PropertyValueSpecification","valueRequired":true,"valueName":"search_term_string"}}],"inLanguage":"fr-FR"}]}},"_links":{"self":[{"href":"https:\/\/www.etoilesportivemontoise.fr\/pena-estrella\/wp-json\/wp\/v2\/pages\/1811","targetHints":{"allow":["GET"]}}],"collection":[{"href":"https:\/\/www.etoilesportivemontoise.fr\/pena-estrella\/wp-json\/wp\/v2\/pages"}],"about":[{"href":"https:\/\/www.etoilesportivemontoise.fr\/pena-estrella\/wp-json\/wp\/v2\/types\/page"}],"author":[{"embeddable":true,"href":"https:\/\/www.etoilesportivemontoise.fr\/pena-estrella\/wp-json\/wp\/v2\/users\/1"}],"replies":[{"embeddable":true,"href":"https:\/\/www.etoilesportivemontoise.fr\/pena-estrella\/wp-json\/wp\/v2\/comments?post=1811"}],"version-history":[{"count":12,"href":"https:\/\/www.etoilesportivemontoise.fr\/pena-estrella\/wp-json\/wp\/v2\/pages\/1811\/revisions"}],"predecessor-version":[{"id":4028,"href":"https:\/\/www.etoilesportivemontoise.fr\/pena-estrella\/wp-json\/wp\/v2\/pages\/1811\/revisions\/4028"}],"wp:featuredmedia":[{"embeddable":true,"href":"https:\/\/www.etoilesportivemontoise.fr\/pena-estrella\/wp-json\/wp\/v2\/media\/3495"}],"wp:attachment":[{"href":"https:\/\/www.etoilesportivemontoise.fr\/pena-estrella\/wp-json\/wp\/v2\/media?parent=1811"}],"curies":[{"name":"wp","href":"https:\/\/api.w.org\/{rel}","templated":true}]}}