{"id":3117,"date":"2015-01-05T17:55:49","date_gmt":"2015-01-05T16:55:49","guid":{"rendered":"http:\/\/www.etoilesportivemontoise.fr\/football\/?page_id=3117"},"modified":"2024-12-11T10:23:56","modified_gmt":"2024-12-11T10:23:56","slug":"horaires","status":"publish","type":"page","link":"https:\/\/www.etoilesportivemontoise.fr\/pena-estrella\/horaires\/","title":{"rendered":"Horaires des cours"},"content":{"rendered":"<section class=\"wpb-content-wrapper\">[vc_row row_type=\u00a0\u00bbrow\u00a0\u00bb text_align=\u00a0\u00bbleft\u00a0\u00bb css_animation=\u00a0\u00bb\u00a0\u00bb css=\u00a0\u00bb.vc_custom_1420477162668{padding-bottom: 20px !important;}\u00a0\u00bb][vc_column width=\u00a0\u00bb1\/2&Prime; el_class=\u00a0\u00bb(*) Adultes et Enfants \u00e0 partir de 8 ans Tarifs :Adh\u00e9sion annuelle \u00e0 la Pe\u00f1a,20,00 \u20ac et 15,00\u20ac autres membres d\u2019une m\u00eame famille . + cours :20,00 \u20ac\/ mois ou 50 ,00\u20ac au trimestre\u00a0\u00bb][vc_column_text]\n<p class=\"western\" align=\"center\"><span style=\"font-size: medium\"><i>(*) Adultes et Enfants \u00e0 partir de 8 ans<\/i><\/span><\/p>\n<p class=\"western\" align=\"center\"><span style=\"font-family: Cambria, serif\"><u><b>Tarifs\u00a0:<\/b><\/u><\/span><span style=\"font-family: Cambria, serif\">Adh\u00e9sion annuelle \u00e0 la Pe\u00f1a,<\/span><span style=\"font-family: Cambria, serif\"><b>20,00 \u20ac<\/b><\/span><\/p>\n<p class=\"western\" align=\"center\"><span style=\"font-family: Cambria, serif\"><b>et 15,00\u20ac <\/b><\/span><span style=\"font-family: Cambria, serif\">autres membres d\u2019une m\u00eame famille .<\/span><\/p>\n<p class=\"western\" align=\"center\"><span style=\"font-family: Cambria, serif\"><b>+ cours\u00a0<\/b><\/span><span style=\"font-family: Cambria, serif\">:<\/span><span style=\"font-family: Cambria, serif\"><b>20,00 \u20ac<\/b><\/span><span style=\"font-family: Cambria, serif\">\/ mois ou <\/span><span style=\"font-family: Cambria, serif\"><b>50<\/b><\/span> <span style=\"font-family: Cambria, serif\"><b>,00\u20ac<\/b><\/span><span style=\"font-family: Cambria, serif\"> au trimestre<\/span><\/p>\n<p class=\"category\"><strong>\u00a0<\/strong><\/p>\n<p>&nbsp;<\/p>\n<p class=\"category\"><strong>Mercredi<\/strong><\/p>\n<ul>\n<li>18h00-19h00, \u00a0danseurs et danseuses d\u00e9butants<\/li>\n<li>19h00-20h00, \u00a0danseurs et danseuses \u00a0confirm\u00e9s \u00a0pr\u00e9paration spectacles<\/li>\n<li>20h00-21h00,\u00a0 danseurs et danseuses loisirs<\/li>\n<\/ul>\n[\/vc_column_text][\/vc_column][\/vc_row][vc_row row_type=\u00a0\u00bbrow\u00a0\u00bb text_align=\u00a0\u00bbleft\u00a0\u00bb css_animation=\u00a0\u00bb\u00a0\u00bb][vc_column][vc_separator type=\u00a0\u00bbtransparent\u00a0\u00bb down=\u00a0\u00bb15&Prime; up=\u00a0\u00bb15&Prime;][\/vc_column][\/vc_row]\n<\/section>","protected":false},"excerpt":{"rendered":"<p>[vc_row row_type=\u00a0\u00bbrow\u00a0\u00bb text_align=\u00a0\u00bbleft\u00a0\u00bb css_animation=\u00a0\u00bb\u00a0\u00bb css=\u00a0\u00bb.vc_custom_1420477162668{padding-bottom: 20px !important;}\u00a0\u00bb][vc_column width=\u00a0\u00bb1\/2&Prime; el_class=\u00a0\u00bb(*) Adultes et Enfants \u00e0 partir de 8 ans Tarifs :Adh\u00e9sion annuelle \u00e0 la Pe\u00f1a,20,00 \u20ac et 15,00\u20ac autres membres d\u2019une m\u00eame famille . + cours :20,00 \u20ac\/ mois ou 50 ,00\u20ac au trimestre\u00a0\u00bb][vc_column_text] (*) Adultes et&#8230;<\/p>\n","protected":false},"author":1,"featured_media":0,"parent":0,"menu_order":0,"comment_status":"open","ping_status":"open","template":"","meta":{"footnotes":""},"class_list":["post-3117","page","type-page","status-publish","hentry"],"yoast_head":"<!-- This site is optimized with the Yoast SEO plugin v27.3 - https:\/\/yoast.com\/product\/yoast-seo-wordpress\/ -->\n<title>Horaires des cours - ESM Pe\u00f1a Estrella<\/title>\n<meta name=\"robots\" content=\"index, follow, max-snippet:-1, max-image-preview:large, max-video-preview:-1\" \/>\n<link rel=\"canonical\" href=\"https:\/\/www.etoilesportivemontoise.fr\/pena-estrella\/horaires\/\" \/>\n<meta property=\"og:locale\" content=\"fr_FR\" \/>\n<meta property=\"og:type\" content=\"article\" \/>\n<meta property=\"og:title\" content=\"Horaires des cours - ESM Pe\u00f1a Estrella\" \/>\n<meta property=\"og:description\" content=\"[vc_row row_type=\u00a0\u00bbrow\u00a0\u00bb text_align=\u00a0\u00bbleft\u00a0\u00bb css_animation=\u00a0\u00bb\u00a0\u00bb css=\u00a0\u00bb.vc_custom_1420477162668{padding-bottom: 20px !important;}\u00a0\u00bb][vc_column width=\u00a0\u00bb1\/2&Prime; el_class=\u00a0\u00bb(*) Adultes et Enfants \u00e0 partir de 8 ans Tarifs :Adh\u00e9sion annuelle \u00e0 la Pe\u00f1a,20,00 \u20ac et 15,00\u20ac autres membres d\u2019une m\u00eame famille . + cours :20,00 \u20ac\/ mois ou 50 ,00\u20ac au trimestre\u00a0\u00bb][vc_column_text] (*) Adultes et...\" \/>\n<meta property=\"og:url\" content=\"https:\/\/www.etoilesportivemontoise.fr\/pena-estrella\/horaires\/\" \/>\n<meta property=\"og:site_name\" content=\"ESM Pe\u00f1a Estrella\" \/>\n<meta property=\"article:modified_time\" content=\"2024-12-11T10:23:56+00:00\" \/>\n<meta name=\"twitter:label1\" content=\"Dur\u00e9e de lecture estim\u00e9e\" \/>\n\t<meta name=\"twitter:data1\" content=\"1 minute\" \/>\n<script type=\"application\/ld+json\" class=\"yoast-schema-graph\">{\"@context\":\"https:\\\/\\\/schema.org\",\"@graph\":[{\"@type\":\"WebPage\",\"@id\":\"https:\\\/\\\/www.etoilesportivemontoise.fr\\\/pena-estrella\\\/horaires\\\/\",\"url\":\"https:\\\/\\\/www.etoilesportivemontoise.fr\\\/pena-estrella\\\/horaires\\\/\",\"name\":\"Horaires des cours - ESM Pe\u00f1a Estrella\",\"isPartOf\":{\"@id\":\"https:\\\/\\\/www.etoilesportivemontoise.fr\\\/pena-estrella\\\/#website\"},\"datePublished\":\"2015-01-05T16:55:49+00:00\",\"dateModified\":\"2024-12-11T10:23:56+00:00\",\"breadcrumb\":{\"@id\":\"https:\\\/\\\/www.etoilesportivemontoise.fr\\\/pena-estrella\\\/horaires\\\/#breadcrumb\"},\"inLanguage\":\"fr-FR\",\"potentialAction\":[{\"@type\":\"ReadAction\",\"target\":[\"https:\\\/\\\/www.etoilesportivemontoise.fr\\\/pena-estrella\\\/horaires\\\/\"]}]},{\"@type\":\"BreadcrumbList\",\"@id\":\"https:\\\/\\\/www.etoilesportivemontoise.fr\\\/pena-estrella\\\/horaires\\\/#breadcrumb\",\"itemListElement\":[{\"@type\":\"ListItem\",\"position\":1,\"name\":\"Accueil\",\"item\":\"https:\\\/\\\/www.etoilesportivemontoise.fr\\\/pena-estrella\\\/\"},{\"@type\":\"ListItem\",\"position\":2,\"name\":\"Horaires des cours\"}]},{\"@type\":\"WebSite\",\"@id\":\"https:\\\/\\\/www.etoilesportivemontoise.fr\\\/pena-estrella\\\/#website\",\"url\":\"https:\\\/\\\/www.etoilesportivemontoise.fr\\\/pena-estrella\\\/\",\"name\":\"ESM Pe\u00f1a Estrella\",\"description\":\"Flamenco et Danse S\u00e9villane Mont de Marsan\",\"potentialAction\":[{\"@type\":\"SearchAction\",\"target\":{\"@type\":\"EntryPoint\",\"urlTemplate\":\"https:\\\/\\\/www.etoilesportivemontoise.fr\\\/pena-estrella\\\/?s={search_term_string}\"},\"query-input\":{\"@type\":\"PropertyValueSpecification\",\"valueRequired\":true,\"valueName\":\"search_term_string\"}}],\"inLanguage\":\"fr-FR\"}]}<\/script>\n<!-- \/ Yoast SEO plugin. -->","yoast_head_json":{"title":"Horaires des cours - ESM Pe\u00f1a Estrella","robots":{"index":"index","follow":"follow","max-snippet":"max-snippet:-1","max-image-preview":"max-image-preview:large","max-video-preview":"max-video-preview:-1"},"canonical":"https:\/\/www.etoilesportivemontoise.fr\/pena-estrella\/horaires\/","og_locale":"fr_FR","og_type":"article","og_title":"Horaires des cours - ESM Pe\u00f1a Estrella","og_description":"[vc_row row_type=\u00a0\u00bbrow\u00a0\u00bb text_align=\u00a0\u00bbleft\u00a0\u00bb css_animation=\u00a0\u00bb\u00a0\u00bb css=\u00a0\u00bb.vc_custom_1420477162668{padding-bottom: 20px !important;}\u00a0\u00bb][vc_column width=\u00a0\u00bb1\/2&Prime; el_class=\u00a0\u00bb(*) Adultes et Enfants \u00e0 partir de 8 ans Tarifs :Adh\u00e9sion annuelle \u00e0 la Pe\u00f1a,20,00 \u20ac et 15,00\u20ac autres membres d\u2019une m\u00eame famille . + cours :20,00 \u20ac\/ mois ou 50 ,00\u20ac au trimestre\u00a0\u00bb][vc_column_text] (*) Adultes et...","og_url":"https:\/\/www.etoilesportivemontoise.fr\/pena-estrella\/horaires\/","og_site_name":"ESM Pe\u00f1a Estrella","article_modified_time":"2024-12-11T10:23:56+00:00","twitter_misc":{"Dur\u00e9e de lecture estim\u00e9e":"1 minute"},"schema":{"@context":"https:\/\/schema.org","@graph":[{"@type":"WebPage","@id":"https:\/\/www.etoilesportivemontoise.fr\/pena-estrella\/horaires\/","url":"https:\/\/www.etoilesportivemontoise.fr\/pena-estrella\/horaires\/","name":"Horaires des cours - ESM Pe\u00f1a Estrella","isPartOf":{"@id":"https:\/\/www.etoilesportivemontoise.fr\/pena-estrella\/#website"},"datePublished":"2015-01-05T16:55:49+00:00","dateModified":"2024-12-11T10:23:56+00:00","breadcrumb":{"@id":"https:\/\/www.etoilesportivemontoise.fr\/pena-estrella\/horaires\/#breadcrumb"},"inLanguage":"fr-FR","potentialAction":[{"@type":"ReadAction","target":["https:\/\/www.etoilesportivemontoise.fr\/pena-estrella\/horaires\/"]}]},{"@type":"BreadcrumbList","@id":"https:\/\/www.etoilesportivemontoise.fr\/pena-estrella\/horaires\/#breadcrumb","itemListElement":[{"@type":"ListItem","position":1,"name":"Accueil","item":"https:\/\/www.etoilesportivemontoise.fr\/pena-estrella\/"},{"@type":"ListItem","position":2,"name":"Horaires des cours"}]},{"@type":"WebSite","@id":"https:\/\/www.etoilesportivemontoise.fr\/pena-estrella\/#website","url":"https:\/\/www.etoilesportivemontoise.fr\/pena-estrella\/","name":"ESM Pe\u00f1a Estrella","description":"Flamenco et Danse S\u00e9villane Mont de Marsan","potentialAction":[{"@type":"SearchAction","target":{"@type":"EntryPoint","urlTemplate":"https:\/\/www.etoilesportivemontoise.fr\/pena-estrella\/?s={search_term_string}"},"query-input":{"@type":"PropertyValueSpecification","valueRequired":true,"valueName":"search_term_string"}}],"inLanguage":"fr-FR"}]}},"_links":{"self":[{"href":"https:\/\/www.etoilesportivemontoise.fr\/pena-estrella\/wp-json\/wp\/v2\/pages\/3117","targetHints":{"allow":["GET"]}}],"collection":[{"href":"https:\/\/www.etoilesportivemontoise.fr\/pena-estrella\/wp-json\/wp\/v2\/pages"}],"about":[{"href":"https:\/\/www.etoilesportivemontoise.fr\/pena-estrella\/wp-json\/wp\/v2\/types\/page"}],"author":[{"embeddable":true,"href":"https:\/\/www.etoilesportivemontoise.fr\/pena-estrella\/wp-json\/wp\/v2\/users\/1"}],"replies":[{"embeddable":true,"href":"https:\/\/www.etoilesportivemontoise.fr\/pena-estrella\/wp-json\/wp\/v2\/comments?post=3117"}],"version-history":[{"count":7,"href":"https:\/\/www.etoilesportivemontoise.fr\/pena-estrella\/wp-json\/wp\/v2\/pages\/3117\/revisions"}],"predecessor-version":[{"id":4011,"href":"https:\/\/www.etoilesportivemontoise.fr\/pena-estrella\/wp-json\/wp\/v2\/pages\/3117\/revisions\/4011"}],"wp:attachment":[{"href":"https:\/\/www.etoilesportivemontoise.fr\/pena-estrella\/wp-json\/wp\/v2\/media?parent=3117"}],"curies":[{"name":"wp","href":"https:\/\/api.w.org\/{rel}","templated":true}]}}