{"id":3389,"date":"2015-01-12T17:18:38","date_gmt":"2015-01-12T17:18:38","guid":{"rendered":"http:\/\/www.etoilesportivemontoise.fr\/pena-estrella\/?page_id=3389"},"modified":"2015-01-12T17:24:27","modified_gmt":"2015-01-12T17:24:27","slug":"reglement-interieur","status":"publish","type":"page","link":"https:\/\/www.etoilesportivemontoise.fr\/pena-estrella\/reglement-interieur\/","title":{"rendered":"R\u00e8glement int\u00e9rieur Pe\u00f1a La Estrella"},"content":{"rendered":"<section class=\"wpb-content-wrapper\">[vc_row][vc_column width=\u00a0\u00bb1\/1&Prime;][vc_column_text]\n<h3>Chapitre I : Objet de la section Pe\u00f1a la Estrella<\/h3>\n<p>&nbsp;<\/p>\n<p class=\"ir\">La section Pe\u00f1a La Estrella de l\u2019Etoile a pour objet principal l\u2019enseignement et la pratique de la danse et en particulier de la S\u00e9villane et du Flamenco . Les autres activit\u00e9s propos\u00e9es aux adh\u00e9rents de la section sont essentiellement orient\u00e9es vers la connaissance de la culture hispanique et la convivialit\u00e9 entre les adh\u00e9rents . Les activit\u00e9s concernent \u00e0 la fois les enfants que les adultes . Chaque ann\u00e9e, des activit\u00e9s et des groupes suppl\u00e9mentaires peuvent \u00eatre ajout\u00e9s ou supprim\u00e9s selon le nombre des adh\u00e9rents et\/ou les possibilit\u00e9s de l\u2019\u00e9quipe technique.<\/p>\n<p>&nbsp;<\/p>\n<h3>Chapitre II : Organisation g\u00e9n\u00e9rale<\/h3>\n<p>&nbsp;<\/p>\n<h4>Article 1 : Bureau directeur<\/h4>\n<p>&nbsp;<\/p>\n<p class=\"ir\">La section Pe\u00f1a est g\u00e9r\u00e9e par un Bureau directeur constitu\u00e9 d\u2019un maximum de 10 membres. Ces membres sont \u00e9lus pour quatre ans. Comme pour les sections sportives d e l\u2019ESM, cette \u00e9lection est organis\u00e9e au cours de l\u2019assembl\u00e9e g\u00e9n\u00e9rale annuelle dans l\u2019ann\u00e9e civile des jeux olympiques d\u2019\u00e9t\u00e9 et avant l\u2019assembl\u00e9e g\u00e9n\u00e9rale de l\u2019omnisports.<br \/>\nA l\u2019issue de leur \u00e9lection, les 10 membres du Bureau directeur de la section se r\u00e9unissent et propose le Pr\u00e9sident au vote de l\u2019assembl\u00e9e g\u00e9n\u00e9rale.<br \/>\nEst \u00e9ligible au Bureau directeur de la section tout adh\u00e9rent \u00e2g\u00e9 d\u2019au moins 18 ans au 1er janvier de l\u2019ann\u00e9e de l\u2019\u00e9lection et \u00e0 jour de ses cotisations.<br \/>\nLe Bureau Directeur de la section gym est compos\u00e9 des postes minima suivants :<\/p>\n<ul>\n<li>Pr\u00e9sident<\/li>\n<li>Tr\u00e9sorier<\/li>\n<li>Secr\u00e9taire<\/li>\n<\/ul>\n<p>&nbsp;<\/p>\n<h4>Article 2 : Commissions<\/h4>\n<p>&nbsp;<\/p>\n<p class=\"ir\">Au sein de la section, afin d\u2019en assurer la meilleure animation, plusieurs commissions seront mises en place afin d\u2019assister le Bureau Directeur et de faire toutes propositions utiles.<br \/>\nA l\u2019occasion de ce travail de commission des comptes rendus seront \u00e9tablis et adress\u00e9s au Bureau Directeur.<br \/>\nDe m\u00eame en fin de saison et avant l\u2019Assembl\u00e9e G\u00e9n\u00e9rale de la section, un compte rendu de l\u2019activit\u00e9 de la commission sera \u00e9tabli.<\/p>\n<p class=\"ir\">Dans le cas o\u00f9 aucun membre du Bureau Directeur ne si\u00e8gerait dans la commission concern\u00e9e, celle-ci d\u00e9signera son repr\u00e9sentant charg\u00e9 de pr\u00e9senter ses propositions aux r\u00e9unions du Bureau Directeur. Si des membres du Bureau Directeur participent \u00e0 une commission, ce seront eux qui seront charg\u00e9s de faire les propositions en Bureau Directeur.<\/p>\n<p>&nbsp;<\/p>\n<h5>La commission \u00ab\u00a0technique\u00a0\u00bb<\/h5>\n<p>Les \u00ab cours propos\u00e9s \u00bb aux adh\u00e9rents sont assur\u00e9es par une \u00e9quipe d\u2019animation compos\u00e9e de l\u2019ensemble des salari\u00e9s et des b\u00e9n\u00e9voles participant aux activit\u00e9s. L\u2019activit\u00e9 p\u00e9dagogique des b\u00e9n\u00e9voles est plac\u00e9e sous le contr\u00f4le du ou des salari\u00e9s. Cette \u00e9quipe constitue une commission qui se r\u00e9unira autant que de besoin. Chaque ann\u00e9e, entre autres propositions, la commission technique soumettra pour validation au Bureau directeur :<\/p>\n<ul>\n<li>Le planning annuel des s\u00e9ances avec l\u2019encadrement correspondant,<\/li>\n<li>Les engagements aux diff\u00e9rentes animations en vue de spectacles ou d\u00e9monstrations,<\/li>\n<li>Des programmes de formation des b\u00e9n\u00e9voles participant \u00e0 l\u2019enseignement,<\/li>\n<li>Des propositions sur l\u2019acquisition de mat\u00e9riel et tenues.<\/li>\n<\/ul>\n<p>&nbsp;<\/p>\n<h5>Commission \u00ab\u00a0Animation\u00a0\u00bb<\/h5>\n<p>&nbsp;<\/p>\n<p>Chaque ann\u00e9e, une \u00e9quipe animation constitu\u00e9e de b\u00e9n\u00e9voles, sans limitation de nombre et pouvant \u00e9voluer en cours d\u2019ann\u00e9e, sera charg\u00e9e de proposer au bureau des animations permettant d\u2019assurer au sein de la section la meilleure convivialit\u00e9 possible.<\/p>\n<h5>Autre(s) Commission(s)<\/h5>\n<p>Suivant les besoins ou l\u2019actualit\u00e9 d\u2019autres commissions pourront \u00eatre cr\u00e9\u00e9es sur les m\u00eames bases que la commission Animation.<br \/>\nLa commission technique \u00e0 pour fonction de traiter toutes les questions li\u00e9es \u00e0 l\u2019enseignement de la danse et \u00e0 l\u2019organisation des spectacles que la Pe\u00f1a est susceptible de proposer \u00e0 lors de sa participation \u00e0 diverses manifestations locales ou r\u00e9gionales. Ces participations sont soit propos\u00e9es par le Bureau Directeur, soit si elles sont propos\u00e9es par les commissions technique ou animation, elles seront soumises \u00e0 l\u2019accord pr\u00e9alable du Bureau Directeur.<\/p>\n<h4>Article 3 : Assembl\u00e9e g\u00e9n\u00e9rale de la section<\/h4>\n<p>&nbsp;<\/p>\n<p class=\"ir\">L\u2019article 2 du chapitre II du r\u00e8glement int\u00e9rieur de l\u2019Omnisports, pr\u00e9voit que l\u2019assembl\u00e9e g\u00e9n\u00e9rale de la section a lieu une fois par an \u00e0 une date fix\u00e9e (si possible un mois avant celle de l\u2019Omnisports) par le Bureau directeur de la Pe\u00f1a.<br \/>\nL\u2019ordre du jour est fix\u00e9 par le Bureau Directeur et doit comprendre le compte rendu moral et financier de la saison.<br \/>\nDans le cas d\u2019une assembl\u00e9e g\u00e9n\u00e9rale \u00e9lective, les candidatures pour faire partie du Bureau Directeur de la section doivent \u00eatre d\u00e9pos\u00e9es au moins 10 jours avant la date fix\u00e9e pour l\u2019\u00e9lection.<br \/>\nLe coll\u00e8ge \u00e9lectoral de l\u2019assembl\u00e9e g\u00e9n\u00e9rale est constitu\u00e9 par tout adh\u00e9rent de la section Pe\u00f1a \u00e2g\u00e9 d\u2019au moins 16 ans au 1er janvier de l\u2019ann\u00e9e civile de l\u2019\u00e9lection et \u00e0 jour de ses cotisations. Les diff\u00e9rends ou litiges relatifs \u00e0 l\u2019\u00e9lection sont tranch\u00e9s par le Comit\u00e9 Directeur de l\u2019Omnisports.<\/p>\n<p>&nbsp;<\/p>\n<h3>Chapitre II : Vie associative<\/h3>\n<p>&nbsp;<\/p>\n<p class=\"ir\">Tout adh\u00e9rent \u00e0 la section Pe\u00f1a s\u2019engage \u00e0 prendre connaissance et \u00e0 respecter le pr\u00e9sent R\u00e8glement Int\u00e9rieur.<\/p>\n<p>&nbsp;<\/p>\n<h4>Article 1: Inscriptions<\/h4>\n<p>&nbsp;<\/p>\n<p class=\"ir\">Les inscriptions peuvent \u00eatre prises \u00e0 tout moment de la saison en fonction du niveau de danse d\u00e9j\u00e0 acquis.<br \/>\nTout nouvel adh\u00e9rent a droit \u00e0 une s\u00e9ance d\u2019essai.<br \/>\nApr\u00e8s la premi\u00e8re s\u00e9ance, l\u2019inscription doit \u00eatre valid\u00e9e pour assister aux s\u00e9ances suivantes. L\u2019inscription est valid\u00e9e quand le dossier d\u2019inscription est complet.<\/p>\n<p>&nbsp;<\/p>\n<h5>DOSSIER D\u2019INSCRIPTION :<\/h5>\n<p>&nbsp;<\/p>\n<ul>\n<li>Une feuille d\u2019inscription obligatoirement remplie et sign\u00e9e le jour de l\u2019inscription.\u00a0<em>(Les parents peuvent autoriser ou non que leur(s) enfant(s) mineur(s) figurent ou non sur des photos publi\u00e9es par la Pe\u00f1a)<\/em><\/li>\n<li>R\u00e8glement financier de l\u2019inscription.\u00a0<em>(Adh\u00e9sions avec ou sans cotisation)<\/em><\/li>\n<\/ul>\n<p>&nbsp;<\/p>\n<h4>Article 2: Adh\u00e9sion, cotisations<\/h4>\n<p>&nbsp;<\/p>\n<p class=\"ir\">Le montant de l\u2019adh\u00e9sion annuelle et des cotisations mensuelle ou trimestrielle est d\u00e9termin\u00e9e chaque ann\u00e9e par le Bureau directeur de la section Pe\u00f1a. Elle comprend :<\/p>\n<ul>\n<li>Adh\u00e9sion annuelle \u00e0 la Pe\u00f1a commune \u00e0 tous les groupes, simple adh\u00e9rent ou adh\u00e9rent danseur suivant les cours.<\/li>\n<li>Cotisations mensuelle ou trimestrielle aux adh\u00e9rents pratiquant la danse et suivant les cours . Suivant l\u2019activit\u00e9 de danse choisie, les montants peuvent \u00eatre diff\u00e9rents.<\/li>\n<\/ul>\n<p class=\"ir\">La totalit\u00e9 de l\u2019adh\u00e9sion annuelle est vers\u00e9e \u00e0 l\u2019inscription.<br \/>\nSuivant le souhait de l\u2019adh\u00e9rent, les cotisations correspondant au suivi des cours peuvent \u00eatre r\u00e9gl\u00e9es au mois ou au trimestre. Le paiement de la cotisation est le pr\u00e9alable pour assister aux cours, sauf pour la s\u00e9ance d\u2019essais.<\/p>\n<p>&nbsp;<\/p>\n<h4>Article 3: Tenue vestimentaire<\/h4>\n<p>&nbsp;<\/p>\n<p class=\"ir\">Pour tous les pratiquants, il n\u2019est pas exig\u00e9 de tenue vestimentaire particuli\u00e8re durant les s\u00e9ances de cours ou d\u2019entra\u00eenement0. Par contre, la salle de danse \u00e9tant un parquet bois, il est souhaitable de porter des chaussures sp\u00e9cifiques r\u00e9serv\u00e9es \u00e0 un usage int\u00e9rieur.<br \/>\nPour l\u2019activit\u00e9 spectacle, la P\u00e9\u00f1a met \u00e0 la disposition des danseurs et danseuses des tenues qui restent la propri\u00e9t\u00e9 de l\u2019association.<\/p>\n<p>&nbsp;<\/p>\n<h4>Article 4: Pr\u00e9sence et comportement<\/h4>\n<p>&nbsp;<\/p>\n<h5>Pr\u00e9sence<\/h5>\n<p>&nbsp;<\/p>\n<ul>\n<li>Pour le bon fonctionnement des cours, une pr\u00e9sence r\u00e9guli\u00e8re est souhait\u00e9e pour suivre l\u2019\u00e9volution des niveaux. Les absences \u00e9ventuelles aux s\u00e9ances, pour quelque raison que ce soit, n\u2019occasionnent pas de r\u00e9duction de la cotisation.<\/li>\n<li>Pour le secteur \u00ab spectacle \u00bb la pr\u00e9sence \u00e0 tous les entra\u00eenements pr\u00e9vus par le groupe est obligatoire et la pr\u00e9sence aux spectacles est obligatoire sauf cas de force majeure. Cette close est imp\u00e9rative pour le maintien dans le groupe spectacle.<\/li>\n<\/ul>\n<p>&nbsp;<\/p>\n<h5>Comportement<\/h5>\n<p>&nbsp;<\/p>\n<ul>\n<li>Un comportement respectueux \u00e0 l\u2019\u00e9gard des personnes, du mat\u00e9riel et des locaux est exig\u00e9 de chaque adh\u00e9rent sous peine de sanction pouvant aller jusqu\u2019\u00e0 l\u2019exclusion.<\/li>\n<li>&#8211; Il est fortement d\u00e9conseill\u00e9 d\u2019amener tout objet de valeur durant les s\u00e9ances. La section Pe\u00f1a d\u00e9cline toute responsabilit\u00e9 en cas de perte ou de vol de quelque nature qu\u2019il soit.<\/li>\n<li>&#8211; Durant une s\u00e9ance, seule la pr\u00e9sence des pratiquants concern\u00e9s est normalement autoris\u00e9e dans la salle. Toute autre personne peut assister \u00e0 la s\u00e9ance uniquement sous r\u00e9serve de respecter les lieux et de ne pas entraver le fonctionnement des cours.<\/li>\n<\/ul>\n<p>&nbsp;<\/p>\n<h4>Article 5: Responsabilit\u00e9 des mineurs<\/h4>\n<p>&nbsp;<\/p>\n<p class=\"ir\">La section Pe\u00f1a prend en charge la responsabilit\u00e9 des enfants mineurs uniquement durant les s\u00e9ances o\u00f9 ils sont inscrits. En dehors de ces cr\u00e9neaux les enfants sont plac\u00e9s sous la responsabilit\u00e9 de leurs parents.<br \/>\nDans le cadre de son fonctionnement g\u00e9n\u00e9ral, la section Pe\u00f1a ne met pas en place de syst\u00e8me de \u00ab garderie \u00bb. Les parents sont tenus d\u2019amener et de r\u00e9cup\u00e9rer leurs enfants aux horaires indiqu\u00e9s.<br \/>\nPour les parents qui n\u2019accompagnent pas leur enfant jusqu\u2019\u00e0 l\u2019int\u00e9rieur de la salle, il est vivement recommand\u00e9 de s\u2019assurer de la pr\u00e9sence de l\u2019encadrement technique avant de laisser son enfant sur le parking \u00e0 l\u2019ext\u00e9rieur de la salle d\u2019entra\u00eenement.<br \/>\nPour les enfants mineurs non accompagn\u00e9s, la section Pe\u00f1a ne peut \u00eatre tenue pour responsable des absences aux cours.<\/p>\n[\/vc_column_text][\/vc_column][\/vc_row]\n<\/section>","protected":false},"excerpt":{"rendered":"<p>[vc_row][vc_column width=\u00a0\u00bb1\/1&Prime;][vc_column_text] Chapitre I : Objet de la section Pe\u00f1a la Estrella &nbsp; La section Pe\u00f1a La Estrella de l\u2019Etoile a pour objet principal l\u2019enseignement et la pratique de la danse et en particulier de la S\u00e9villane et du Flamenco . Les autres activit\u00e9s propos\u00e9es&#8230;<\/p>\n","protected":false},"author":1,"featured_media":0,"parent":0,"menu_order":0,"comment_status":"open","ping_status":"open","template":"","meta":{"footnotes":""},"class_list":["post-3389","page","type-page","status-publish","hentry"],"yoast_head":"<!-- This site is optimized with the Yoast SEO plugin v27.3 - https:\/\/yoast.com\/product\/yoast-seo-wordpress\/ -->\n<title>R\u00e8glement int\u00e9rieur Pe\u00f1a La Estrella - ESM Pe\u00f1a Estrella<\/title>\n<meta name=\"robots\" content=\"index, follow, max-snippet:-1, max-image-preview:large, max-video-preview:-1\" \/>\n<link rel=\"canonical\" href=\"https:\/\/www.etoilesportivemontoise.fr\/pena-estrella\/reglement-interieur\/\" \/>\n<meta property=\"og:locale\" content=\"fr_FR\" \/>\n<meta property=\"og:type\" content=\"article\" \/>\n<meta property=\"og:title\" content=\"R\u00e8glement int\u00e9rieur Pe\u00f1a La Estrella - ESM Pe\u00f1a Estrella\" \/>\n<meta property=\"og:description\" content=\"[vc_row][vc_column width=\u00a0\u00bb1\/1&Prime;][vc_column_text] Chapitre I : Objet de la section Pe\u00f1a la Estrella &nbsp; La section Pe\u00f1a La Estrella de l\u2019Etoile a pour objet principal l\u2019enseignement et la pratique de la danse et en particulier de la S\u00e9villane et du Flamenco . Les autres activit\u00e9s propos\u00e9es...\" \/>\n<meta property=\"og:url\" content=\"https:\/\/www.etoilesportivemontoise.fr\/pena-estrella\/reglement-interieur\/\" \/>\n<meta property=\"og:site_name\" content=\"ESM Pe\u00f1a Estrella\" \/>\n<meta property=\"article:modified_time\" content=\"2015-01-12T17:24:27+00:00\" \/>\n<meta name=\"twitter:label1\" content=\"Dur\u00e9e de lecture estim\u00e9e\" \/>\n\t<meta name=\"twitter:data1\" content=\"8 minutes\" \/>\n<script type=\"application\/ld+json\" class=\"yoast-schema-graph\">{\"@context\":\"https:\\\/\\\/schema.org\",\"@graph\":[{\"@type\":\"WebPage\",\"@id\":\"https:\\\/\\\/www.etoilesportivemontoise.fr\\\/pena-estrella\\\/reglement-interieur\\\/\",\"url\":\"https:\\\/\\\/www.etoilesportivemontoise.fr\\\/pena-estrella\\\/reglement-interieur\\\/\",\"name\":\"R\u00e8glement int\u00e9rieur Pe\u00f1a La Estrella - ESM Pe\u00f1a Estrella\",\"isPartOf\":{\"@id\":\"https:\\\/\\\/www.etoilesportivemontoise.fr\\\/pena-estrella\\\/#website\"},\"datePublished\":\"2015-01-12T17:18:38+00:00\",\"dateModified\":\"2015-01-12T17:24:27+00:00\",\"breadcrumb\":{\"@id\":\"https:\\\/\\\/www.etoilesportivemontoise.fr\\\/pena-estrella\\\/reglement-interieur\\\/#breadcrumb\"},\"inLanguage\":\"fr-FR\",\"potentialAction\":[{\"@type\":\"ReadAction\",\"target\":[\"https:\\\/\\\/www.etoilesportivemontoise.fr\\\/pena-estrella\\\/reglement-interieur\\\/\"]}]},{\"@type\":\"BreadcrumbList\",\"@id\":\"https:\\\/\\\/www.etoilesportivemontoise.fr\\\/pena-estrella\\\/reglement-interieur\\\/#breadcrumb\",\"itemListElement\":[{\"@type\":\"ListItem\",\"position\":1,\"name\":\"Accueil\",\"item\":\"https:\\\/\\\/www.etoilesportivemontoise.fr\\\/pena-estrella\\\/\"},{\"@type\":\"ListItem\",\"position\":2,\"name\":\"R\u00e8glement int\u00e9rieur Pe\u00f1a La Estrella\"}]},{\"@type\":\"WebSite\",\"@id\":\"https:\\\/\\\/www.etoilesportivemontoise.fr\\\/pena-estrella\\\/#website\",\"url\":\"https:\\\/\\\/www.etoilesportivemontoise.fr\\\/pena-estrella\\\/\",\"name\":\"ESM Pe\u00f1a Estrella\",\"description\":\"Flamenco et Danse S\u00e9villane Mont de Marsan\",\"potentialAction\":[{\"@type\":\"SearchAction\",\"target\":{\"@type\":\"EntryPoint\",\"urlTemplate\":\"https:\\\/\\\/www.etoilesportivemontoise.fr\\\/pena-estrella\\\/?s={search_term_string}\"},\"query-input\":{\"@type\":\"PropertyValueSpecification\",\"valueRequired\":true,\"valueName\":\"search_term_string\"}}],\"inLanguage\":\"fr-FR\"}]}<\/script>\n<!-- \/ Yoast SEO plugin. -->","yoast_head_json":{"title":"R\u00e8glement int\u00e9rieur Pe\u00f1a La Estrella - ESM Pe\u00f1a Estrella","robots":{"index":"index","follow":"follow","max-snippet":"max-snippet:-1","max-image-preview":"max-image-preview:large","max-video-preview":"max-video-preview:-1"},"canonical":"https:\/\/www.etoilesportivemontoise.fr\/pena-estrella\/reglement-interieur\/","og_locale":"fr_FR","og_type":"article","og_title":"R\u00e8glement int\u00e9rieur Pe\u00f1a La Estrella - ESM Pe\u00f1a Estrella","og_description":"[vc_row][vc_column width=\u00a0\u00bb1\/1&Prime;][vc_column_text] Chapitre I : Objet de la section Pe\u00f1a la Estrella &nbsp; La section Pe\u00f1a La Estrella de l\u2019Etoile a pour objet principal l\u2019enseignement et la pratique de la danse et en particulier de la S\u00e9villane et du Flamenco . Les autres activit\u00e9s propos\u00e9es...","og_url":"https:\/\/www.etoilesportivemontoise.fr\/pena-estrella\/reglement-interieur\/","og_site_name":"ESM Pe\u00f1a Estrella","article_modified_time":"2015-01-12T17:24:27+00:00","twitter_misc":{"Dur\u00e9e de lecture estim\u00e9e":"8 minutes"},"schema":{"@context":"https:\/\/schema.org","@graph":[{"@type":"WebPage","@id":"https:\/\/www.etoilesportivemontoise.fr\/pena-estrella\/reglement-interieur\/","url":"https:\/\/www.etoilesportivemontoise.fr\/pena-estrella\/reglement-interieur\/","name":"R\u00e8glement int\u00e9rieur Pe\u00f1a La Estrella - ESM Pe\u00f1a Estrella","isPartOf":{"@id":"https:\/\/www.etoilesportivemontoise.fr\/pena-estrella\/#website"},"datePublished":"2015-01-12T17:18:38+00:00","dateModified":"2015-01-12T17:24:27+00:00","breadcrumb":{"@id":"https:\/\/www.etoilesportivemontoise.fr\/pena-estrella\/reglement-interieur\/#breadcrumb"},"inLanguage":"fr-FR","potentialAction":[{"@type":"ReadAction","target":["https:\/\/www.etoilesportivemontoise.fr\/pena-estrella\/reglement-interieur\/"]}]},{"@type":"BreadcrumbList","@id":"https:\/\/www.etoilesportivemontoise.fr\/pena-estrella\/reglement-interieur\/#breadcrumb","itemListElement":[{"@type":"ListItem","position":1,"name":"Accueil","item":"https:\/\/www.etoilesportivemontoise.fr\/pena-estrella\/"},{"@type":"ListItem","position":2,"name":"R\u00e8glement int\u00e9rieur Pe\u00f1a La Estrella"}]},{"@type":"WebSite","@id":"https:\/\/www.etoilesportivemontoise.fr\/pena-estrella\/#website","url":"https:\/\/www.etoilesportivemontoise.fr\/pena-estrella\/","name":"ESM Pe\u00f1a Estrella","description":"Flamenco et Danse S\u00e9villane Mont de Marsan","potentialAction":[{"@type":"SearchAction","target":{"@type":"EntryPoint","urlTemplate":"https:\/\/www.etoilesportivemontoise.fr\/pena-estrella\/?s={search_term_string}"},"query-input":{"@type":"PropertyValueSpecification","valueRequired":true,"valueName":"search_term_string"}}],"inLanguage":"fr-FR"}]}},"_links":{"self":[{"href":"https:\/\/www.etoilesportivemontoise.fr\/pena-estrella\/wp-json\/wp\/v2\/pages\/3389","targetHints":{"allow":["GET"]}}],"collection":[{"href":"https:\/\/www.etoilesportivemontoise.fr\/pena-estrella\/wp-json\/wp\/v2\/pages"}],"about":[{"href":"https:\/\/www.etoilesportivemontoise.fr\/pena-estrella\/wp-json\/wp\/v2\/types\/page"}],"author":[{"embeddable":true,"href":"https:\/\/www.etoilesportivemontoise.fr\/pena-estrella\/wp-json\/wp\/v2\/users\/1"}],"replies":[{"embeddable":true,"href":"https:\/\/www.etoilesportivemontoise.fr\/pena-estrella\/wp-json\/wp\/v2\/comments?post=3389"}],"version-history":[{"count":6,"href":"https:\/\/www.etoilesportivemontoise.fr\/pena-estrella\/wp-json\/wp\/v2\/pages\/3389\/revisions"}],"predecessor-version":[{"id":3397,"href":"https:\/\/www.etoilesportivemontoise.fr\/pena-estrella\/wp-json\/wp\/v2\/pages\/3389\/revisions\/3397"}],"wp:attachment":[{"href":"https:\/\/www.etoilesportivemontoise.fr\/pena-estrella\/wp-json\/wp\/v2\/media?parent=3389"}],"curies":[{"name":"wp","href":"https:\/\/api.w.org\/{rel}","templated":true}]}}