{"id":1514,"date":"2013-10-16T12:55:44","date_gmt":"2013-10-16T12:55:44","guid":{"rendered":"http:\/\/demo.qodeinteractive.com\/subway\/?page_id=1514"},"modified":"2025-06-17T07:58:13","modified_gmt":"2025-06-17T07:58:13","slug":"contact","status":"publish","type":"page","link":"https:\/\/www.etoilesportivemontoise.fr\/salsanueva\/contact\/","title":{"rendered":"Nous contacter"},"content":{"rendered":"<section class=\"wpb-content-wrapper\">[vc_row row_type=\u00a0\u00bbrow\u00a0\u00bb text_align=\u00a0\u00bbleft\u00a0\u00bb css_animation=\u00a0\u00bb\u00a0\u00bb][vc_column width=\u00a0\u00bb1\/2&Prime;]\n<div class=\"wpcf7 no-js\" id=\"wpcf7-f4792-o1\" lang=\"fr-FR\" dir=\"ltr\" data-wpcf7-id=\"4792\">\n<div class=\"screen-reader-response\"><p role=\"status\" aria-live=\"polite\" aria-atomic=\"true\"><\/p> <ul><\/ul><\/div>\n<form action=\"\/salsanueva\/wp-json\/wp\/v2\/pages\/1514#wpcf7-f4792-o1\" method=\"post\" class=\"wpcf7-form init\" aria-label=\"Formulaire de contact\" novalidate=\"novalidate\" data-status=\"init\">\n<fieldset class=\"hidden-fields-container\"><input type=\"hidden\" name=\"_wpcf7\" value=\"4792\" \/><input type=\"hidden\" name=\"_wpcf7_version\" value=\"6.1.5\" \/><input type=\"hidden\" name=\"_wpcf7_locale\" value=\"fr_FR\" \/><input type=\"hidden\" name=\"_wpcf7_unit_tag\" value=\"wpcf7-f4792-o1\" \/><input type=\"hidden\" name=\"_wpcf7_container_post\" value=\"0\" \/><input type=\"hidden\" name=\"_wpcf7_posted_data_hash\" value=\"\" \/>\n<\/fieldset>\n<p><label> Nom*<br \/>\n<span class=\"wpcf7-form-control-wrap\" data-name=\"nom\"><input size=\"40\" maxlength=\"400\" class=\"wpcf7-form-control wpcf7-text wpcf7-validates-as-required\" aria-required=\"true\" aria-invalid=\"false\" value=\"\" type=\"text\" name=\"nom\" \/><\/span> <\/label>\n<\/p>\n<p><label> Pr\u00e9nom*<br \/>\n<span class=\"wpcf7-form-control-wrap\" data-name=\"prenom\"><input size=\"40\" maxlength=\"400\" class=\"wpcf7-form-control wpcf7-text wpcf7-validates-as-required\" aria-required=\"true\" aria-invalid=\"false\" value=\"\" type=\"text\" name=\"prenom\" \/><\/span> <\/label>\n<\/p>\n<p><label> Email*<br \/>\n<span class=\"wpcf7-form-control-wrap\" data-name=\"email\"><input size=\"40\" maxlength=\"400\" class=\"wpcf7-form-control wpcf7-email wpcf7-validates-as-required wpcf7-text wpcf7-validates-as-email\" aria-required=\"true\" aria-invalid=\"false\" value=\"\" type=\"email\" name=\"email\" \/><\/span> <\/label>\n<\/p>\n<p><label> Objet<br \/>\n<span class=\"wpcf7-form-control-wrap\" data-name=\"objet\"><input size=\"40\" maxlength=\"400\" class=\"wpcf7-form-control wpcf7-text\" aria-invalid=\"false\" value=\"\" type=\"text\" name=\"objet\" \/><\/span> <\/label>\n<\/p>\n<p><label> Message<br \/>\n<span class=\"wpcf7-form-control-wrap\" data-name=\"your-message\"><textarea cols=\"40\" rows=\"10\" maxlength=\"2000\" class=\"wpcf7-form-control wpcf7-textarea\" aria-invalid=\"false\" name=\"your-message\"><\/textarea><\/span> <\/label>\n<\/p>\n<p><span class=\"wpcf7-form-control-wrap\" data-name=\"acceptance-580\"><span class=\"wpcf7-form-control wpcf7-acceptance\"><span class=\"wpcf7-list-item\"><label><input type=\"checkbox\" name=\"acceptance-580\" value=\"1\" aria-invalid=\"false\" \/><span class=\"wpcf7-list-item-label\">Je comprends que les informations communiqu\u00e9es ci-dessus sont \u00e0 l'usage unique de l'Etoile Sportive Montoise afin d'apporter une r\u00e9ponse \u00e0 ma demande de contact et ne sont stock\u00e9es dans aucune base de donn\u00e9es.<\/span><\/label><\/span><\/span><\/span>\n<\/p>\n<p><input class=\"wpcf7-form-control wpcf7-submit has-spinner\" type=\"submit\" value=\"Envoyer\" \/>\n<\/p><div class=\"wpcf7-response-output\" aria-hidden=\"true\"><\/div>\n<\/form>\n<\/div>\n\r\n\t\t\t\t<script>\r\n\t\t\t\tif ( typeof huOptions !== 'undefined' ) {\r\n\t\t\t\t\tvar huFormData = {\"source\":\"contactform7\",\"id\":4792,\"title\":\"Form contact\",\"fields\":{\"subject\":{\"first_name\":\"your-name\",\"email\":\"your-email\"},\"preferences\":{\"terms\":\"your-consent\"}}};\r\n\t\t\t\t\tvar huFormNode = document.querySelector( '[id^=\"wpcf7-f4792-\"] form' );\r\n\r\n\t\t\t\t\thuFormData['node'] = huFormNode;\r\n\t\t\t\t\thuOptions['forms'].push( huFormData );\r\n\t\t\t\t}\r\n\t\t\t\t<\/script>[\/vc_column][vc_column width=\u00a0\u00bb1\/2&Prime;][vc_empty_space][vc_column_text]\n<h3>Notre salle de danse<\/h3>\n[\/vc_column_text][vc_separator type=\u00a0\u00bbtransparent\u00a0\u00bb down=\u00a0\u00bb15&Prime; up=\u00a0\u00bb0&Prime;][vc_column_text]30 bis rue Maubec, 40000 Mont de Marsan[\/vc_column_text][vc_separator type=\u00a0\u00bbtransparent\u00a0\u00bb down=\u00a0\u00bb25&Prime; up=\u00a0\u00bb0&Prime;][vc_column_text]\n<h3>Retrouvez-nous sur les r\u00e9seaux sociaux<\/h3>\n[\/vc_column_text][vc_separator type=\u00a0\u00bbtransparent\u00a0\u00bb down=\u00a0\u00bb25&Prime; up=\u00a0\u00bb0&Prime;]<span class='social_icon_holder'><a href='https:\/\/www.facebook.com\/esm.salsanueva?ref=tn_tnmn' target='_blank'><span class='icon-stack icon-2x'><i class='icon-circle icon-stack-base'><\/i><i class='icon-facebook'><\/i><\/span><\/a><\/span>[vc_separator type=\u00a0\u00bbtransparent\u00a0\u00bb down=\u00a0\u00bb25&Prime; up=\u00a0\u00bb0&Prime;]<span class='social_icon_holder'><a href='https:\/\/www.instagram.com\/salsanueva\/' target='_self'><span class='icon-stack icon-2x'><i class='icon-circle icon-stack-base'><\/i><i class='icon-instagram'><\/i><\/span><\/a><\/span>[\/vc_column][\/vc_row]\n<\/section>","protected":false},"excerpt":{"rendered":"<p>[vc_row row_type=\u00a0\u00bbrow\u00a0\u00bb text_align=\u00a0\u00bbleft\u00a0\u00bb css_animation=\u00a0\u00bb\u00a0\u00bb][vc_column width=\u00a0\u00bb1\/2&Prime;][\/vc_column][vc_column width=\u00a0\u00bb1\/2&Prime;][vc_empty_space][vc_column_text] Notre salle de danse [\/vc_column_text][vc_separator type=\u00a0\u00bbtransparent\u00a0\u00bb down=\u00a0\u00bb15&Prime; up=\u00a0\u00bb0&Prime;][vc_column_text]30 bis rue Maubec, 40000 Mont de Marsan[\/vc_column_text][vc_separator type=\u00a0\u00bbtransparent\u00a0\u00bb down=\u00a0\u00bb25&Prime; up=\u00a0\u00bb0&Prime;][vc_column_text] Retrouvez-nous sur les r\u00e9seaux sociaux [\/vc_column_text][vc_separator type=\u00a0\u00bbtransparent\u00a0\u00bb down=\u00a0\u00bb25&Prime; up=\u00a0\u00bb0&Prime;][vc_separator type=\u00a0\u00bbtransparent\u00a0\u00bb down=\u00a0\u00bb25&Prime; up=\u00a0\u00bb0&Prime;][\/vc_column][\/vc_row]<\/p>\n","protected":false},"author":1,"featured_media":0,"parent":0,"menu_order":0,"comment_status":"closed","ping_status":"closed","template":"","meta":{"footnotes":""},"class_list":["post-1514","page","type-page","status-publish","hentry"],"yoast_head":"<!-- This site is optimized with the Yoast SEO plugin v27.3 - https:\/\/yoast.com\/product\/yoast-seo-wordpress\/ -->\n<title>Nous contacter - ESM Salsanueva<\/title>\n<meta name=\"robots\" content=\"index, follow, max-snippet:-1, max-image-preview:large, max-video-preview:-1\" \/>\n<link rel=\"canonical\" href=\"https:\/\/www.etoilesportivemontoise.fr\/salsanueva\/contact\/\" \/>\n<meta property=\"og:locale\" content=\"fr_FR\" \/>\n<meta property=\"og:type\" content=\"article\" \/>\n<meta property=\"og:title\" content=\"Nous contacter - ESM Salsanueva\" \/>\n<meta property=\"og:description\" content=\"[vc_row row_type=\u00a0\u00bbrow\u00a0\u00bb text_align=\u00a0\u00bbleft\u00a0\u00bb css_animation=\u00a0\u00bb\u00a0\u00bb][vc_column width=\u00a0\u00bb1\/2&Prime;][\/vc_column][vc_column width=\u00a0\u00bb1\/2&Prime;][vc_empty_space][vc_column_text] Notre salle de danse [\/vc_column_text][vc_separator type=\u00a0\u00bbtransparent\u00a0\u00bb down=\u00a0\u00bb15&Prime; up=\u00a0\u00bb0&Prime;][vc_column_text]30 bis rue Maubec, 40000 Mont de Marsan[\/vc_column_text][vc_separator type=\u00a0\u00bbtransparent\u00a0\u00bb down=\u00a0\u00bb25&Prime; up=\u00a0\u00bb0&Prime;][vc_column_text] Retrouvez-nous sur les r\u00e9seaux sociaux [\/vc_column_text][vc_separator type=\u00a0\u00bbtransparent\u00a0\u00bb down=\u00a0\u00bb25&Prime; up=\u00a0\u00bb0&Prime;][vc_separator type=\u00a0\u00bbtransparent\u00a0\u00bb down=\u00a0\u00bb25&Prime; up=\u00a0\u00bb0&Prime;][\/vc_column][\/vc_row]\" \/>\n<meta property=\"og:url\" content=\"https:\/\/www.etoilesportivemontoise.fr\/salsanueva\/contact\/\" \/>\n<meta property=\"og:site_name\" content=\"ESM Salsanueva\" \/>\n<meta property=\"article:modified_time\" content=\"2025-06-17T07:58:13+00:00\" \/>\n<meta name=\"twitter:label1\" content=\"Dur\u00e9e de lecture estim\u00e9e\" \/>\n\t<meta name=\"twitter:data1\" content=\"1 minute\" \/>\n<script type=\"application\/ld+json\" class=\"yoast-schema-graph\">{\"@context\":\"https:\\\/\\\/schema.org\",\"@graph\":[{\"@type\":\"WebPage\",\"@id\":\"https:\\\/\\\/www.etoilesportivemontoise.fr\\\/salsanueva\\\/contact\\\/\",\"url\":\"https:\\\/\\\/www.etoilesportivemontoise.fr\\\/salsanueva\\\/contact\\\/\",\"name\":\"Nous contacter - ESM Salsanueva\",\"isPartOf\":{\"@id\":\"https:\\\/\\\/www.etoilesportivemontoise.fr\\\/salsanueva\\\/#website\"},\"datePublished\":\"2013-10-16T12:55:44+00:00\",\"dateModified\":\"2025-06-17T07:58:13+00:00\",\"breadcrumb\":{\"@id\":\"https:\\\/\\\/www.etoilesportivemontoise.fr\\\/salsanueva\\\/contact\\\/#breadcrumb\"},\"inLanguage\":\"fr-FR\",\"potentialAction\":[{\"@type\":\"ReadAction\",\"target\":[\"https:\\\/\\\/www.etoilesportivemontoise.fr\\\/salsanueva\\\/contact\\\/\"]}]},{\"@type\":\"BreadcrumbList\",\"@id\":\"https:\\\/\\\/www.etoilesportivemontoise.fr\\\/salsanueva\\\/contact\\\/#breadcrumb\",\"itemListElement\":[{\"@type\":\"ListItem\",\"position\":1,\"name\":\"Accueil\",\"item\":\"https:\\\/\\\/www.etoilesportivemontoise.fr\\\/salsanueva\\\/\"},{\"@type\":\"ListItem\",\"position\":2,\"name\":\"Nous contacter\"}]},{\"@type\":\"WebSite\",\"@id\":\"https:\\\/\\\/www.etoilesportivemontoise.fr\\\/salsanueva\\\/#website\",\"url\":\"https:\\\/\\\/www.etoilesportivemontoise.fr\\\/salsanueva\\\/\",\"name\":\"ESM Salsanueva\",\"description\":\"Salsa, Bachata, Kizomba Mont de Marsan\",\"potentialAction\":[{\"@type\":\"SearchAction\",\"target\":{\"@type\":\"EntryPoint\",\"urlTemplate\":\"https:\\\/\\\/www.etoilesportivemontoise.fr\\\/salsanueva\\\/?s={search_term_string}\"},\"query-input\":{\"@type\":\"PropertyValueSpecification\",\"valueRequired\":true,\"valueName\":\"search_term_string\"}}],\"inLanguage\":\"fr-FR\"}]}<\/script>\n<!-- \/ Yoast SEO plugin. -->","yoast_head_json":{"title":"Nous contacter - ESM Salsanueva","robots":{"index":"index","follow":"follow","max-snippet":"max-snippet:-1","max-image-preview":"max-image-preview:large","max-video-preview":"max-video-preview:-1"},"canonical":"https:\/\/www.etoilesportivemontoise.fr\/salsanueva\/contact\/","og_locale":"fr_FR","og_type":"article","og_title":"Nous contacter - ESM Salsanueva","og_description":"[vc_row row_type=\u00a0\u00bbrow\u00a0\u00bb text_align=\u00a0\u00bbleft\u00a0\u00bb css_animation=\u00a0\u00bb\u00a0\u00bb][vc_column width=\u00a0\u00bb1\/2&Prime;][\/vc_column][vc_column width=\u00a0\u00bb1\/2&Prime;][vc_empty_space][vc_column_text] Notre salle de danse [\/vc_column_text][vc_separator type=\u00a0\u00bbtransparent\u00a0\u00bb down=\u00a0\u00bb15&Prime; up=\u00a0\u00bb0&Prime;][vc_column_text]30 bis rue Maubec, 40000 Mont de Marsan[\/vc_column_text][vc_separator type=\u00a0\u00bbtransparent\u00a0\u00bb down=\u00a0\u00bb25&Prime; up=\u00a0\u00bb0&Prime;][vc_column_text] Retrouvez-nous sur les r\u00e9seaux sociaux [\/vc_column_text][vc_separator type=\u00a0\u00bbtransparent\u00a0\u00bb down=\u00a0\u00bb25&Prime; up=\u00a0\u00bb0&Prime;][vc_separator type=\u00a0\u00bbtransparent\u00a0\u00bb down=\u00a0\u00bb25&Prime; up=\u00a0\u00bb0&Prime;][\/vc_column][\/vc_row]","og_url":"https:\/\/www.etoilesportivemontoise.fr\/salsanueva\/contact\/","og_site_name":"ESM Salsanueva","article_modified_time":"2025-06-17T07:58:13+00:00","twitter_misc":{"Dur\u00e9e de lecture estim\u00e9e":"1 minute"},"schema":{"@context":"https:\/\/schema.org","@graph":[{"@type":"WebPage","@id":"https:\/\/www.etoilesportivemontoise.fr\/salsanueva\/contact\/","url":"https:\/\/www.etoilesportivemontoise.fr\/salsanueva\/contact\/","name":"Nous contacter - ESM Salsanueva","isPartOf":{"@id":"https:\/\/www.etoilesportivemontoise.fr\/salsanueva\/#website"},"datePublished":"2013-10-16T12:55:44+00:00","dateModified":"2025-06-17T07:58:13+00:00","breadcrumb":{"@id":"https:\/\/www.etoilesportivemontoise.fr\/salsanueva\/contact\/#breadcrumb"},"inLanguage":"fr-FR","potentialAction":[{"@type":"ReadAction","target":["https:\/\/www.etoilesportivemontoise.fr\/salsanueva\/contact\/"]}]},{"@type":"BreadcrumbList","@id":"https:\/\/www.etoilesportivemontoise.fr\/salsanueva\/contact\/#breadcrumb","itemListElement":[{"@type":"ListItem","position":1,"name":"Accueil","item":"https:\/\/www.etoilesportivemontoise.fr\/salsanueva\/"},{"@type":"ListItem","position":2,"name":"Nous contacter"}]},{"@type":"WebSite","@id":"https:\/\/www.etoilesportivemontoise.fr\/salsanueva\/#website","url":"https:\/\/www.etoilesportivemontoise.fr\/salsanueva\/","name":"ESM Salsanueva","description":"Salsa, Bachata, Kizomba Mont de Marsan","potentialAction":[{"@type":"SearchAction","target":{"@type":"EntryPoint","urlTemplate":"https:\/\/www.etoilesportivemontoise.fr\/salsanueva\/?s={search_term_string}"},"query-input":{"@type":"PropertyValueSpecification","valueRequired":true,"valueName":"search_term_string"}}],"inLanguage":"fr-FR"}]}},"_links":{"self":[{"href":"https:\/\/www.etoilesportivemontoise.fr\/salsanueva\/wp-json\/wp\/v2\/pages\/1514","targetHints":{"allow":["GET"]}}],"collection":[{"href":"https:\/\/www.etoilesportivemontoise.fr\/salsanueva\/wp-json\/wp\/v2\/pages"}],"about":[{"href":"https:\/\/www.etoilesportivemontoise.fr\/salsanueva\/wp-json\/wp\/v2\/types\/page"}],"author":[{"embeddable":true,"href":"https:\/\/www.etoilesportivemontoise.fr\/salsanueva\/wp-json\/wp\/v2\/users\/1"}],"replies":[{"embeddable":true,"href":"https:\/\/www.etoilesportivemontoise.fr\/salsanueva\/wp-json\/wp\/v2\/comments?post=1514"}],"version-history":[{"count":12,"href":"https:\/\/www.etoilesportivemontoise.fr\/salsanueva\/wp-json\/wp\/v2\/pages\/1514\/revisions"}],"predecessor-version":[{"id":5969,"href":"https:\/\/www.etoilesportivemontoise.fr\/salsanueva\/wp-json\/wp\/v2\/pages\/1514\/revisions\/5969"}],"wp:attachment":[{"href":"https:\/\/www.etoilesportivemontoise.fr\/salsanueva\/wp-json\/wp\/v2\/media?parent=1514"}],"curies":[{"name":"wp","href":"https:\/\/api.w.org\/{rel}","templated":true}]}}