{"id":3101,"date":"2015-01-05T17:27:26","date_gmt":"2015-01-05T16:27:26","guid":{"rendered":"http:\/\/www.etoilesportivemontoise.fr\/football\/?page_id=3101"},"modified":"2024-03-24T17:31:56","modified_gmt":"2024-03-24T17:31:56","slug":"documents-officiels","status":"publish","type":"page","link":"https:\/\/www.etoilesportivemontoise.fr\/salsanueva\/documents-officiels\/","title":{"rendered":"Documents officiels"},"content":{"rendered":"<section class=\"wpb-content-wrapper\">[vc_row row_type=\u00a0\u00bbrow\u00a0\u00bb text_align=\u00a0\u00bbleft\u00a0\u00bb css_animation=\u00a0\u00bb\u00a0\u00bb][vc_column][\/vc_column][\/vc_row][vc_row row_type=\u00a0\u00bbrow\u00a0\u00bb text_align=\u00a0\u00bbleft\u00a0\u00bb css_animation=\u00a0\u00bb\u00a0\u00bb][vc_column][vc_column_text]\n<p style=\"text-align: center\"><strong>R\u00c8GLEMENT INT\u00c9RIEUR<\/strong><\/p>\n<p style=\"text-align: center\">\u00c9TOILE SPORTIVE MONTOISE Section Salsanueva<\/p>\n<p style=\"text-align: center\">Si\u00e8ge : 30 bis rue Maubec<\/p>\n<p style=\"text-align: center\">40 000 MONT-DE-MARSAN<\/p>\n<p style=\"text-align: center\"><strong><u>Chapitre I : Objet de la section Salsanueva<\/u><\/strong><\/p>\n<p style=\"text-align: center\">La section Salsanueva de l\u2019Etoile Sportive Montoise a pour objet principal l\u2019enseignement et la pratique des danses latines, carib\u00e9ennes, cubaines et afro-cubaines. Les autres activit\u00e9s propos\u00e9es aux adh\u00e9rents de la section sont essentiellement orient\u00e9es vers la connaissance de la culture originaire de toutes ces danses et la convivialit\u00e9 entre les adh\u00e9rents.<\/p>\n<p style=\"text-align: center\"><strong><u>Chapitre II : Organisation g\u00e9n\u00e9rale<\/u><\/strong><\/p>\n<p style=\"text-align: center\"><strong><u>\u00a0<\/u><\/strong><\/p>\n<p style=\"text-align: center\">\u00a0\u00a0\u00a0\u00a0\u00a0\u00a0\u00a0\u00a0\u00a0\u00a0\u00a0\u00a0\u00a0\u00a0\u00a0 <strong><u>Article 1 : Bureau de section<\/u><\/strong><\/p>\n<p style=\"text-align: center\">La section Salsanueva est g\u00e9r\u00e9e par un bureau de section constitu\u00e9 d\u2019un maximum de dix (10) membres. Ces membres sont \u00e9lus pour quatre ans. Comme pour les sections sportives de l\u2019ESM, cette \u00e9lection est organis\u00e9e au cours de l\u2019assembl\u00e9e g\u00e9n\u00e9rale annuelle dans l\u2019ann\u00e9e civile et avant l\u2019assembl\u00e9e g\u00e9n\u00e9rale de l\u2019omnisports.<\/p>\n<p style=\"text-align: center\">A l\u2019issue de leur \u00e9lection, les dix (10) membres \u00e9lus du bureau de la section se r\u00e9unissent et propose le Pr\u00e9sident au vote de l\u2019assembl\u00e9e g\u00e9n\u00e9rale.<\/p>\n<p style=\"text-align: center\">Est \u00e9ligible au bureau de la section, tout adh\u00e9rent \u00e2g\u00e9 d\u2019au moins 18 ans au 1er janvier de l\u2019ann\u00e9e de l\u2019\u00e9lection et \u00e0 jour de ses cotisations. Le bureau de la section Salsanueva est compos\u00e9 des postes minima suivants :<\/p>\n<ul style=\"text-align: center\">\n<li>Pr\u00e9sident<\/li>\n<li>Tr\u00e9sorier<\/li>\n<li>Secr\u00e9taire<\/li>\n<\/ul>\n<p style=\"text-align: center\">Deux des membres du bureau section seront d\u00e9sign\u00e9s membres du Comit\u00e9 Directeur de l\u2019Etoile Sportive Montoise Omnisport dont obligatoirement parmi ces deux personnes, le Pr\u00e9sident de section.<\/p>\n<p style=\"text-align: center\">La section d\u00e9signera dix (10) membres maximum pour le Conseil d&rsquo;Administration de l\u2019Etoile Sportive Montoise Omnisport, ces membres seront issus de la composition du bureau de section. (Article 13 statuts Omnisport.<\/p>\n<p style=\"text-align: center\"><strong><u>\u00a0<\/u><\/strong><\/p>\n<p style=\"text-align: center\"><strong><u>Article 2 : Assembl\u00e9e g\u00e9n\u00e9rale de la section<\/u><\/strong><\/p>\n<p style=\"text-align: center\">L\u2019article 2 du chapitre II du r\u00e8glement int\u00e9rieur de l\u2019Omnisports, pr\u00e9voit que l\u2019assembl\u00e9e g\u00e9n\u00e9rale de la section a lieu une fois par an \u00e0 une date fix\u00e9e par le bureau de la section.\u00a0Elle doit avoir lieu avant la date l\u00e9gale de cl\u00f4ture de la saison, le 30 juin.<\/p>\n<p style=\"text-align: center\">L\u2019ordre du jour est fix\u00e9 par le bureau de la section et doit comprendre le compte rendu moral et financier de la saison.<\/p>\n<p style=\"text-align: center\">Les candidatures pour faire partie du bureau de la section doivent \u00eatre d\u00e9pos\u00e9es au moins 10 jours avant la date fix\u00e9e pour l\u2019\u00e9lection.<\/p>\n<p style=\"text-align: center\">Le coll\u00e8ge \u00e9lectoral de l\u2019assembl\u00e9e g\u00e9n\u00e9rale est constitu\u00e9 par tout adh\u00e9rent de la section Salsanueva \u00e2g\u00e9 d\u2019au moins 18 ans au 1er janvier de l\u2019ann\u00e9e civile de l\u2019\u00e9lection et \u00e0 jour de ses cotisations.<\/p>\n<p style=\"text-align: center\">Les diff\u00e9rents ou litiges relatifs \u00e0 l\u2019\u00e9lection sont tranch\u00e9s par le comit\u00e9 directeur de l\u2019Omnisports.<\/p>\n<p style=\"text-align: center\"><strong><u>Chapitre III : Vie associative<\/u><\/strong><\/p>\n<p style=\"text-align: center\">Tout adh\u00e9rent \u00e0 la section Salsanueva s\u2019engage \u00e0 prendre connaissance et \u00e0 respecter le pr\u00e9sent r\u00e8glement int\u00e9rieur.<\/p>\n<p style=\"text-align: center\"><strong><u>Article 1: Inscriptions<\/u><\/strong><\/p>\n<p style=\"text-align: center\">Les inscriptions peuvent \u00eatre prises \u00e0 tout moment de la saison en fonction du niveau de danse d\u00e9j\u00e0 acquis.<\/p>\n<p style=\"text-align: center\">Tout nouvel adh\u00e9rent a droit \u00e0 une s\u00e9ance d\u2019essai.<\/p>\n<p style=\"text-align: center\">Apr\u00e8s la premi\u00e8re s\u00e9ance, l\u2019inscription doit \u00eatre valid\u00e9e pour assister aux s\u00e9ances suivantes.<\/p>\n<p style=\"text-align: center\">\u00a0L\u2019inscription est valid\u00e9e quand le dossier d\u2019inscription est complet.<\/p>\n<p style=\"text-align: center\"><strong>\u00a0<\/strong><\/p>\n<p style=\"text-align: center\"><strong><u>DOSSIER D\u2019INSCRIPTION<\/u><\/strong><strong> :<\/strong><\/p>\n<p style=\"text-align: center\">Le dossier d&rsquo;inscription comprend les \u00e9l\u00e9ments suivants :<\/p>\n<ul style=\"text-align: center\">\n<li>Une feuille d\u2019inscription obligatoirement remplie et sign\u00e9e le jour de l\u2019inscription.<\/li>\n<\/ul>\n<p style=\"text-align: center\">Toute personne remplissant la fiche d&rsquo;inscription accepte de figurer sur les photos et vid\u00e9os publi\u00e9es par Salsanueva<\/p>\n<p style=\"text-align: center\">Toute personne ne souhaitant pas apparaitre sur les photos et vid\u00e9os doit expr\u00e9ssement le signaler aux membres du bureau.<\/p>\n<p style=\"text-align: center\"><em>(Les parents peuvent autoriser ou non que leur(s) enfant(s) mineur(s) figurent ou non sur les photos publi\u00e9es par Salsanueva)<\/em><\/p>\n<ul style=\"text-align: center\">\n<li>R\u00e8glement financier de l\u2019inscription.<\/li>\n<\/ul>\n<p style=\"text-align: center\">&#8211;<\/p>\n<p style=\"text-align: center\"><strong><u>Article 2: Adh\u00e9sion, cotisations<\/u><\/strong><\/p>\n<p style=\"text-align: center\">Le montant de l\u2019adh\u00e9sion annuelle et de la cotisation annuelle est d\u00e9termin\u00e9 chaque ann\u00e9e par le bureau de la section Salsanueva.<\/p>\n<p style=\"text-align: center\"><strong><u>\u00a0<\/u><\/strong><\/p>\n<p style=\"text-align: center\">Elle comprend :<\/p>\n<ul style=\"text-align: center\">\n<li>Adh\u00e9sion annuelle \u00e0 Salsanueva.<\/li>\n<li>Cotisation annuelle aux adh\u00e9rents pratiquant la danse et suivant les cours.<\/li>\n<\/ul>\n<p style=\"text-align: center\">La totalit\u00e9 de l\u2019adh\u00e9sion annuelle est vers\u00e9e \u00e0 l\u2019inscription.\u00a0 Suivant le souhait de l\u2019adh\u00e9rent, la cotisation correspondant au suivi des cours peut \u00eatre r\u00e9gl\u00e9e en une ou plusieurs fois. Le paiement de la cotisation est le pr\u00e9alable pour assister aux cours, sauf pour la s\u00e9ance d\u2019essai.<\/p>\n<p style=\"text-align: center\">Le premier encaissement \u00e0 lieu obligatoirement d\u00e9but octobre afin de permettre le r\u00e8glement du prestataire venant donner les cours de danse.<\/p>\n<p style=\"text-align: center\">La qualit\u00e9 d\u2019adh\u00e9rent se perd\u00a0:<\/p>\n<ul style=\"text-align: center\">\n<li>par\u00a0la d\u00e9mission,<\/li>\n<li>le d\u00e9c\u00e8s,<\/li>\n<li>par la radiation prononc\u00e9e par le bureau pour infraction au r\u00e8glement int\u00e9rieur ou pour tout autre motif portant pr\u00e9judice aux int\u00e9r\u00eats moraux ou mat\u00e9riels de la section Salsanueva. L\u2019int\u00e9ress\u00e9 pourra faire valoir ses droits \u00e0 la d\u00e9fense aupr\u00e8s du bureau de section.<\/li>\n<\/ul>\n<p style=\"text-align: center\"><strong><u>\u00a0<\/u><\/strong><\/p>\n<p style=\"text-align: center\"><strong><u>Article 3: Responsabilit\u00e9 des mineurs (16 ans r\u00e9volu)<\/u><\/strong><\/p>\n<p style=\"text-align: center\"><strong><u>\u00a0<\/u><\/strong>La section Salsanueva prend en charge la responsabilit\u00e9 des enfants mineurs uniquement durant les s\u00e9ances o\u00f9 ils sont inscrits. En dehors de ces cr\u00e9neaux les enfants sont plac\u00e9s sous la responsabilit\u00e9 de leurs parents. Dans le cadre de son fonctionnement g\u00e9n\u00e9ral, les parents sont tenus d\u2019amener et de r\u00e9cup\u00e9rer leur enfant aux horaires indiqu\u00e9s. Les parents doivent accompagner leur enfant jusqu\u2019\u00e0 l\u2019int\u00e9rieur de la salle et s\u2019assurer de la pr\u00e9sence de l\u2019encadrement technique avant de laisser leur enfant.<\/p>\n<p style=\"text-align: center\">&#8211;<\/p>\n<p style=\"text-align: center\"><strong><u>Article 4\u00a0: Tenue vestimentaire<\/u><\/strong><\/p>\n<p style=\"text-align: center\">Pour tous les pratiquants, il n\u2019est pas exig\u00e9 de tenue vestimentaire particuli\u00e8re durant les s\u00e9ances de cours ou d\u2019entra\u00eenement. Dans le cas d\u2019utilisation d\u2019une salle avec parquet, il pourra \u00eatre demand\u00e9 d\u2019apporter une deuxi\u00e8me paire de chaussures.<\/p>\n<p style=\"text-align: center\"><strong><u>\u00a0<\/u><\/strong><\/p>\n<p style=\"text-align: center\"><strong><u>Article 5: Pr\u00e9sence et comportement<\/u><\/strong><\/p>\n<p style=\"text-align: center\"><strong>Pr\u00e9sence<\/strong><\/p>\n<ul style=\"text-align: center\">\n<li>Pour le bon fonctionnement des cours, une pr\u00e9sence r\u00e9guli\u00e8re est souhait\u00e9e pour suivre l\u2019\u00e9volution des niveaux. Les absences \u00e9ventuelles aux s\u00e9ances, pour quelques raisons que ce soit, n\u2019occasionnent pas de r\u00e9duction, ni de remboursement de la cotisation.<\/li>\n<\/ul>\n<p style=\"text-align: center\"><strong>Comportement<\/strong><\/p>\n<ul style=\"text-align: center\">\n<li>Un comportement respectueux \u00e0 l\u2019\u00e9gard des personnes, du mat\u00e9riel et des locaux est exig\u00e9 de chaque adh\u00e9rent sous peine de sanction pouvant aller jusqu\u2019\u00e0 l\u2019exclusion.<\/li>\n<li>Il est fortement d\u00e9conseill\u00e9 d\u2019amener tout objet de valeur durant les cours. La section Salsanueva d\u00e9cline toute responsabilit\u00e9 en cas de perte ou de vol de quelque nature qu\u2019il soit.<\/li>\n<li>Durant une s\u00e9ance, seule la pr\u00e9sence des pratiquants concern\u00e9s est normalement autoris\u00e9e dans la salle.<\/li>\n<li>Toute autre personne peut assister \u00e0 la s\u00e9ance uniquement sous r\u00e9serve de <u>se pr\u00e9senter<\/u>, d\u2019expliquer la raison de sa pr\u00e9sence, de respecter les lieux et de ne pas entraver le bon fonctionnement des cours.<\/li>\n<\/ul>\n<p style=\"text-align: center\">&#8211;<\/p>\n<p style=\"text-align: center\"><strong><u>L\u2019Etoile Sportive Montoise section Salsanueva\u00a0d\u00e9cline toutes responsabilit\u00e9s en \u00a0cas de non respect du pr\u00e9sent r\u00e8glement<\/u><\/strong><\/p>\n[\/vc_column_text][\/vc_column][\/vc_row]\n<\/section>","protected":false},"excerpt":{"rendered":"<p>[vc_row row_type=\u00a0\u00bbrow\u00a0\u00bb text_align=\u00a0\u00bbleft\u00a0\u00bb css_animation=\u00a0\u00bb\u00a0\u00bb][vc_column][\/vc_column][\/vc_row][vc_row row_type=\u00a0\u00bbrow\u00a0\u00bb text_align=\u00a0\u00bbleft\u00a0\u00bb css_animation=\u00a0\u00bb\u00a0\u00bb][vc_column][vc_column_text] R\u00c8GLEMENT INT\u00c9RIEUR \u00c9TOILE SPORTIVE MONTOISE Section Salsanueva Si\u00e8ge : 30 bis rue Maubec 40 000 MONT-DE-MARSAN Chapitre I : Objet de la section Salsanueva La section Salsanueva de l\u2019Etoile Sportive Montoise a pour objet principal l\u2019enseignement et la&#8230;<\/p>\n","protected":false},"author":1,"featured_media":0,"parent":0,"menu_order":0,"comment_status":"closed","ping_status":"open","template":"","meta":{"footnotes":""},"class_list":["post-3101","page","type-page","status-publish","hentry"],"yoast_head":"<!-- This site is optimized with the Yoast SEO plugin v27.1.1 - https:\/\/yoast.com\/product\/yoast-seo-wordpress\/ -->\n<title>Documents officiels - ESM Salsanueva<\/title>\n<meta name=\"robots\" content=\"index, follow, max-snippet:-1, max-image-preview:large, max-video-preview:-1\" \/>\n<link rel=\"canonical\" href=\"https:\/\/www.etoilesportivemontoise.fr\/salsanueva\/documents-officiels\/\" \/>\n<meta property=\"og:locale\" content=\"fr_FR\" \/>\n<meta property=\"og:type\" content=\"article\" \/>\n<meta property=\"og:title\" content=\"Documents officiels - ESM Salsanueva\" \/>\n<meta property=\"og:description\" content=\"[vc_row row_type=\u00a0\u00bbrow\u00a0\u00bb text_align=\u00a0\u00bbleft\u00a0\u00bb css_animation=\u00a0\u00bb\u00a0\u00bb][vc_column][\/vc_column][\/vc_row][vc_row row_type=\u00a0\u00bbrow\u00a0\u00bb text_align=\u00a0\u00bbleft\u00a0\u00bb css_animation=\u00a0\u00bb\u00a0\u00bb][vc_column][vc_column_text] R\u00c8GLEMENT INT\u00c9RIEUR \u00c9TOILE SPORTIVE MONTOISE Section Salsanueva Si\u00e8ge : 30 bis rue Maubec 40 000 MONT-DE-MARSAN Chapitre I : Objet de la section Salsanueva La section Salsanueva de l\u2019Etoile Sportive Montoise a pour objet principal l\u2019enseignement et la...\" \/>\n<meta property=\"og:url\" content=\"https:\/\/www.etoilesportivemontoise.fr\/salsanueva\/documents-officiels\/\" \/>\n<meta property=\"og:site_name\" content=\"ESM Salsanueva\" \/>\n<meta property=\"article:modified_time\" content=\"2024-03-24T17:31:56+00:00\" \/>\n<meta name=\"twitter:label1\" content=\"Dur\u00e9e de lecture estim\u00e9e\" \/>\n\t<meta name=\"twitter:data1\" content=\"6 minutes\" \/>\n<script type=\"application\/ld+json\" class=\"yoast-schema-graph\">{\"@context\":\"https:\/\/schema.org\",\"@graph\":[{\"@type\":\"WebPage\",\"@id\":\"https:\/\/www.etoilesportivemontoise.fr\/salsanueva\/documents-officiels\/\",\"url\":\"https:\/\/www.etoilesportivemontoise.fr\/salsanueva\/documents-officiels\/\",\"name\":\"Documents officiels - ESM Salsanueva\",\"isPartOf\":{\"@id\":\"https:\/\/www.etoilesportivemontoise.fr\/salsanueva\/#website\"},\"datePublished\":\"2015-01-05T16:27:26+00:00\",\"dateModified\":\"2024-03-24T17:31:56+00:00\",\"breadcrumb\":{\"@id\":\"https:\/\/www.etoilesportivemontoise.fr\/salsanueva\/documents-officiels\/#breadcrumb\"},\"inLanguage\":\"fr-FR\",\"potentialAction\":[{\"@type\":\"ReadAction\",\"target\":[\"https:\/\/www.etoilesportivemontoise.fr\/salsanueva\/documents-officiels\/\"]}]},{\"@type\":\"BreadcrumbList\",\"@id\":\"https:\/\/www.etoilesportivemontoise.fr\/salsanueva\/documents-officiels\/#breadcrumb\",\"itemListElement\":[{\"@type\":\"ListItem\",\"position\":1,\"name\":\"Accueil\",\"item\":\"https:\/\/www.etoilesportivemontoise.fr\/salsanueva\/\"},{\"@type\":\"ListItem\",\"position\":2,\"name\":\"Documents officiels\"}]},{\"@type\":\"WebSite\",\"@id\":\"https:\/\/www.etoilesportivemontoise.fr\/salsanueva\/#website\",\"url\":\"https:\/\/www.etoilesportivemontoise.fr\/salsanueva\/\",\"name\":\"ESM Salsanueva\",\"description\":\"Salsa, Bachata, Kizomba Mont de Marsan\",\"potentialAction\":[{\"@type\":\"SearchAction\",\"target\":{\"@type\":\"EntryPoint\",\"urlTemplate\":\"https:\/\/www.etoilesportivemontoise.fr\/salsanueva\/?s={search_term_string}\"},\"query-input\":{\"@type\":\"PropertyValueSpecification\",\"valueRequired\":true,\"valueName\":\"search_term_string\"}}],\"inLanguage\":\"fr-FR\"}]}<\/script>\n<!-- \/ Yoast SEO plugin. -->","yoast_head_json":{"title":"Documents officiels - ESM Salsanueva","robots":{"index":"index","follow":"follow","max-snippet":"max-snippet:-1","max-image-preview":"max-image-preview:large","max-video-preview":"max-video-preview:-1"},"canonical":"https:\/\/www.etoilesportivemontoise.fr\/salsanueva\/documents-officiels\/","og_locale":"fr_FR","og_type":"article","og_title":"Documents officiels - ESM Salsanueva","og_description":"[vc_row row_type=\u00a0\u00bbrow\u00a0\u00bb text_align=\u00a0\u00bbleft\u00a0\u00bb css_animation=\u00a0\u00bb\u00a0\u00bb][vc_column][\/vc_column][\/vc_row][vc_row row_type=\u00a0\u00bbrow\u00a0\u00bb text_align=\u00a0\u00bbleft\u00a0\u00bb css_animation=\u00a0\u00bb\u00a0\u00bb][vc_column][vc_column_text] R\u00c8GLEMENT INT\u00c9RIEUR \u00c9TOILE SPORTIVE MONTOISE Section Salsanueva Si\u00e8ge : 30 bis rue Maubec 40 000 MONT-DE-MARSAN Chapitre I : Objet de la section Salsanueva La section Salsanueva de l\u2019Etoile Sportive Montoise a pour objet principal l\u2019enseignement et la...","og_url":"https:\/\/www.etoilesportivemontoise.fr\/salsanueva\/documents-officiels\/","og_site_name":"ESM Salsanueva","article_modified_time":"2024-03-24T17:31:56+00:00","twitter_misc":{"Dur\u00e9e de lecture estim\u00e9e":"6 minutes"},"schema":{"@context":"https:\/\/schema.org","@graph":[{"@type":"WebPage","@id":"https:\/\/www.etoilesportivemontoise.fr\/salsanueva\/documents-officiels\/","url":"https:\/\/www.etoilesportivemontoise.fr\/salsanueva\/documents-officiels\/","name":"Documents officiels - ESM Salsanueva","isPartOf":{"@id":"https:\/\/www.etoilesportivemontoise.fr\/salsanueva\/#website"},"datePublished":"2015-01-05T16:27:26+00:00","dateModified":"2024-03-24T17:31:56+00:00","breadcrumb":{"@id":"https:\/\/www.etoilesportivemontoise.fr\/salsanueva\/documents-officiels\/#breadcrumb"},"inLanguage":"fr-FR","potentialAction":[{"@type":"ReadAction","target":["https:\/\/www.etoilesportivemontoise.fr\/salsanueva\/documents-officiels\/"]}]},{"@type":"BreadcrumbList","@id":"https:\/\/www.etoilesportivemontoise.fr\/salsanueva\/documents-officiels\/#breadcrumb","itemListElement":[{"@type":"ListItem","position":1,"name":"Accueil","item":"https:\/\/www.etoilesportivemontoise.fr\/salsanueva\/"},{"@type":"ListItem","position":2,"name":"Documents officiels"}]},{"@type":"WebSite","@id":"https:\/\/www.etoilesportivemontoise.fr\/salsanueva\/#website","url":"https:\/\/www.etoilesportivemontoise.fr\/salsanueva\/","name":"ESM Salsanueva","description":"Salsa, Bachata, Kizomba Mont de Marsan","potentialAction":[{"@type":"SearchAction","target":{"@type":"EntryPoint","urlTemplate":"https:\/\/www.etoilesportivemontoise.fr\/salsanueva\/?s={search_term_string}"},"query-input":{"@type":"PropertyValueSpecification","valueRequired":true,"valueName":"search_term_string"}}],"inLanguage":"fr-FR"}]}},"_links":{"self":[{"href":"https:\/\/www.etoilesportivemontoise.fr\/salsanueva\/wp-json\/wp\/v2\/pages\/3101","targetHints":{"allow":["GET"]}}],"collection":[{"href":"https:\/\/www.etoilesportivemontoise.fr\/salsanueva\/wp-json\/wp\/v2\/pages"}],"about":[{"href":"https:\/\/www.etoilesportivemontoise.fr\/salsanueva\/wp-json\/wp\/v2\/types\/page"}],"author":[{"embeddable":true,"href":"https:\/\/www.etoilesportivemontoise.fr\/salsanueva\/wp-json\/wp\/v2\/users\/1"}],"replies":[{"embeddable":true,"href":"https:\/\/www.etoilesportivemontoise.fr\/salsanueva\/wp-json\/wp\/v2\/comments?post=3101"}],"version-history":[{"count":7,"href":"https:\/\/www.etoilesportivemontoise.fr\/salsanueva\/wp-json\/wp\/v2\/pages\/3101\/revisions"}],"predecessor-version":[{"id":5576,"href":"https:\/\/www.etoilesportivemontoise.fr\/salsanueva\/wp-json\/wp\/v2\/pages\/3101\/revisions\/5576"}],"wp:attachment":[{"href":"https:\/\/www.etoilesportivemontoise.fr\/salsanueva\/wp-json\/wp\/v2\/media?parent=3101"}],"curies":[{"name":"wp","href":"https:\/\/api.w.org\/{rel}","templated":true}]}}