{"id":3117,"date":"2015-01-05T17:55:49","date_gmt":"2015-01-05T16:55:49","guid":{"rendered":"http:\/\/www.etoilesportivemontoise.fr\/football\/?page_id=3117"},"modified":"2025-10-11T14:27:48","modified_gmt":"2025-10-11T14:27:48","slug":"programme-saison","status":"publish","type":"page","link":"https:\/\/www.etoilesportivemontoise.fr\/salsanueva\/programme-saison\/","title":{"rendered":"Programme de la saison 2024\/2025"},"content":{"rendered":"<section class=\"wpb-content-wrapper\">[vc_row row_type=\u00a0\u00bbrow\u00a0\u00bb text_align=\u00a0\u00bbleft\u00a0\u00bb css_animation=\u00a0\u00bb\u00a0\u00bb][vc_column][vc_tabs style=\u00a0\u00bbhorizontal\u00a0\u00bb][vc_tab title=\u00a0\u00bbLundi : Bachata et Salsa mixte cubaine\/porto\u00a0\u00bb tab_id=\u00a0\u00bb1421236054784-5-10&Prime;][vc_row_inner row_type=\u00a0\u00bbrow\u00a0\u00bb text_align=\u00a0\u00bbleft\u00a0\u00bb][vc_column_inner][vc_column_text]\n<h3 style=\"text-align: center\">Votre professeur : Jean-Denis LAKANE<\/h3>\n<h3 style=\"text-align: center\">(Association Danza Mi Pasion \u00e0 Pau)<\/h3>\n<p>&nbsp;<\/p>\n<p>&nbsp;<\/p>\n<p style=\"text-align: center\"><a href=\"https:\/\/www.etoilesportivemontoise.fr\/content\/uploads\/sites\/8\/2023\/07\/361875149_941111893788203_6524253379740551918_n.jpg\"><img loading=\"lazy\" decoding=\"async\" class=\" wp-image-5929 aligncenter\" src=\"https:\/\/www.etoilesportivemontoise.fr\/content\/uploads\/sites\/8\/2023\/07\/361875149_941111893788203_6524253379740551918_n-683x1024.jpg\" alt=\"\" width=\"226\" height=\"339\" srcset=\"https:\/\/www.etoilesportivemontoise.fr\/content\/uploads\/sites\/8\/2023\/07\/361875149_941111893788203_6524253379740551918_n-683x1024.jpg 683w, https:\/\/www.etoilesportivemontoise.fr\/content\/uploads\/sites\/8\/2023\/07\/361875149_941111893788203_6524253379740551918_n-200x300.jpg 200w, https:\/\/www.etoilesportivemontoise.fr\/content\/uploads\/sites\/8\/2023\/07\/361875149_941111893788203_6524253379740551918_n-768x1152.jpg 768w, https:\/\/www.etoilesportivemontoise.fr\/content\/uploads\/sites\/8\/2023\/07\/361875149_941111893788203_6524253379740551918_n-1024x1536.jpg 1024w, https:\/\/www.etoilesportivemontoise.fr\/content\/uploads\/sites\/8\/2023\/07\/361875149_941111893788203_6524253379740551918_n.jpg 1170w\" sizes=\"auto, (max-width: 226px) 100vw, 226px\" \/><\/a><\/p>\n[\/vc_column_text][vc_separator type=\u00a0\u00bbnormal\u00a0\u00bb][vc_empty_space height=\u00a0\u00bb20px\u00a0\u00bb][vc_column_text]Jean-Denis est tomb\u00e9 dans la danse d\u00e8s son jeune \u00e2ge.<\/p>\n<div id=\"page_section_section\" class=\"container-full-width\">\n<div class=\"container\">\n<div class=\"container-fluid\">\n<div id=\"container\" class=\"row-fluid\">\n<div id=\"content\" class=\" span9 content-sidebar-right\">\n<article id=\"post-965\" class=\"post-965 page type-page status-publish hentry\">\n<div class=\"entry-summary\">\n<div class=\"row-fluid\">\n<div class=\"span4\">\n<p>Il a commenc\u00e9 par du hip hop puis \u00e0 d\u00e9couvert le milieu latin.<br \/>\nIl enseigne depuis 23 ans la salsa et 16 ans la bachata.<br \/>\nIl a parcouru de nombreux festivals et sc\u00e8nes en France et \u00e0 l&rsquo;international.<br \/>\nConnu pour son style qui lui est propre et ses jeux de jambes atypiques, il vous enseignera la salsa mixte cubaine\/portoricaine ainsi que de la bachata. La bachata sensuelle, pour laquelle il a \u00e9t\u00e9 form\u00e9 par Korke et Judith, ainsi que la bachata urbaine et la bachata traditionnelle.<br \/>\nSa p\u00e9dagogie saura vous convaincre.<br \/>\nUne seule r\u00e8gle : l&rsquo;envie d&rsquo;apprendre et de s&rsquo;amuser.<\/p>\n<\/div>\n<\/div>\n<\/div>\n<\/article>\n<\/div>\n<\/div>\n<\/div>\n<\/div>\n<\/div>\n[\/vc_column_text][vc_empty_space height=\u00a0\u00bb40px\u00a0\u00bb][vc_separator type=\u00a0\u00bbnormal\u00a0\u00bb][vc_column_text]\n<h3>Horaires et niveaux<\/h3>\n[\/vc_column_text][vc_empty_space height=\u00a0\u00bb40px\u00a0\u00bb][vc_column_text]Tous les lundis (hors vacances scolaires)<\/p>\n<ul>\n<li>18h20 : Bachata d\u00e9butant<\/li>\n<li>19h10 : Bachata interm\u00e9diaire<\/li>\n<li>20h00 : Salsa cubaine interm\u00e9diaire<\/li>\n<li>20h50 : Bachata avanc\u00e9<\/li>\n<li>21h40 : Salsa avanc\u00e9 mixte (base cubaine, mixte porto)<\/li>\n<\/ul>\n<p>&nbsp;<\/p>\n<p><strong><span style=\"text-decoration: underline\">Contenu des diff\u00e9rents niveaux en salsa :<\/span><\/strong><\/p>\n<p>Vous dansez r\u00e9guli\u00e8rement et cherchez un contenu plus complexe et surtout l\u00b4int\u00e9gration du style<\/p>\n<p>&nbsp;<\/p>\n<p><strong><span style=\"text-decoration: underline\">Contenu des diff\u00e9rents niveaux en bachata :<\/span><\/strong><\/p>\n<p style=\"padding-left: 30px\"><strong><span style=\"text-decoration: underline\">D\u00e9butant<\/span> :\u00a0<\/strong><\/p>\n<p style=\"padding-left: 30px\">Vous d\u00e9couvrirez toutes les techniques (pas de base, guidage etc&#8230;) qui vous permettront de danser en toute autonomie<\/p>\n<p style=\"padding-left: 30px\"><strong><span style=\"text-decoration: underline\">Interm\u00e9diaire<\/span><\/strong> : Minimum 1 an de cours et pratique<\/p>\n<p style=\"padding-left: 30px\">Vous dansez d\u00e9j\u00e0 r\u00e9guli\u00e8rement, vous avez une bonne pratique.<\/p>\n<p style=\"padding-left: 30px\">Ce cours renforcera vos acquis (encha\u00eenements, combinaisons en couple ou jeux de jambes) sur tous les styles : sensuel, traditionnel, moderne&#8230;<\/p>\n<p style=\"padding-left: 30px\"><strong><span style=\"text-decoration: underline\">Avanc\u00e9<\/span> : <\/strong>Minimum 3 ans de pratique<\/p>\n<p style=\"padding-left: 30px\">Vous avez une bonne pratique de la bachata : cours, stages. Vous ma\u00eetrisez les techniques de la sensuelle et traditionnelle. L\u2019apprentissage sur ce cours sera plus rapide.<\/p>\n<p>&nbsp;<\/p>\n<p>&nbsp;<\/p>\n<p>&nbsp;<\/p>\n<p style=\"padding-left: 40px\"><span style=\"color: #ff6600\"><strong>REPRISE DES COURS LUNDI 9 SEPTEMBRE 2024<\/strong><\/span><\/p>\n<p style=\"padding-left: 30px\"><span style=\"color: #0000ff\">Adresse de la salle : 30 rue Maubec 40000 MONT-DE-MARSAN<\/span><\/p>\n<p style=\"padding-left: 40px\"><strong>\u00a0<\/strong><\/p>\n[\/vc_column_text][\/vc_column_inner][\/vc_row_inner][vc_row_inner row_type=\u00a0\u00bbrow\u00a0\u00bb text_align=\u00a0\u00bbleft\u00a0\u00bb][vc_column_inner][vc_empty_space height=\u00a0\u00bb40px\u00a0\u00bb][vc_separator type=\u00a0\u00bbnormal\u00a0\u00bb down=\u00a0\u00bb20&Prime; color=\u00a0\u00bb#898989&Prime;][vc_video link=\u00a0\u00bbhttps:\/\/www.facebook.com\/meline.teulier.3\/videos\/2396059514009564\/?t=13&Prime; el_width=\u00a0\u00bb80&Prime; align=\u00a0\u00bbcenter\u00a0\u00bb title=\u00a0\u00bbD\u00e9mo de bachata dominicaine avec M\u00e9line\u00a0\u00bb][vc_facebook type=\u00a0\u00bbbutton_count\u00a0\u00bb][\/vc_column_inner][\/vc_row_inner][vc_row_inner row_type=\u00a0\u00bbrow\u00a0\u00bb text_align=\u00a0\u00bbleft\u00a0\u00bb][vc_column_inner][\/vc_column_inner][\/vc_row_inner][\/vc_tab][vc_tab title=\u00a0\u00bbJeudi : Salsa cubaine, Kizomba, Urbankiz, Kizomba Tradi, Tarraxa&#8230;\u00a0\u00bb tab_id=\u00a0\u00bb1599154637690-4-6&Prime;][vc_row_inner row_type=\u00a0\u00bbrow\u00a0\u00bb text_align=\u00a0\u00bbleft\u00a0\u00bb][vc_column_inner][vc_column_text][\/vc_column_text][\/vc_column_inner][\/vc_row_inner][vc_row_inner row_type=\u00a0\u00bbrow\u00a0\u00bb text_align=\u00a0\u00bbleft\u00a0\u00bb][vc_column_inner][\/vc_column_inner][\/vc_row_inner][\/vc_tab][vc_tab title=\u00a0\u00bbSoir\u00e9es Salsa\/Bachata\/Kizomba\u00a0\u00bb tab_id=\u00a0\u00bb1421236007484-4-7&Prime;][vc_column_text]Bien \u00e9videmment, pour mettre en pratique ce que vous aurez appris en cours et vous permettre de vous lancer dans la danse, nous organisons des stages et soir\u00e9es soir\u00e9es avec des professeurs reconnus et des DJs r\u00e9put\u00e9s.<\/p>\n<p>&nbsp;<\/p>\n<p><span style=\"text-decoration: underline\"><strong>Dates des prochaines soir\u00e9es Salsa\/Bachata\/Kizomba:<\/strong><\/span><\/p>\n<ul>\n<li>16 novembre 2024<\/li>\n<li>A suivre&#8230;<\/li>\n<\/ul>\n[\/vc_column_text][\/vc_tab][\/vc_tabs][\/vc_column][\/vc_row]\n<\/section>","protected":false},"excerpt":{"rendered":"<p>[vc_row row_type=\u00a0\u00bbrow\u00a0\u00bb text_align=\u00a0\u00bbleft\u00a0\u00bb css_animation=\u00a0\u00bb\u00a0\u00bb][vc_column][vc_tabs style=\u00a0\u00bbhorizontal\u00a0\u00bb][vc_tab title=\u00a0\u00bbLundi : Bachata et Salsa mixte cubaine\/porto\u00a0\u00bb tab_id=\u00a0\u00bb1421236054784-5-10&Prime;][vc_row_inner row_type=\u00a0\u00bbrow\u00a0\u00bb text_align=\u00a0\u00bbleft\u00a0\u00bb][vc_column_inner][vc_column_text] Votre professeur : Jean-Denis LAKANE (Association Danza Mi Pasion \u00e0 Pau) &nbsp; &nbsp; [\/vc_column_text][vc_separator type=\u00a0\u00bbnormal\u00a0\u00bb][vc_empty_space height=\u00a0\u00bb20px\u00a0\u00bb][vc_column_text]Jean-Denis est tomb\u00e9 dans la danse d\u00e8s son jeune \u00e2ge. Il a commenc\u00e9 par du&#8230;<\/p>\n","protected":false},"author":1,"featured_media":0,"parent":0,"menu_order":0,"comment_status":"closed","ping_status":"open","template":"","meta":{"footnotes":""},"class_list":["post-3117","page","type-page","status-publish","hentry"],"yoast_head":"<!-- This site is optimized with the Yoast SEO plugin v27.3 - https:\/\/yoast.com\/product\/yoast-seo-wordpress\/ -->\n<title>Programme de la saison 2024\/2025 - ESM Salsanueva<\/title>\n<meta name=\"robots\" content=\"index, follow, max-snippet:-1, max-image-preview:large, max-video-preview:-1\" \/>\n<link rel=\"canonical\" href=\"https:\/\/www.etoilesportivemontoise.fr\/salsanueva\/programme-saison\/\" \/>\n<meta property=\"og:locale\" content=\"fr_FR\" \/>\n<meta property=\"og:type\" content=\"article\" \/>\n<meta property=\"og:title\" content=\"Programme de la saison 2024\/2025 - ESM Salsanueva\" \/>\n<meta property=\"og:description\" content=\"[vc_row row_type=\u00a0\u00bbrow\u00a0\u00bb text_align=\u00a0\u00bbleft\u00a0\u00bb css_animation=\u00a0\u00bb\u00a0\u00bb][vc_column][vc_tabs style=\u00a0\u00bbhorizontal\u00a0\u00bb][vc_tab title=\u00a0\u00bbLundi : Bachata et Salsa mixte cubaine\/porto\u00a0\u00bb tab_id=\u00a0\u00bb1421236054784-5-10&Prime;][vc_row_inner row_type=\u00a0\u00bbrow\u00a0\u00bb text_align=\u00a0\u00bbleft\u00a0\u00bb][vc_column_inner][vc_column_text] Votre professeur : Jean-Denis LAKANE (Association Danza Mi Pasion \u00e0 Pau) &nbsp; &nbsp; [\/vc_column_text][vc_separator type=\u00a0\u00bbnormal\u00a0\u00bb][vc_empty_space height=\u00a0\u00bb20px\u00a0\u00bb][vc_column_text]Jean-Denis est tomb\u00e9 dans la danse d\u00e8s son jeune \u00e2ge. Il a commenc\u00e9 par du...\" \/>\n<meta property=\"og:url\" content=\"https:\/\/www.etoilesportivemontoise.fr\/salsanueva\/programme-saison\/\" \/>\n<meta property=\"og:site_name\" content=\"ESM Salsanueva\" \/>\n<meta property=\"article:modified_time\" content=\"2025-10-11T14:27:48+00:00\" \/>\n<meta property=\"og:image\" content=\"https:\/\/www.etoilesportivemontoise.fr\/content\/uploads\/sites\/8\/2023\/07\/361875149_941111893788203_6524253379740551918_n-683x1024.jpg\" \/>\n<meta name=\"twitter:label1\" content=\"Dur\u00e9e de lecture estim\u00e9e\" \/>\n\t<meta name=\"twitter:data1\" content=\"3 minutes\" \/>\n<script type=\"application\/ld+json\" class=\"yoast-schema-graph\">{\"@context\":\"https:\\\/\\\/schema.org\",\"@graph\":[{\"@type\":\"WebPage\",\"@id\":\"https:\\\/\\\/www.etoilesportivemontoise.fr\\\/salsanueva\\\/programme-saison\\\/\",\"url\":\"https:\\\/\\\/www.etoilesportivemontoise.fr\\\/salsanueva\\\/programme-saison\\\/\",\"name\":\"Programme de la saison 2024\\\/2025 - ESM Salsanueva\",\"isPartOf\":{\"@id\":\"https:\\\/\\\/www.etoilesportivemontoise.fr\\\/salsanueva\\\/#website\"},\"primaryImageOfPage\":{\"@id\":\"https:\\\/\\\/www.etoilesportivemontoise.fr\\\/salsanueva\\\/programme-saison\\\/#primaryimage\"},\"image\":{\"@id\":\"https:\\\/\\\/www.etoilesportivemontoise.fr\\\/salsanueva\\\/programme-saison\\\/#primaryimage\"},\"thumbnailUrl\":\"https:\\\/\\\/www.etoilesportivemontoise.fr\\\/content\\\/uploads\\\/sites\\\/8\\\/2023\\\/07\\\/361875149_941111893788203_6524253379740551918_n-683x1024.jpg\",\"datePublished\":\"2015-01-05T16:55:49+00:00\",\"dateModified\":\"2025-10-11T14:27:48+00:00\",\"breadcrumb\":{\"@id\":\"https:\\\/\\\/www.etoilesportivemontoise.fr\\\/salsanueva\\\/programme-saison\\\/#breadcrumb\"},\"inLanguage\":\"fr-FR\",\"potentialAction\":[{\"@type\":\"ReadAction\",\"target\":[\"https:\\\/\\\/www.etoilesportivemontoise.fr\\\/salsanueva\\\/programme-saison\\\/\"]}]},{\"@type\":\"ImageObject\",\"inLanguage\":\"fr-FR\",\"@id\":\"https:\\\/\\\/www.etoilesportivemontoise.fr\\\/salsanueva\\\/programme-saison\\\/#primaryimage\",\"url\":\"https:\\\/\\\/www.etoilesportivemontoise.fr\\\/content\\\/uploads\\\/sites\\\/8\\\/2023\\\/07\\\/361875149_941111893788203_6524253379740551918_n-683x1024.jpg\",\"contentUrl\":\"https:\\\/\\\/www.etoilesportivemontoise.fr\\\/content\\\/uploads\\\/sites\\\/8\\\/2023\\\/07\\\/361875149_941111893788203_6524253379740551918_n-683x1024.jpg\"},{\"@type\":\"BreadcrumbList\",\"@id\":\"https:\\\/\\\/www.etoilesportivemontoise.fr\\\/salsanueva\\\/programme-saison\\\/#breadcrumb\",\"itemListElement\":[{\"@type\":\"ListItem\",\"position\":1,\"name\":\"Accueil\",\"item\":\"https:\\\/\\\/www.etoilesportivemontoise.fr\\\/salsanueva\\\/\"},{\"@type\":\"ListItem\",\"position\":2,\"name\":\"Programme de la saison 2024\\\/2025\"}]},{\"@type\":\"WebSite\",\"@id\":\"https:\\\/\\\/www.etoilesportivemontoise.fr\\\/salsanueva\\\/#website\",\"url\":\"https:\\\/\\\/www.etoilesportivemontoise.fr\\\/salsanueva\\\/\",\"name\":\"ESM Salsanueva\",\"description\":\"Salsa, Bachata, Kizomba Mont de Marsan\",\"potentialAction\":[{\"@type\":\"SearchAction\",\"target\":{\"@type\":\"EntryPoint\",\"urlTemplate\":\"https:\\\/\\\/www.etoilesportivemontoise.fr\\\/salsanueva\\\/?s={search_term_string}\"},\"query-input\":{\"@type\":\"PropertyValueSpecification\",\"valueRequired\":true,\"valueName\":\"search_term_string\"}}],\"inLanguage\":\"fr-FR\"}]}<\/script>\n<!-- \/ Yoast SEO plugin. -->","yoast_head_json":{"title":"Programme de la saison 2024\/2025 - ESM Salsanueva","robots":{"index":"index","follow":"follow","max-snippet":"max-snippet:-1","max-image-preview":"max-image-preview:large","max-video-preview":"max-video-preview:-1"},"canonical":"https:\/\/www.etoilesportivemontoise.fr\/salsanueva\/programme-saison\/","og_locale":"fr_FR","og_type":"article","og_title":"Programme de la saison 2024\/2025 - ESM Salsanueva","og_description":"[vc_row row_type=\u00a0\u00bbrow\u00a0\u00bb text_align=\u00a0\u00bbleft\u00a0\u00bb css_animation=\u00a0\u00bb\u00a0\u00bb][vc_column][vc_tabs style=\u00a0\u00bbhorizontal\u00a0\u00bb][vc_tab title=\u00a0\u00bbLundi : Bachata et Salsa mixte cubaine\/porto\u00a0\u00bb tab_id=\u00a0\u00bb1421236054784-5-10&Prime;][vc_row_inner row_type=\u00a0\u00bbrow\u00a0\u00bb text_align=\u00a0\u00bbleft\u00a0\u00bb][vc_column_inner][vc_column_text] Votre professeur : Jean-Denis LAKANE (Association Danza Mi Pasion \u00e0 Pau) &nbsp; &nbsp; [\/vc_column_text][vc_separator type=\u00a0\u00bbnormal\u00a0\u00bb][vc_empty_space height=\u00a0\u00bb20px\u00a0\u00bb][vc_column_text]Jean-Denis est tomb\u00e9 dans la danse d\u00e8s son jeune \u00e2ge. Il a commenc\u00e9 par du...","og_url":"https:\/\/www.etoilesportivemontoise.fr\/salsanueva\/programme-saison\/","og_site_name":"ESM Salsanueva","article_modified_time":"2025-10-11T14:27:48+00:00","og_image":[{"url":"https:\/\/www.etoilesportivemontoise.fr\/content\/uploads\/sites\/8\/2023\/07\/361875149_941111893788203_6524253379740551918_n-683x1024.jpg","type":"","width":"","height":""}],"twitter_misc":{"Dur\u00e9e de lecture estim\u00e9e":"3 minutes"},"schema":{"@context":"https:\/\/schema.org","@graph":[{"@type":"WebPage","@id":"https:\/\/www.etoilesportivemontoise.fr\/salsanueva\/programme-saison\/","url":"https:\/\/www.etoilesportivemontoise.fr\/salsanueva\/programme-saison\/","name":"Programme de la saison 2024\/2025 - ESM Salsanueva","isPartOf":{"@id":"https:\/\/www.etoilesportivemontoise.fr\/salsanueva\/#website"},"primaryImageOfPage":{"@id":"https:\/\/www.etoilesportivemontoise.fr\/salsanueva\/programme-saison\/#primaryimage"},"image":{"@id":"https:\/\/www.etoilesportivemontoise.fr\/salsanueva\/programme-saison\/#primaryimage"},"thumbnailUrl":"https:\/\/www.etoilesportivemontoise.fr\/content\/uploads\/sites\/8\/2023\/07\/361875149_941111893788203_6524253379740551918_n-683x1024.jpg","datePublished":"2015-01-05T16:55:49+00:00","dateModified":"2025-10-11T14:27:48+00:00","breadcrumb":{"@id":"https:\/\/www.etoilesportivemontoise.fr\/salsanueva\/programme-saison\/#breadcrumb"},"inLanguage":"fr-FR","potentialAction":[{"@type":"ReadAction","target":["https:\/\/www.etoilesportivemontoise.fr\/salsanueva\/programme-saison\/"]}]},{"@type":"ImageObject","inLanguage":"fr-FR","@id":"https:\/\/www.etoilesportivemontoise.fr\/salsanueva\/programme-saison\/#primaryimage","url":"https:\/\/www.etoilesportivemontoise.fr\/content\/uploads\/sites\/8\/2023\/07\/361875149_941111893788203_6524253379740551918_n-683x1024.jpg","contentUrl":"https:\/\/www.etoilesportivemontoise.fr\/content\/uploads\/sites\/8\/2023\/07\/361875149_941111893788203_6524253379740551918_n-683x1024.jpg"},{"@type":"BreadcrumbList","@id":"https:\/\/www.etoilesportivemontoise.fr\/salsanueva\/programme-saison\/#breadcrumb","itemListElement":[{"@type":"ListItem","position":1,"name":"Accueil","item":"https:\/\/www.etoilesportivemontoise.fr\/salsanueva\/"},{"@type":"ListItem","position":2,"name":"Programme de la saison 2024\/2025"}]},{"@type":"WebSite","@id":"https:\/\/www.etoilesportivemontoise.fr\/salsanueva\/#website","url":"https:\/\/www.etoilesportivemontoise.fr\/salsanueva\/","name":"ESM Salsanueva","description":"Salsa, Bachata, Kizomba Mont de Marsan","potentialAction":[{"@type":"SearchAction","target":{"@type":"EntryPoint","urlTemplate":"https:\/\/www.etoilesportivemontoise.fr\/salsanueva\/?s={search_term_string}"},"query-input":{"@type":"PropertyValueSpecification","valueRequired":true,"valueName":"search_term_string"}}],"inLanguage":"fr-FR"}]}},"_links":{"self":[{"href":"https:\/\/www.etoilesportivemontoise.fr\/salsanueva\/wp-json\/wp\/v2\/pages\/3117","targetHints":{"allow":["GET"]}}],"collection":[{"href":"https:\/\/www.etoilesportivemontoise.fr\/salsanueva\/wp-json\/wp\/v2\/pages"}],"about":[{"href":"https:\/\/www.etoilesportivemontoise.fr\/salsanueva\/wp-json\/wp\/v2\/types\/page"}],"author":[{"embeddable":true,"href":"https:\/\/www.etoilesportivemontoise.fr\/salsanueva\/wp-json\/wp\/v2\/users\/1"}],"replies":[{"embeddable":true,"href":"https:\/\/www.etoilesportivemontoise.fr\/salsanueva\/wp-json\/wp\/v2\/comments?post=3117"}],"version-history":[{"count":199,"href":"https:\/\/www.etoilesportivemontoise.fr\/salsanueva\/wp-json\/wp\/v2\/pages\/3117\/revisions"}],"predecessor-version":[{"id":5981,"href":"https:\/\/www.etoilesportivemontoise.fr\/salsanueva\/wp-json\/wp\/v2\/pages\/3117\/revisions\/5981"}],"wp:attachment":[{"href":"https:\/\/www.etoilesportivemontoise.fr\/salsanueva\/wp-json\/wp\/v2\/media?parent=3117"}],"curies":[{"name":"wp","href":"https:\/\/api.w.org\/{rel}","templated":true}]}}