{"id":1811,"date":"2013-10-17T12:34:47","date_gmt":"2013-10-17T12:34:47","guid":{"rendered":"http:\/\/demo.qodeinteractive.com\/subway\/?page_id=1811"},"modified":"2024-03-24T17:25:44","modified_gmt":"2024-03-24T17:25:44","slug":"home-2","status":"publish","type":"page","link":"https:\/\/www.etoilesportivemontoise.fr\/tennis\/","title":{"rendered":"Accueil"},"content":{"rendered":"<section class=\"wpb-content-wrapper\">[vc_row row_type=\u00a0\u00bbsection\u00a0\u00bb type=\u00a0\u00bbgrid\u00a0\u00bb text_align=\u00a0\u00bbcenter\u00a0\u00bb more_button_label=\u00a0\u00bbMORE FACTS\u00a0\u00bb less_button_label=\u00a0\u00bbLESS FACTS\u00a0\u00bb button_position=\u00a0\u00bbleft\u00a0\u00bb border_color=\u00a0\u00bbtransparent\u00a0\u00bb padding_bottom=\u00a0\u00bb0&Prime; padding_top=\u00a0\u00bb35&Prime;][vc_column width=\u00a0\u00bb1\/1&Prime;][vc_row_inner][vc_column_inner width=\u00a0\u00bb1\/4&Prime;]<div class=\"box_image_with_border\"><div class=\"box_image_holder\"><a href=\"http:\/\/www.etoilesportivemontoise.fr\/tennis\/presentation\/\" target=\"_self\"><span class=\"box_image_shadow\"><\/span><span class=\"image_holder_inner\"><img decoding=\"async\" src=\"https:\/\/www.etoilesportivemontoise.fr\/content\/uploads\/sites\/6\/2013\/10\/handilandes.jpg\" alt=\"LE CLUB\" \/><\/span><span class=\"box_icon\"><span class=\"icon-stack\"><i class=\"icon-circle icon-stack-base\" style=\"color: #ca6f19;\"><\/i><i class=\"icon-group icon-light\"><\/i><\/span><\/span><\/a><\/div><h3 >LE CLUB<\/h3>D\u00e9couvrez\u00a0en quelques chiffres la section tennis.<span class=\"separator transparent\" style=\"margin: 12px 0;\"><\/span><\/div>[\/vc_column_inner][vc_column_inner width=\u00a0\u00bb1\/4&Prime;]<div class=\"box_image_with_border\"><div class=\"box_image_holder\"><a href=\"http:\/\/www.etoilesportivemontoise.fr\/tennis\/horaires-des-entrainements\/\" target=\"\"><span class=\"box_image_shadow\"><\/span><span class=\"image_holder_inner\"><img decoding=\"async\" src=\"https:\/\/www.etoilesportivemontoise.fr\/content\/uploads\/sites\/6\/2013\/10\/en-avant-les-filles.jpg\" alt=\"HORAIRES\" \/><\/span><span class=\"box_icon\"><span class=\"icon-stack\"><i class=\"icon-circle icon-stack-base\" style=\"color: #ca6f19;\"><\/i><i class=\"icon-time icon-light\"><\/i><\/span><\/span><\/a><\/div><h3 >HORAIRES<\/h3>Retrouvez ici les horaires et les tarifs des cours.<span class=\"separator transparent\" style=\"margin: 12px 0;\"><\/span><\/div>[\/vc_column_inner][vc_column_inner width=\u00a0\u00bb1\/4&Prime;]<div class=\"box_image_with_border\"><div class=\"box_image_holder\"><a href=\"http:\/\/www.etoilesportivemontoise.fr\/tennis\/category\/resultats\/\" target=\"\"><span class=\"box_image_shadow\"><\/span><span class=\"image_holder_inner\"><img decoding=\"async\" src=\"https:\/\/www.etoilesportivemontoise.fr\/content\/uploads\/sites\/6\/2013\/10\/nos-actus.jpg\" alt=\"R\u00c9SULTATS \" \/><\/span><span class=\"box_icon\"><span class=\"icon-stack\"><i class=\"icon-circle icon-stack-base\" style=\"color: #ca6f19;\"><\/i><i class=\"icon-trophy icon-light\"><\/i><\/span><\/span><\/a><\/div><h3 >R\u00c9SULTATS <\/h3>D\u00e9couvrez les r\u00e9sultats des\u00a0derniers matchs et tournois.<span class=\"separator transparent\" style=\"margin: 12px 0;\"><\/span><\/div>[\/vc_column_inner][vc_column_inner width=\u00a0\u00bb1\/4&Prime;]<div class=\"box_image_with_border\"><div class=\"box_image_holder\"><a href=\"http:\/\/www.etoilesportivemontoise.fr\/tennis\/blog\/\" target=\"\"><span class=\"box_image_shadow\"><\/span><span class=\"image_holder_inner\"><img decoding=\"async\" src=\"https:\/\/www.etoilesportivemontoise.fr\/content\/uploads\/sites\/6\/2013\/10\/vide-grenier.jpg\" alt=\"NOS ACTUS\" \/><\/span><span class=\"box_icon\"><span class=\"icon-stack\"><i class=\"icon-circle icon-stack-base\" style=\"color: #ca6f19;\"><\/i><i class=\"icon-rss icon-light\"><\/i><\/span><\/span><\/a><\/div><h3 >NOS ACTUS<\/h3>Suivez toutes les actualit\u00e9s de la section tennis !<span class=\"separator transparent\" style=\"margin: 12px 0;\"><\/span><\/div>[\/vc_column_inner][\/vc_row_inner][\/vc_column][\/vc_row][vc_row row_type=\u00a0\u00bbsection\u00a0\u00bb type=\u00a0\u00bbgrid\u00a0\u00bb text_align=\u00a0\u00bbleft\u00a0\u00bb border_color=\u00a0\u00bbtransparent\u00a0\u00bb padding_top=\u00a0\u00bb35&Prime; padding_bottom=\u00a0\u00bb0&Prime;][vc_column width=\u00a0\u00bb1\/2&Prime;][vc_separator type=\u00a0\u00bbtransparent\u00a0\u00bb up=\u00a0\u00bb26&Prime; down=\u00a0\u00bb0&Prime;][vc_column_text]\n<h3>Nos derni\u00e8res\u00a0actus<\/h3>\n[\/vc_column_text][vc_separator type=\u00a0\u00bbnormal\u00a0\u00bb up=\u00a0\u00bb5&Prime; down=\u00a0\u00bb20&Prime;]<div class='latest_post_holder'><ul><li class=\"two\"><div class=\"latest_post\"><a href=\"https:\/\/www.etoilesportivemontoise.fr\/tennis\/2025\/02\/17\/vide-greniers-2025\/\"><\/a><div class=\"latest_post_text\"><div class=\"latest_post_inner\"><span class=\"latest_date\"><span class=\"date\">17<\/span><span class=\"month\">F\u00e9v<\/span><\/span><h4><a href=\"https:\/\/www.etoilesportivemontoise.fr\/tennis\/2025\/02\/17\/vide-greniers-2025\/\">Vide greniers 2025<\/a><\/h4><span class=\"latest_category\">In <a href=\"https:\/\/www.etoilesportivemontoise.fr\/tennis\/category\/actualites\/\">Actualit\u00e9s<\/a>  <a href=\"https:\/\/www.etoilesportivemontoise.fr\/tennis\/category\/evenements\/\">\u00c9v\u00e8nements<\/a> <\/span><\/div><\/div><\/div><\/li><li class=\"two\"><div class=\"latest_post\"><a href=\"https:\/\/www.etoilesportivemontoise.fr\/tennis\/2017\/09\/08\/forum-associations-ca-commence-demain\/\"><\/a><div class=\"latest_post_text\"><div class=\"latest_post_inner\"><span class=\"latest_date\"><span class=\"date\">08<\/span><span class=\"month\">Sep<\/span><\/span><h4><a href=\"https:\/\/www.etoilesportivemontoise.fr\/tennis\/2017\/09\/08\/forum-associations-ca-commence-demain\/\">Forum des Associations, \u00e7a commence demain matin samedi<\/a><\/h4><span class=\"latest_category\">In <a href=\"https:\/\/www.etoilesportivemontoise.fr\/tennis\/category\/actualites\/\">Actualit\u00e9s<\/a> <\/span><\/div><\/div><\/div><\/li><\/ul><\/div>[\/vc_column][vc_column width=\u00a0\u00bb1\/2&Prime;][vc_separator type=\u00a0\u00bbtransparent\u00a0\u00bb up=\u00a0\u00bb26&Prime; down=\u00a0\u00bb0&Prime;][vc_column_text]\n<h3>Nos \u00e9v\u00e8nements<\/h3>\n[\/vc_column_text][vc_separator type=\u00a0\u00bbnormal\u00a0\u00bb up=\u00a0\u00bb5&Prime; down=\u00a0\u00bb20&Prime;]<div class='latest_post_holder'><ul><li class=\"two\"><div class=\"latest_post\"><a href=\"https:\/\/www.etoilesportivemontoise.fr\/tennis\/2025\/02\/17\/vide-greniers-2025\/\"><\/a><div class=\"latest_post_text\"><div class=\"latest_post_inner\"><span class=\"latest_date\"><span class=\"date\">17<\/span><span class=\"month\">F\u00e9v<\/span><\/span><h4><a href=\"https:\/\/www.etoilesportivemontoise.fr\/tennis\/2025\/02\/17\/vide-greniers-2025\/\">Vide greniers 2025<\/a><\/h4><span class=\"latest_category\">In <a href=\"https:\/\/www.etoilesportivemontoise.fr\/tennis\/category\/actualites\/\">Actualit\u00e9s<\/a>  <a href=\"https:\/\/www.etoilesportivemontoise.fr\/tennis\/category\/evenements\/\">\u00c9v\u00e8nements<\/a> <\/span><\/div><\/div><\/div><\/li><li class=\"two\"><div class=\"latest_post\"><a href=\"https:\/\/www.etoilesportivemontoise.fr\/tennis\/2025\/02\/17\/tournoi-esm-2025\/\"><\/a><div class=\"latest_post_text\"><div class=\"latest_post_inner\"><span class=\"latest_date\"><span class=\"date\">17<\/span><span class=\"month\">F\u00e9v<\/span><\/span><h4><a href=\"https:\/\/www.etoilesportivemontoise.fr\/tennis\/2025\/02\/17\/tournoi-esm-2025\/\">Tournoi ESM 2025<\/a><\/h4><span class=\"latest_category\">In <a href=\"https:\/\/www.etoilesportivemontoise.fr\/tennis\/category\/evenements\/\">\u00c9v\u00e8nements<\/a> <\/span><\/div><\/div><\/div><\/li><\/ul><\/div>[\/vc_column][\/vc_row][vc_row row_type=\u00a0\u00bbsection\u00a0\u00bb type=\u00a0\u00bbgrid\u00a0\u00bb text_align=\u00a0\u00bbleft\u00a0\u00bb background_color=\u00a0\u00bb#ca6f19&Prime; padding_top=\u00a0\u00bb20&Prime; padding_bottom=\u00a0\u00bb20&Prime; border_color=\u00a0\u00bb#ca6f19&Prime;][vc_column width=\u00a0\u00bb5\/6&Prime;][vc_column_text]\n<p style=\"text-align: center\"><span class=\"custom_font_holder\" style=\"font-family: Oswald; font-size: 20px; line-height: 37px; font-style: none; font-weight: 300; padding: 0px; margin: 0px; text-align: left;\"><span style=\"color: #ffffff\">Vous voulez rejoindre un club de tennis \u00e0 Mont de Marsan ?<\/span><\/span>\n[\/vc_column_text][\/vc_column][vc_column width=\u00a0\u00bb1\/6&Prime;][vc_row_inner row_type=\u00a0\u00bbrow\u00a0\u00bb type=\u00a0\u00bbgrid\u00a0\u00bb text_align=\u00a0\u00bbright\u00a0\u00bb][vc_column_inner width=\u00a0\u00bb1\/1&Prime;]<a href=\"http:\/\/www.etoilesportivemontoise.fr\/tennis\/contact\/\" target=\"_self\" class=\"qbutton small no_fill\" style=\"color: #ffffff; border-color: #ffffff; \">Contactez-nous !<\/a>[\/vc_column_inner][\/vc_row_inner][\/vc_column][\/vc_row]\n<\/section>","protected":false},"excerpt":{"rendered":"<p>[vc_row row_type=\u00a0\u00bbsection\u00a0\u00bb type=\u00a0\u00bbgrid\u00a0\u00bb text_align=\u00a0\u00bbcenter\u00a0\u00bb more_button_label=\u00a0\u00bbMORE FACTS\u00a0\u00bb less_button_label=\u00a0\u00bbLESS FACTS\u00a0\u00bb button_position=\u00a0\u00bbleft\u00a0\u00bb border_color=\u00a0\u00bbtransparent\u00a0\u00bb padding_bottom=\u00a0\u00bb0&Prime; padding_top=\u00a0\u00bb35&Prime;][vc_column width=\u00a0\u00bb1\/1&Prime;][vc_row_inner][vc_column_inner width=\u00a0\u00bb1\/4&Prime;][\/vc_column_inner][vc_column_inner width=\u00a0\u00bb1\/4&Prime;][\/vc_column_inner][vc_column_inner width=\u00a0\u00bb1\/4&Prime;][\/vc_column_inner][vc_column_inner width=\u00a0\u00bb1\/4&Prime;][\/vc_column_inner][\/vc_row_inner][\/vc_column][\/vc_row][vc_row row_type=\u00a0\u00bbsection\u00a0\u00bb type=\u00a0\u00bbgrid\u00a0\u00bb text_align=\u00a0\u00bbleft\u00a0\u00bb border_color=\u00a0\u00bbtransparent\u00a0\u00bb padding_top=\u00a0\u00bb35&Prime; padding_bottom=\u00a0\u00bb0&Prime;][vc_column width=\u00a0\u00bb1\/2&Prime;][vc_separator type=\u00a0\u00bbtransparent\u00a0\u00bb up=\u00a0\u00bb26&Prime; down=\u00a0\u00bb0&Prime;][vc_column_text] Nos derni\u00e8res\u00a0actus [\/vc_column_text][vc_separator type=\u00a0\u00bbnormal\u00a0\u00bb up=\u00a0\u00bb5&Prime; down=\u00a0\u00bb20&Prime;][\/vc_column][vc_column width=\u00a0\u00bb1\/2&Prime;][vc_separator type=\u00a0\u00bbtransparent\u00a0\u00bb up=\u00a0\u00bb26&Prime; down=\u00a0\u00bb0&Prime;][vc_column_text] Nos \u00e9v\u00e8nements [\/vc_column_text][vc_separator type=\u00a0\u00bbnormal\u00a0\u00bb up=\u00a0\u00bb5&Prime; down=\u00a0\u00bb20&Prime;][\/vc_column][\/vc_row][vc_row row_type=\u00a0\u00bbsection\u00a0\u00bb type=\u00a0\u00bbgrid\u00a0\u00bb&#8230;<\/p>\n","protected":false},"author":1,"featured_media":0,"parent":572,"menu_order":0,"comment_status":"closed","ping_status":"closed","template":"full_width.php","meta":{"footnotes":""},"class_list":["post-1811","page","type-page","status-publish","hentry"],"yoast_head":"<!-- This site is optimized with the Yoast SEO plugin v27.3 - https:\/\/yoast.com\/product\/yoast-seo-wordpress\/ -->\n<title>ESM tennis | Faites du tennis \u00e0 Mont-de-Marsan<\/title>\n<meta name=\"description\" content=\"Vous souhaitez faire du tennis \u00e0 Mont de Marsan, en comp\u00e9tition ou loisir, rejoignez l&#039;ESM. Nous proposons des cours pour tous les \u00e2ges et tous les niveaux.\" \/>\n<meta name=\"robots\" content=\"index, follow, max-snippet:-1, max-image-preview:large, max-video-preview:-1\" \/>\n<link rel=\"canonical\" href=\"https:\/\/www.etoilesportivemontoise.fr\/tennis\/\" \/>\n<meta property=\"og:locale\" content=\"fr_FR\" \/>\n<meta property=\"og:type\" content=\"article\" \/>\n<meta property=\"og:title\" content=\"ESM tennis | Faites du tennis \u00e0 Mont-de-Marsan\" \/>\n<meta property=\"og:description\" content=\"Vous souhaitez faire du tennis \u00e0 Mont de Marsan, en comp\u00e9tition ou loisir, rejoignez l&#039;ESM. Nous proposons des cours pour tous les \u00e2ges et tous les niveaux.\" \/>\n<meta property=\"og:url\" content=\"https:\/\/www.etoilesportivemontoise.fr\/tennis\/\" \/>\n<meta property=\"og:site_name\" content=\"ESM Tennis\" \/>\n<meta property=\"article:modified_time\" content=\"2024-03-24T17:25:44+00:00\" \/>\n<meta name=\"twitter:label1\" content=\"Dur\u00e9e de lecture estim\u00e9e\" \/>\n\t<meta name=\"twitter:data1\" content=\"2 minutes\" \/>\n<script type=\"application\/ld+json\" class=\"yoast-schema-graph\">{\"@context\":\"https:\\\/\\\/schema.org\",\"@graph\":[{\"@type\":\"WebPage\",\"@id\":\"https:\\\/\\\/www.etoilesportivemontoise.fr\\\/tennis\\\/\",\"url\":\"https:\\\/\\\/www.etoilesportivemontoise.fr\\\/tennis\\\/\",\"name\":\"ESM tennis | Faites du tennis \u00e0 Mont-de-Marsan\",\"isPartOf\":{\"@id\":\"https:\\\/\\\/www.etoilesportivemontoise.fr\\\/tennis\\\/#website\"},\"datePublished\":\"2013-10-17T12:34:47+00:00\",\"dateModified\":\"2024-03-24T17:25:44+00:00\",\"description\":\"Vous souhaitez faire du tennis \u00e0 Mont de Marsan, en comp\u00e9tition ou loisir, rejoignez l'ESM. Nous proposons des cours pour tous les \u00e2ges et tous les niveaux.\",\"breadcrumb\":{\"@id\":\"https:\\\/\\\/www.etoilesportivemontoise.fr\\\/tennis\\\/#breadcrumb\"},\"inLanguage\":\"fr-FR\",\"potentialAction\":[{\"@type\":\"ReadAction\",\"target\":[\"https:\\\/\\\/www.etoilesportivemontoise.fr\\\/tennis\\\/\"]}]},{\"@type\":\"BreadcrumbList\",\"@id\":\"https:\\\/\\\/www.etoilesportivemontoise.fr\\\/tennis\\\/#breadcrumb\",\"itemListElement\":[{\"@type\":\"ListItem\",\"position\":1,\"name\":\"Accueil\",\"item\":\"https:\\\/\\\/www.etoilesportivemontoise.fr\\\/tennis\\\/\"},{\"@type\":\"ListItem\",\"position\":2,\"name\":\"Dirigeants de la section tennis\",\"item\":\"https:\\\/\\\/www.etoilesportivemontoise.fr\\\/tennis\\\/dirigeants\\\/\"},{\"@type\":\"ListItem\",\"position\":3,\"name\":\"Accueil\"}]},{\"@type\":\"WebSite\",\"@id\":\"https:\\\/\\\/www.etoilesportivemontoise.fr\\\/tennis\\\/#website\",\"url\":\"https:\\\/\\\/www.etoilesportivemontoise.fr\\\/tennis\\\/\",\"name\":\"ESM Tennis\",\"description\":\"Club Tennis Mont de Marsan\",\"potentialAction\":[{\"@type\":\"SearchAction\",\"target\":{\"@type\":\"EntryPoint\",\"urlTemplate\":\"https:\\\/\\\/www.etoilesportivemontoise.fr\\\/tennis\\\/?s={search_term_string}\"},\"query-input\":{\"@type\":\"PropertyValueSpecification\",\"valueRequired\":true,\"valueName\":\"search_term_string\"}}],\"inLanguage\":\"fr-FR\"}]}<\/script>\n<!-- \/ Yoast SEO plugin. -->","yoast_head_json":{"title":"ESM tennis | Faites du tennis \u00e0 Mont-de-Marsan","description":"Vous souhaitez faire du tennis \u00e0 Mont de Marsan, en comp\u00e9tition ou loisir, rejoignez l'ESM. Nous proposons des cours pour tous les \u00e2ges et tous les niveaux.","robots":{"index":"index","follow":"follow","max-snippet":"max-snippet:-1","max-image-preview":"max-image-preview:large","max-video-preview":"max-video-preview:-1"},"canonical":"https:\/\/www.etoilesportivemontoise.fr\/tennis\/","og_locale":"fr_FR","og_type":"article","og_title":"ESM tennis | Faites du tennis \u00e0 Mont-de-Marsan","og_description":"Vous souhaitez faire du tennis \u00e0 Mont de Marsan, en comp\u00e9tition ou loisir, rejoignez l'ESM. Nous proposons des cours pour tous les \u00e2ges et tous les niveaux.","og_url":"https:\/\/www.etoilesportivemontoise.fr\/tennis\/","og_site_name":"ESM Tennis","article_modified_time":"2024-03-24T17:25:44+00:00","twitter_misc":{"Dur\u00e9e de lecture estim\u00e9e":"2 minutes"},"schema":{"@context":"https:\/\/schema.org","@graph":[{"@type":"WebPage","@id":"https:\/\/www.etoilesportivemontoise.fr\/tennis\/","url":"https:\/\/www.etoilesportivemontoise.fr\/tennis\/","name":"ESM tennis | Faites du tennis \u00e0 Mont-de-Marsan","isPartOf":{"@id":"https:\/\/www.etoilesportivemontoise.fr\/tennis\/#website"},"datePublished":"2013-10-17T12:34:47+00:00","dateModified":"2024-03-24T17:25:44+00:00","description":"Vous souhaitez faire du tennis \u00e0 Mont de Marsan, en comp\u00e9tition ou loisir, rejoignez l'ESM. Nous proposons des cours pour tous les \u00e2ges et tous les niveaux.","breadcrumb":{"@id":"https:\/\/www.etoilesportivemontoise.fr\/tennis\/#breadcrumb"},"inLanguage":"fr-FR","potentialAction":[{"@type":"ReadAction","target":["https:\/\/www.etoilesportivemontoise.fr\/tennis\/"]}]},{"@type":"BreadcrumbList","@id":"https:\/\/www.etoilesportivemontoise.fr\/tennis\/#breadcrumb","itemListElement":[{"@type":"ListItem","position":1,"name":"Accueil","item":"https:\/\/www.etoilesportivemontoise.fr\/tennis\/"},{"@type":"ListItem","position":2,"name":"Dirigeants de la section tennis","item":"https:\/\/www.etoilesportivemontoise.fr\/tennis\/dirigeants\/"},{"@type":"ListItem","position":3,"name":"Accueil"}]},{"@type":"WebSite","@id":"https:\/\/www.etoilesportivemontoise.fr\/tennis\/#website","url":"https:\/\/www.etoilesportivemontoise.fr\/tennis\/","name":"ESM Tennis","description":"Club Tennis Mont de Marsan","potentialAction":[{"@type":"SearchAction","target":{"@type":"EntryPoint","urlTemplate":"https:\/\/www.etoilesportivemontoise.fr\/tennis\/?s={search_term_string}"},"query-input":{"@type":"PropertyValueSpecification","valueRequired":true,"valueName":"search_term_string"}}],"inLanguage":"fr-FR"}]}},"_links":{"self":[{"href":"https:\/\/www.etoilesportivemontoise.fr\/tennis\/wp-json\/wp\/v2\/pages\/1811","targetHints":{"allow":["GET"]}}],"collection":[{"href":"https:\/\/www.etoilesportivemontoise.fr\/tennis\/wp-json\/wp\/v2\/pages"}],"about":[{"href":"https:\/\/www.etoilesportivemontoise.fr\/tennis\/wp-json\/wp\/v2\/types\/page"}],"author":[{"embeddable":true,"href":"https:\/\/www.etoilesportivemontoise.fr\/tennis\/wp-json\/wp\/v2\/users\/1"}],"replies":[{"embeddable":true,"href":"https:\/\/www.etoilesportivemontoise.fr\/tennis\/wp-json\/wp\/v2\/comments?post=1811"}],"version-history":[{"count":10,"href":"https:\/\/www.etoilesportivemontoise.fr\/tennis\/wp-json\/wp\/v2\/pages\/1811\/revisions"}],"predecessor-version":[{"id":4274,"href":"https:\/\/www.etoilesportivemontoise.fr\/tennis\/wp-json\/wp\/v2\/pages\/1811\/revisions\/4274"}],"up":[{"embeddable":true,"href":"https:\/\/www.etoilesportivemontoise.fr\/tennis\/wp-json\/wp\/v2\/pages\/572"}],"wp:attachment":[{"href":"https:\/\/www.etoilesportivemontoise.fr\/tennis\/wp-json\/wp\/v2\/media?parent=1811"}],"curies":[{"name":"wp","href":"https:\/\/api.w.org\/{rel}","templated":true}]}}