{"id":3085,"date":"2015-01-05T16:58:58","date_gmt":"2015-01-05T15:58:58","guid":{"rendered":"http:\/\/www.etoilesportivemontoise.fr\/football\/?page_id=3085"},"modified":"2024-03-24T17:25:48","modified_gmt":"2024-03-24T17:25:48","slug":"presentation","status":"publish","type":"page","link":"https:\/\/www.etoilesportivemontoise.fr\/tennis\/presentation\/","title":{"rendered":"Pr\u00e9sentation"},"content":{"rendered":"<section class=\"wpb-content-wrapper\">[vc_row css=\u00a0\u00bb.vc_custom_1420475133741{margin-bottom: 20px !important;}\u00a0\u00bb row_type=\u00a0\u00bbrow\u00a0\u00bb type=\u00a0\u00bbgrid\u00a0\u00bb text_align=\u00a0\u00bbleft\u00a0\u00bb][vc_column width=\u00a0\u00bb1\/1&Prime;][vc_column_text]\n<h3><span style=\"color: #ca6f19;\">Evolution du nombre d&rsquo;adh\u00e9rents depuis 1999<\/span><\/h3>\n[\/vc_column_text][vc_separator type=\u00a0\u00bbtransparent\u00a0\u00bb up=\u00a0\u00bb10&Prime; down=\u00a0\u00bb10&Prime;][vc_single_image image=\u00a0\u00bb3370&Prime; alignment=\u00a0\u00bbcenter\u00a0\u00bb border_color=\u00a0\u00bbgrey\u00a0\u00bb img_link_target=\u00a0\u00bb_self\u00a0\u00bb img_size=\u00a0\u00bbfull\u00a0\u00bb][vc_separator type=\u00a0\u00bbtransparent\u00a0\u00bb up=\u00a0\u00bb10&Prime; down=\u00a0\u00bb10&Prime;][vc_column_text]\n<h3><span style=\"color: #ca6f19;\">Evolution des effectifs sur les saisons 2010 \u00e0 2012<\/span><\/h3>\n[\/vc_column_text][vc_separator type=\u00a0\u00bbtransparent\u00a0\u00bb up=\u00a0\u00bb10&Prime; down=\u00a0\u00bb10&Prime;][vc_single_image image=\u00a0\u00bb3371&Prime; alignment=\u00a0\u00bbcenter\u00a0\u00bb border_color=\u00a0\u00bbgrey\u00a0\u00bb img_link_target=\u00a0\u00bb_self\u00a0\u00bb img_size=\u00a0\u00bbfull\u00a0\u00bb][vc_separator type=\u00a0\u00bbtransparent\u00a0\u00bb up=\u00a0\u00bb10&Prime; down=\u00a0\u00bb10&Prime;][vc_column_text]\n<h3><span style=\"color: #ca6f19;\">Pyramide des \u00e2ges des adh\u00e9rents sur les deux derni\u00e8res saisons<\/span><\/h3>\n[\/vc_column_text][vc_separator type=\u00a0\u00bbtransparent\u00a0\u00bb up=\u00a0\u00bb10&Prime; down=\u00a0\u00bb10&Prime;][vc_single_image image=\u00a0\u00bb3372&Prime; alignment=\u00a0\u00bbcenter\u00a0\u00bb border_color=\u00a0\u00bbgrey\u00a0\u00bb img_link_target=\u00a0\u00bb_self\u00a0\u00bb img_size=\u00a0\u00bbfull\u00a0\u00bb][vc_separator type=\u00a0\u00bbtransparent\u00a0\u00bb up=\u00a0\u00bb10&Prime; down=\u00a0\u00bb10&Prime;][vc_column_text]\n<h3><span style=\"color: #ca6f19;\">Provenance g\u00e9ographique des adh\u00e9rents<\/span><\/h3>\n[\/vc_column_text][vc_separator type=\u00a0\u00bbtransparent\u00a0\u00bb up=\u00a0\u00bb10&Prime; down=\u00a0\u00bb10&Prime;][vc_single_image image=\u00a0\u00bb3373&Prime; alignment=\u00a0\u00bbcenter\u00a0\u00bb border_color=\u00a0\u00bbgrey\u00a0\u00bb img_link_target=\u00a0\u00bb_self\u00a0\u00bb img_size=\u00a0\u00bbfull\u00a0\u00bb][\/vc_column][\/vc_row]\n<\/section>","protected":false},"excerpt":{"rendered":"<p>[vc_row css=\u00a0\u00bb.vc_custom_1420475133741{margin-bottom: 20px !important;}\u00a0\u00bb row_type=\u00a0\u00bbrow\u00a0\u00bb type=\u00a0\u00bbgrid\u00a0\u00bb text_align=\u00a0\u00bbleft\u00a0\u00bb][vc_column width=\u00a0\u00bb1\/1&Prime;][vc_column_text] Evolution du nombre d&rsquo;adh\u00e9rents depuis 1999 [\/vc_column_text][vc_separator type=\u00a0\u00bbtransparent\u00a0\u00bb up=\u00a0\u00bb10&Prime; down=\u00a0\u00bb10&Prime;][vc_single_image image=\u00a0\u00bb3370&Prime; alignment=\u00a0\u00bbcenter\u00a0\u00bb border_color=\u00a0\u00bbgrey\u00a0\u00bb img_link_target=\u00a0\u00bb_self\u00a0\u00bb img_size=\u00a0\u00bbfull\u00a0\u00bb][vc_separator type=\u00a0\u00bbtransparent\u00a0\u00bb up=\u00a0\u00bb10&Prime; down=\u00a0\u00bb10&Prime;][vc_column_text] Evolution des effectifs sur les saisons 2010 \u00e0 2012 [\/vc_column_text][vc_separator type=\u00a0\u00bbtransparent\u00a0\u00bb up=\u00a0\u00bb10&Prime; down=\u00a0\u00bb10&Prime;][vc_single_image image=\u00a0\u00bb3371&Prime; alignment=\u00a0\u00bbcenter\u00a0\u00bb border_color=\u00a0\u00bbgrey\u00a0\u00bb img_link_target=\u00a0\u00bb_self\u00a0\u00bb img_size=\u00a0\u00bbfull\u00a0\u00bb][vc_separator type=\u00a0\u00bbtransparent\u00a0\u00bb&#8230;<\/p>\n","protected":false},"author":1,"featured_media":0,"parent":0,"menu_order":0,"comment_status":"closed","ping_status":"open","template":"","meta":{"footnotes":""},"class_list":["post-3085","page","type-page","status-publish","hentry"],"yoast_head":"<!-- This site is optimized with the Yoast SEO plugin v27.3 - https:\/\/yoast.com\/product\/yoast-seo-wordpress\/ -->\n<title>Pr\u00e9sentation - ESM Tennis<\/title>\n<meta name=\"robots\" content=\"index, follow, max-snippet:-1, max-image-preview:large, max-video-preview:-1\" \/>\n<link rel=\"canonical\" href=\"https:\/\/www.etoilesportivemontoise.fr\/tennis\/presentation\/\" \/>\n<meta property=\"og:locale\" content=\"fr_FR\" \/>\n<meta property=\"og:type\" content=\"article\" \/>\n<meta property=\"og:title\" content=\"Pr\u00e9sentation - ESM Tennis\" \/>\n<meta property=\"og:description\" content=\"[vc_row css=\u00a0\u00bb.vc_custom_1420475133741{margin-bottom: 20px !important;}\u00a0\u00bb row_type=\u00a0\u00bbrow\u00a0\u00bb type=\u00a0\u00bbgrid\u00a0\u00bb text_align=\u00a0\u00bbleft\u00a0\u00bb][vc_column width=\u00a0\u00bb1\/1&Prime;][vc_column_text] Evolution du nombre d&rsquo;adh\u00e9rents depuis 1999 [\/vc_column_text][vc_separator type=\u00a0\u00bbtransparent\u00a0\u00bb up=\u00a0\u00bb10&Prime; down=\u00a0\u00bb10&Prime;][vc_single_image image=\u00a0\u00bb3370&Prime; alignment=\u00a0\u00bbcenter\u00a0\u00bb border_color=\u00a0\u00bbgrey\u00a0\u00bb img_link_target=\u00a0\u00bb_self\u00a0\u00bb img_size=\u00a0\u00bbfull\u00a0\u00bb][vc_separator type=\u00a0\u00bbtransparent\u00a0\u00bb up=\u00a0\u00bb10&Prime; down=\u00a0\u00bb10&Prime;][vc_column_text] Evolution des effectifs sur les saisons 2010 \u00e0 2012 [\/vc_column_text][vc_separator type=\u00a0\u00bbtransparent\u00a0\u00bb up=\u00a0\u00bb10&Prime; down=\u00a0\u00bb10&Prime;][vc_single_image image=\u00a0\u00bb3371&Prime; alignment=\u00a0\u00bbcenter\u00a0\u00bb border_color=\u00a0\u00bbgrey\u00a0\u00bb img_link_target=\u00a0\u00bb_self\u00a0\u00bb img_size=\u00a0\u00bbfull\u00a0\u00bb][vc_separator type=\u00a0\u00bbtransparent\u00a0\u00bb...\" \/>\n<meta property=\"og:url\" content=\"https:\/\/www.etoilesportivemontoise.fr\/tennis\/presentation\/\" \/>\n<meta property=\"og:site_name\" content=\"ESM Tennis\" \/>\n<meta property=\"article:modified_time\" content=\"2024-03-24T17:25:48+00:00\" \/>\n<meta name=\"twitter:label1\" content=\"Dur\u00e9e de lecture estim\u00e9e\" \/>\n\t<meta name=\"twitter:data1\" content=\"1 minute\" \/>\n<script type=\"application\/ld+json\" class=\"yoast-schema-graph\">{\"@context\":\"https:\\\/\\\/schema.org\",\"@graph\":[{\"@type\":\"WebPage\",\"@id\":\"https:\\\/\\\/www.etoilesportivemontoise.fr\\\/tennis\\\/presentation\\\/\",\"url\":\"https:\\\/\\\/www.etoilesportivemontoise.fr\\\/tennis\\\/presentation\\\/\",\"name\":\"Pr\u00e9sentation - ESM Tennis\",\"isPartOf\":{\"@id\":\"https:\\\/\\\/www.etoilesportivemontoise.fr\\\/tennis\\\/#website\"},\"datePublished\":\"2015-01-05T15:58:58+00:00\",\"dateModified\":\"2024-03-24T17:25:48+00:00\",\"breadcrumb\":{\"@id\":\"https:\\\/\\\/www.etoilesportivemontoise.fr\\\/tennis\\\/presentation\\\/#breadcrumb\"},\"inLanguage\":\"fr-FR\",\"potentialAction\":[{\"@type\":\"ReadAction\",\"target\":[\"https:\\\/\\\/www.etoilesportivemontoise.fr\\\/tennis\\\/presentation\\\/\"]}]},{\"@type\":\"BreadcrumbList\",\"@id\":\"https:\\\/\\\/www.etoilesportivemontoise.fr\\\/tennis\\\/presentation\\\/#breadcrumb\",\"itemListElement\":[{\"@type\":\"ListItem\",\"position\":1,\"name\":\"Accueil\",\"item\":\"https:\\\/\\\/www.etoilesportivemontoise.fr\\\/tennis\\\/\"},{\"@type\":\"ListItem\",\"position\":2,\"name\":\"Pr\u00e9sentation\"}]},{\"@type\":\"WebSite\",\"@id\":\"https:\\\/\\\/www.etoilesportivemontoise.fr\\\/tennis\\\/#website\",\"url\":\"https:\\\/\\\/www.etoilesportivemontoise.fr\\\/tennis\\\/\",\"name\":\"ESM Tennis\",\"description\":\"Club Tennis Mont de Marsan\",\"potentialAction\":[{\"@type\":\"SearchAction\",\"target\":{\"@type\":\"EntryPoint\",\"urlTemplate\":\"https:\\\/\\\/www.etoilesportivemontoise.fr\\\/tennis\\\/?s={search_term_string}\"},\"query-input\":{\"@type\":\"PropertyValueSpecification\",\"valueRequired\":true,\"valueName\":\"search_term_string\"}}],\"inLanguage\":\"fr-FR\"}]}<\/script>\n<!-- \/ Yoast SEO plugin. -->","yoast_head_json":{"title":"Pr\u00e9sentation - ESM Tennis","robots":{"index":"index","follow":"follow","max-snippet":"max-snippet:-1","max-image-preview":"max-image-preview:large","max-video-preview":"max-video-preview:-1"},"canonical":"https:\/\/www.etoilesportivemontoise.fr\/tennis\/presentation\/","og_locale":"fr_FR","og_type":"article","og_title":"Pr\u00e9sentation - ESM Tennis","og_description":"[vc_row css=\u00a0\u00bb.vc_custom_1420475133741{margin-bottom: 20px !important;}\u00a0\u00bb row_type=\u00a0\u00bbrow\u00a0\u00bb type=\u00a0\u00bbgrid\u00a0\u00bb text_align=\u00a0\u00bbleft\u00a0\u00bb][vc_column width=\u00a0\u00bb1\/1&Prime;][vc_column_text] Evolution du nombre d&rsquo;adh\u00e9rents depuis 1999 [\/vc_column_text][vc_separator type=\u00a0\u00bbtransparent\u00a0\u00bb up=\u00a0\u00bb10&Prime; down=\u00a0\u00bb10&Prime;][vc_single_image image=\u00a0\u00bb3370&Prime; alignment=\u00a0\u00bbcenter\u00a0\u00bb border_color=\u00a0\u00bbgrey\u00a0\u00bb img_link_target=\u00a0\u00bb_self\u00a0\u00bb img_size=\u00a0\u00bbfull\u00a0\u00bb][vc_separator type=\u00a0\u00bbtransparent\u00a0\u00bb up=\u00a0\u00bb10&Prime; down=\u00a0\u00bb10&Prime;][vc_column_text] Evolution des effectifs sur les saisons 2010 \u00e0 2012 [\/vc_column_text][vc_separator type=\u00a0\u00bbtransparent\u00a0\u00bb up=\u00a0\u00bb10&Prime; down=\u00a0\u00bb10&Prime;][vc_single_image image=\u00a0\u00bb3371&Prime; alignment=\u00a0\u00bbcenter\u00a0\u00bb border_color=\u00a0\u00bbgrey\u00a0\u00bb img_link_target=\u00a0\u00bb_self\u00a0\u00bb img_size=\u00a0\u00bbfull\u00a0\u00bb][vc_separator type=\u00a0\u00bbtransparent\u00a0\u00bb...","og_url":"https:\/\/www.etoilesportivemontoise.fr\/tennis\/presentation\/","og_site_name":"ESM Tennis","article_modified_time":"2024-03-24T17:25:48+00:00","twitter_misc":{"Dur\u00e9e de lecture estim\u00e9e":"1 minute"},"schema":{"@context":"https:\/\/schema.org","@graph":[{"@type":"WebPage","@id":"https:\/\/www.etoilesportivemontoise.fr\/tennis\/presentation\/","url":"https:\/\/www.etoilesportivemontoise.fr\/tennis\/presentation\/","name":"Pr\u00e9sentation - ESM Tennis","isPartOf":{"@id":"https:\/\/www.etoilesportivemontoise.fr\/tennis\/#website"},"datePublished":"2015-01-05T15:58:58+00:00","dateModified":"2024-03-24T17:25:48+00:00","breadcrumb":{"@id":"https:\/\/www.etoilesportivemontoise.fr\/tennis\/presentation\/#breadcrumb"},"inLanguage":"fr-FR","potentialAction":[{"@type":"ReadAction","target":["https:\/\/www.etoilesportivemontoise.fr\/tennis\/presentation\/"]}]},{"@type":"BreadcrumbList","@id":"https:\/\/www.etoilesportivemontoise.fr\/tennis\/presentation\/#breadcrumb","itemListElement":[{"@type":"ListItem","position":1,"name":"Accueil","item":"https:\/\/www.etoilesportivemontoise.fr\/tennis\/"},{"@type":"ListItem","position":2,"name":"Pr\u00e9sentation"}]},{"@type":"WebSite","@id":"https:\/\/www.etoilesportivemontoise.fr\/tennis\/#website","url":"https:\/\/www.etoilesportivemontoise.fr\/tennis\/","name":"ESM Tennis","description":"Club Tennis Mont de Marsan","potentialAction":[{"@type":"SearchAction","target":{"@type":"EntryPoint","urlTemplate":"https:\/\/www.etoilesportivemontoise.fr\/tennis\/?s={search_term_string}"},"query-input":{"@type":"PropertyValueSpecification","valueRequired":true,"valueName":"search_term_string"}}],"inLanguage":"fr-FR"}]}},"_links":{"self":[{"href":"https:\/\/www.etoilesportivemontoise.fr\/tennis\/wp-json\/wp\/v2\/pages\/3085","targetHints":{"allow":["GET"]}}],"collection":[{"href":"https:\/\/www.etoilesportivemontoise.fr\/tennis\/wp-json\/wp\/v2\/pages"}],"about":[{"href":"https:\/\/www.etoilesportivemontoise.fr\/tennis\/wp-json\/wp\/v2\/types\/page"}],"author":[{"embeddable":true,"href":"https:\/\/www.etoilesportivemontoise.fr\/tennis\/wp-json\/wp\/v2\/users\/1"}],"replies":[{"embeddable":true,"href":"https:\/\/www.etoilesportivemontoise.fr\/tennis\/wp-json\/wp\/v2\/comments?post=3085"}],"version-history":[{"count":3,"href":"https:\/\/www.etoilesportivemontoise.fr\/tennis\/wp-json\/wp\/v2\/pages\/3085\/revisions"}],"predecessor-version":[{"id":4007,"href":"https:\/\/www.etoilesportivemontoise.fr\/tennis\/wp-json\/wp\/v2\/pages\/3085\/revisions\/4007"}],"wp:attachment":[{"href":"https:\/\/www.etoilesportivemontoise.fr\/tennis\/wp-json\/wp\/v2\/media?parent=3085"}],"curies":[{"name":"wp","href":"https:\/\/api.w.org\/{rel}","templated":true}]}}