{"id":3117,"date":"2015-01-05T17:55:49","date_gmt":"2015-01-05T17:55:49","guid":{"rendered":"http:\/\/www.etoilesportivemontoise.fr\/football\/?page_id=3117"},"modified":"2024-03-24T17:25:45","modified_gmt":"2024-03-24T17:25:45","slug":"horaires-et-tarifs","status":"publish","type":"page","link":"https:\/\/www.etoilesportivemontoise.fr\/tennis\/horaires-et-tarifs\/","title":{"rendered":"Horaires et tarifs"},"content":{"rendered":"<section class=\"wpb-content-wrapper\">[vc_row row_type=\u00a0\u00bbrow\u00a0\u00bb text_align=\u00a0\u00bbleft\u00a0\u00bb css_animation=\u00a0\u00bb\u00a0\u00bb][vc_column][vc_column_text]\n<h2>Permanences et heures d&rsquo;ouvertures du club<\/h2>\n[\/vc_column_text][vc_separator type=\u00a0\u00bbnormal\u00a0\u00bb][vc_column_text]\n<ul>\n<li>Lundi de 14h \u00e0 17h00<\/li>\n<li>Mardi de 16h \u00e0 18h<\/li>\n<li>Jeudi de 16h \u00e0 18h<\/li>\n<li>Vendredi de 15h \u00e0 18h<\/li>\n<\/ul>\n[\/vc_column_text][vc_separator type=\u00a0\u00bbtransparent\u00a0\u00bb up=\u00a0\u00bb15&Prime; down=\u00a0\u00bb15&Prime;][\/vc_column][\/vc_row][vc_row row_type=\u00a0\u00bbrow\u00a0\u00bb text_align=\u00a0\u00bbleft\u00a0\u00bb css_animation=\u00a0\u00bb\u00a0\u00bb css=\u00a0\u00bb.vc_custom_1420823872015{margin-bottom: 30px !important;}\u00a0\u00bb][vc_column][vc_column_text]\n<h2>Tarifs<\/h2>\n[\/vc_column_text][vc_separator type=\u00a0\u00bbnormal\u00a0\u00bb down=\u00a0\u00bb30&Prime;][\/vc_column][\/vc_row][vc_row row_type=\u00a0\u00bbrow\u00a0\u00bb text_align=\u00a0\u00bbleft\u00a0\u00bb css_animation=\u00a0\u00bb\u00a0\u00bb][vc_column width=\u00a0\u00bb1\/2&Prime;][vc_column_text css=\u00a0\u00bb.vc_custom_1420823840587{padding-bottom: 20px !important;}\u00a0\u00bb]\n<h3>Jeunes<\/h3>\n[\/vc_column_text][vc_row_inner row_type=\u00a0\u00bbrow\u00a0\u00bb text_align=\u00a0\u00bbleft\u00a0\u00bb][vc_column_inner width=\u00a0\u00bb1\/2&Prime;]<div class='price_table'><div class='price_table_inner'><ul><li class='prices'><div class='price_in_table'><sup class='value'>\u20ac<\/sup><span class='price'>115<\/span><sub class='mark'>\/an<\/sub><\/div><\/li><li class='cell table_title'>Mini tennis, jeunes, \u00e9tudiants<\/li>\n<ul>\n<li>1h de cours\/semaine<\/li>\n<\/ul>\n<li class='price_button'><a class='button' href='http:\/\/www.etoilesportivemontoise.fr\/tennis\/contact\/' target='_self'>S'inscrire<\/a><\/li><\/ul><\/div><\/div>[\/vc_column_inner][vc_column_inner width=\u00a0\u00bb1\/2&Prime;]<div class='price_table'><div class='price_table_inner'><ul><li class='prices'><div class='price_in_table'><sup class='value'>\u20ac<\/sup><span class='price'>120<\/span><sub class='mark'>\/an<\/sub><\/div><\/li><li class='cell table_title'>Ecole de comp\u00e9tition \/ Perfectionnement<\/li>\n<ul>\n<li>2h de cours\/semaine<\/li>\n<\/ul>\n<li class='price_button'><a class='button' href='http:\/\/www.etoilesportivemontoise.fr\/tennis\/contact\/' target='_self'>S'inscrire<\/a><\/li><\/ul><\/div><\/div>[\/vc_column_inner][\/vc_row_inner][\/vc_column][vc_column width=\u00a0\u00bb1\/2&Prime;][vc_column_text css=\u00a0\u00bb.vc_custom_1420823846678{padding-bottom: 20px !important;}\u00a0\u00bb]\n<h3>Adultes<\/h3>\n[\/vc_column_text][vc_row_inner row_type=\u00a0\u00bbrow\u00a0\u00bb text_align=\u00a0\u00bbleft\u00a0\u00bb][vc_column_inner width=\u00a0\u00bb1\/2&Prime;]<div class='price_table'><div class='price_table_inner'><ul><li class='prices'><div class='price_in_table'><sup class='value'>\u20ac<\/sup><span class='price'>115<\/span><sub class='mark'>\/an<\/sub><\/div><\/li><li class='cell table_title'>Cotisation adulte<\/li>\n<ul>\n<li>1h de cours\/semaine pour les d\u00e9butants<\/li>\n<\/ul>\n<li class='price_button'><a class='button' href='http:\/\/www.etoilesportivemontoise.fr\/tennis\/contact\/' target='_self'>S'inscrire<\/a><\/li><\/ul><\/div><\/div>[\/vc_column_inner][vc_column_inner width=\u00a0\u00bb1\/2&Prime;]<div class='price_table'><div class='price_table_inner'><ul><li class='prices'><div class='price_in_table'><sup class='value'>\u20ac<\/sup><span class='price'>145<\/span><sub class='mark'>\/an<\/sub><\/div><\/li><li class='cell table_title'>Ecole de comp\u00e9tition \/ Perfectionnement<\/li>\n<ul>\n<li>1h30 de cours\/semaine<\/li>\n<\/ul>\n<li class='price_button'><a class='button' href='http:\/\/www.etoilesportivemontoise.fr\/tennis\/contact\/' target='_self'>S'inscrire<\/a><\/li><\/ul><\/div><\/div>[\/vc_column_inner][\/vc_row_inner][\/vc_column][\/vc_row][vc_row row_type=\u00a0\u00bbrow\u00a0\u00bb text_align=\u00a0\u00bbleft\u00a0\u00bb css_animation=\u00a0\u00bb\u00a0\u00bb][vc_column width=\u00a0\u00bb1\/2&Prime;][vc_column_text css=\u00a0\u00bb.vc_custom_1420824061358{padding-bottom: 20px !important;}\u00a0\u00bb]\n<h3>Duo<\/h3>\n[\/vc_column_text][vc_row_inner row_type=\u00a0\u00bbrow\u00a0\u00bb text_align=\u00a0\u00bbleft\u00a0\u00bb][vc_column_inner width=\u00a0\u00bb1\/2&Prime;]<div class='price_table'><div class='price_table_inner'><ul><li class='prices'><div class='price_in_table'><sup class='value'>\u20ac<\/sup><span class='price'>220<\/span><sub class='mark'>\/an<\/sub><\/div><\/li><li class='cell table_title'>Duo Enfant Comp\u00e9tition<\/li><li class='price_button'><a class='button' href='http:\/\/www.etoilesportivemontoise.fr\/tennis\/contact\/' target='_self'>S'inscrire<\/a><\/li><\/ul><\/div><\/div>[\/vc_column_inner][vc_column_inner width=\u00a0\u00bb1\/2&Prime;]<div class='price_table'><div class='price_table_inner'><ul><li class='prices'><div class='price_in_table'><sup class='value'>\u20ac<\/sup><span class='price'>190<\/span><sub class='mark'>\/an<\/sub><\/div><\/li><li class='cell table_title'>Duo Enfant<\/li>\n<ul>\n<li>1 en comp\u00e9tition double cours<\/li>\n<li>1 baby tennis ou 1 seul cours<\/li>\n<\/ul>\n<li class='price_button'><a class='button' href='http:\/\/www.etoilesportivemontoise.fr\/tennis\/contact\/' target='_self'>S'inscrire<\/a><\/li><\/ul><\/div><\/div>[\/vc_column_inner][\/vc_row_inner][\/vc_column][vc_column width=\u00a0\u00bb1\/2&Prime;][vc_column_text css=\u00a0\u00bb.vc_custom_1420824067853{padding-bottom: 20px !important;}\u00a0\u00bb]\n<h3>Familles<\/h3>\n[\/vc_column_text][vc_row_inner row_type=\u00a0\u00bbrow\u00a0\u00bb text_align=\u00a0\u00bbleft\u00a0\u00bb][vc_column_inner width=\u00a0\u00bb1\/2&Prime;]<div class='price_table'><div class='price_table_inner'><ul><li class='prices'><div class='price_in_table'><sup class='value'>\u20ac<\/sup><span class='price'>245<\/span><sub class='mark'>\/an<\/sub><\/div><\/li><li class='cell table_title'>3 ou 4 personnes<\/li><li class='price_button'><a class='button' href='http:\/\/www.etoilesportivemontoise.fr\/tennis\/contact\/' target='_self'>S'inscrire<\/a><\/li><\/ul><\/div><\/div>[\/vc_column_inner][vc_column_inner width=\u00a0\u00bb1\/2&Prime;]<div class='price_table'><div class='price_table_inner'><ul><li class='prices'><div class='price_in_table'><sup class='value'>\u20ac<\/sup><span class='price'>165<\/span><sub class='mark'>\/an<\/sub><\/div><\/li><li class='cell table_title'>Couple<\/li><li class='price_button'><a class='button' href='http:\/\/www.etoilesportivemontoise.fr\/tennis\/contact\/' target='_self'>S'inscrire<\/a><\/li><\/ul><\/div><\/div>[\/vc_column_inner][\/vc_row_inner][\/vc_column][\/vc_row]\n<\/section>","protected":false},"excerpt":{"rendered":"<p>[vc_row row_type=\u00a0\u00bbrow\u00a0\u00bb text_align=\u00a0\u00bbleft\u00a0\u00bb css_animation=\u00a0\u00bb\u00a0\u00bb][vc_column][vc_column_text] Permanences et heures d&rsquo;ouvertures du club [\/vc_column_text][vc_separator type=\u00a0\u00bbnormal\u00a0\u00bb][vc_column_text] Lundi de 14h \u00e0 17h00 Mardi de 16h \u00e0 18h Jeudi de 16h \u00e0 18h Vendredi de 15h \u00e0 18h [\/vc_column_text][vc_separator type=\u00a0\u00bbtransparent\u00a0\u00bb up=\u00a0\u00bb15&Prime; down=\u00a0\u00bb15&Prime;][\/vc_column][\/vc_row][vc_row row_type=\u00a0\u00bbrow\u00a0\u00bb text_align=\u00a0\u00bbleft\u00a0\u00bb css_animation=\u00a0\u00bb\u00a0\u00bb css=\u00a0\u00bb.vc_custom_1420823872015{margin-bottom: 30px !important;}\u00a0\u00bb][vc_column][vc_column_text] Tarifs [\/vc_column_text][vc_separator type=\u00a0\u00bbnormal\u00a0\u00bb&#8230;<\/p>\n","protected":false},"author":1,"featured_media":0,"parent":0,"menu_order":0,"comment_status":"closed","ping_status":"closed","template":"","meta":{"footnotes":""},"class_list":["post-3117","page","type-page","status-publish","hentry"],"yoast_head":"<!-- This site is optimized with the Yoast SEO plugin v27.3 - https:\/\/yoast.com\/product\/yoast-seo-wordpress\/ -->\n<title>Horaires et tarifs - ESM Tennis<\/title>\n<meta name=\"robots\" content=\"index, follow, max-snippet:-1, max-image-preview:large, max-video-preview:-1\" \/>\n<link rel=\"canonical\" href=\"https:\/\/www.etoilesportivemontoise.fr\/tennis\/horaires-et-tarifs\/\" \/>\n<meta property=\"og:locale\" content=\"fr_FR\" \/>\n<meta property=\"og:type\" content=\"article\" \/>\n<meta property=\"og:title\" content=\"Horaires et tarifs - ESM Tennis\" \/>\n<meta property=\"og:description\" content=\"[vc_row row_type=\u00a0\u00bbrow\u00a0\u00bb text_align=\u00a0\u00bbleft\u00a0\u00bb css_animation=\u00a0\u00bb\u00a0\u00bb][vc_column][vc_column_text] Permanences et heures d&rsquo;ouvertures du club [\/vc_column_text][vc_separator type=\u00a0\u00bbnormal\u00a0\u00bb][vc_column_text] Lundi de 14h \u00e0 17h00 Mardi de 16h \u00e0 18h Jeudi de 16h \u00e0 18h Vendredi de 15h \u00e0 18h [\/vc_column_text][vc_separator type=\u00a0\u00bbtransparent\u00a0\u00bb up=\u00a0\u00bb15&Prime; down=\u00a0\u00bb15&Prime;][\/vc_column][\/vc_row][vc_row row_type=\u00a0\u00bbrow\u00a0\u00bb text_align=\u00a0\u00bbleft\u00a0\u00bb css_animation=\u00a0\u00bb\u00a0\u00bb css=\u00a0\u00bb.vc_custom_1420823872015{margin-bottom: 30px !important;}\u00a0\u00bb][vc_column][vc_column_text] Tarifs [\/vc_column_text][vc_separator type=\u00a0\u00bbnormal\u00a0\u00bb...\" \/>\n<meta property=\"og:url\" content=\"https:\/\/www.etoilesportivemontoise.fr\/tennis\/horaires-et-tarifs\/\" \/>\n<meta property=\"og:site_name\" content=\"ESM Tennis\" \/>\n<meta property=\"article:modified_time\" content=\"2024-03-24T17:25:45+00:00\" \/>\n<meta name=\"twitter:label1\" content=\"Dur\u00e9e de lecture estim\u00e9e\" \/>\n\t<meta name=\"twitter:data1\" content=\"3 minutes\" \/>\n<script type=\"application\/ld+json\" class=\"yoast-schema-graph\">{\"@context\":\"https:\\\/\\\/schema.org\",\"@graph\":[{\"@type\":\"WebPage\",\"@id\":\"https:\\\/\\\/www.etoilesportivemontoise.fr\\\/tennis\\\/horaires-et-tarifs\\\/\",\"url\":\"https:\\\/\\\/www.etoilesportivemontoise.fr\\\/tennis\\\/horaires-et-tarifs\\\/\",\"name\":\"Horaires et tarifs - ESM Tennis\",\"isPartOf\":{\"@id\":\"https:\\\/\\\/www.etoilesportivemontoise.fr\\\/tennis\\\/#website\"},\"datePublished\":\"2015-01-05T17:55:49+00:00\",\"dateModified\":\"2024-03-24T17:25:45+00:00\",\"breadcrumb\":{\"@id\":\"https:\\\/\\\/www.etoilesportivemontoise.fr\\\/tennis\\\/horaires-et-tarifs\\\/#breadcrumb\"},\"inLanguage\":\"fr-FR\",\"potentialAction\":[{\"@type\":\"ReadAction\",\"target\":[\"https:\\\/\\\/www.etoilesportivemontoise.fr\\\/tennis\\\/horaires-et-tarifs\\\/\"]}]},{\"@type\":\"BreadcrumbList\",\"@id\":\"https:\\\/\\\/www.etoilesportivemontoise.fr\\\/tennis\\\/horaires-et-tarifs\\\/#breadcrumb\",\"itemListElement\":[{\"@type\":\"ListItem\",\"position\":1,\"name\":\"Accueil\",\"item\":\"https:\\\/\\\/www.etoilesportivemontoise.fr\\\/tennis\\\/\"},{\"@type\":\"ListItem\",\"position\":2,\"name\":\"Horaires et tarifs\"}]},{\"@type\":\"WebSite\",\"@id\":\"https:\\\/\\\/www.etoilesportivemontoise.fr\\\/tennis\\\/#website\",\"url\":\"https:\\\/\\\/www.etoilesportivemontoise.fr\\\/tennis\\\/\",\"name\":\"ESM Tennis\",\"description\":\"Club Tennis Mont de Marsan\",\"potentialAction\":[{\"@type\":\"SearchAction\",\"target\":{\"@type\":\"EntryPoint\",\"urlTemplate\":\"https:\\\/\\\/www.etoilesportivemontoise.fr\\\/tennis\\\/?s={search_term_string}\"},\"query-input\":{\"@type\":\"PropertyValueSpecification\",\"valueRequired\":true,\"valueName\":\"search_term_string\"}}],\"inLanguage\":\"fr-FR\"}]}<\/script>\n<!-- \/ Yoast SEO plugin. -->","yoast_head_json":{"title":"Horaires et tarifs - ESM Tennis","robots":{"index":"index","follow":"follow","max-snippet":"max-snippet:-1","max-image-preview":"max-image-preview:large","max-video-preview":"max-video-preview:-1"},"canonical":"https:\/\/www.etoilesportivemontoise.fr\/tennis\/horaires-et-tarifs\/","og_locale":"fr_FR","og_type":"article","og_title":"Horaires et tarifs - ESM Tennis","og_description":"[vc_row row_type=\u00a0\u00bbrow\u00a0\u00bb text_align=\u00a0\u00bbleft\u00a0\u00bb css_animation=\u00a0\u00bb\u00a0\u00bb][vc_column][vc_column_text] Permanences et heures d&rsquo;ouvertures du club [\/vc_column_text][vc_separator type=\u00a0\u00bbnormal\u00a0\u00bb][vc_column_text] Lundi de 14h \u00e0 17h00 Mardi de 16h \u00e0 18h Jeudi de 16h \u00e0 18h Vendredi de 15h \u00e0 18h [\/vc_column_text][vc_separator type=\u00a0\u00bbtransparent\u00a0\u00bb up=\u00a0\u00bb15&Prime; down=\u00a0\u00bb15&Prime;][\/vc_column][\/vc_row][vc_row row_type=\u00a0\u00bbrow\u00a0\u00bb text_align=\u00a0\u00bbleft\u00a0\u00bb css_animation=\u00a0\u00bb\u00a0\u00bb css=\u00a0\u00bb.vc_custom_1420823872015{margin-bottom: 30px !important;}\u00a0\u00bb][vc_column][vc_column_text] Tarifs [\/vc_column_text][vc_separator type=\u00a0\u00bbnormal\u00a0\u00bb...","og_url":"https:\/\/www.etoilesportivemontoise.fr\/tennis\/horaires-et-tarifs\/","og_site_name":"ESM Tennis","article_modified_time":"2024-03-24T17:25:45+00:00","twitter_misc":{"Dur\u00e9e de lecture estim\u00e9e":"3 minutes"},"schema":{"@context":"https:\/\/schema.org","@graph":[{"@type":"WebPage","@id":"https:\/\/www.etoilesportivemontoise.fr\/tennis\/horaires-et-tarifs\/","url":"https:\/\/www.etoilesportivemontoise.fr\/tennis\/horaires-et-tarifs\/","name":"Horaires et tarifs - ESM Tennis","isPartOf":{"@id":"https:\/\/www.etoilesportivemontoise.fr\/tennis\/#website"},"datePublished":"2015-01-05T17:55:49+00:00","dateModified":"2024-03-24T17:25:45+00:00","breadcrumb":{"@id":"https:\/\/www.etoilesportivemontoise.fr\/tennis\/horaires-et-tarifs\/#breadcrumb"},"inLanguage":"fr-FR","potentialAction":[{"@type":"ReadAction","target":["https:\/\/www.etoilesportivemontoise.fr\/tennis\/horaires-et-tarifs\/"]}]},{"@type":"BreadcrumbList","@id":"https:\/\/www.etoilesportivemontoise.fr\/tennis\/horaires-et-tarifs\/#breadcrumb","itemListElement":[{"@type":"ListItem","position":1,"name":"Accueil","item":"https:\/\/www.etoilesportivemontoise.fr\/tennis\/"},{"@type":"ListItem","position":2,"name":"Horaires et tarifs"}]},{"@type":"WebSite","@id":"https:\/\/www.etoilesportivemontoise.fr\/tennis\/#website","url":"https:\/\/www.etoilesportivemontoise.fr\/tennis\/","name":"ESM Tennis","description":"Club Tennis Mont de Marsan","potentialAction":[{"@type":"SearchAction","target":{"@type":"EntryPoint","urlTemplate":"https:\/\/www.etoilesportivemontoise.fr\/tennis\/?s={search_term_string}"},"query-input":{"@type":"PropertyValueSpecification","valueRequired":true,"valueName":"search_term_string"}}],"inLanguage":"fr-FR"}]}},"_links":{"self":[{"href":"https:\/\/www.etoilesportivemontoise.fr\/tennis\/wp-json\/wp\/v2\/pages\/3117","targetHints":{"allow":["GET"]}}],"collection":[{"href":"https:\/\/www.etoilesportivemontoise.fr\/tennis\/wp-json\/wp\/v2\/pages"}],"about":[{"href":"https:\/\/www.etoilesportivemontoise.fr\/tennis\/wp-json\/wp\/v2\/types\/page"}],"author":[{"embeddable":true,"href":"https:\/\/www.etoilesportivemontoise.fr\/tennis\/wp-json\/wp\/v2\/users\/1"}],"replies":[{"embeddable":true,"href":"https:\/\/www.etoilesportivemontoise.fr\/tennis\/wp-json\/wp\/v2\/comments?post=3117"}],"version-history":[{"count":8,"href":"https:\/\/www.etoilesportivemontoise.fr\/tennis\/wp-json\/wp\/v2\/pages\/3117\/revisions"}],"predecessor-version":[{"id":4065,"href":"https:\/\/www.etoilesportivemontoise.fr\/tennis\/wp-json\/wp\/v2\/pages\/3117\/revisions\/4065"}],"wp:attachment":[{"href":"https:\/\/www.etoilesportivemontoise.fr\/tennis\/wp-json\/wp\/v2\/media?parent=3117"}],"curies":[{"name":"wp","href":"https:\/\/api.w.org\/{rel}","templated":true}]}}